{"id":89301,"date":"2024-11-25T12:25:39","date_gmt":"2024-11-25T12:25:39","guid":{"rendered":"https:\/\/www.gantner-instruments.com\/support-et-telechargements\/videos-pratiques\/"},"modified":"2025-03-04T16:50:58","modified_gmt":"2025-03-04T16:50:58","slug":"videos-pratiques","status":"publish","type":"page","link":"https:\/\/www.gantner-instruments.com\/fr\/support-et-telechargements\/videos-pratiques\/","title":{"rendered":"Vid\u00e9os pratiques"},"content":{"rendered":"\t\t<div data-elementor-type=\"wp-page\" data-elementor-id=\"89301\" class=\"elementor elementor-89301 elementor-88524\" data-elementor-post-type=\"page\">\n\t\t\t\t\t\t<section class=\"elementor-section elementor-top-section elementor-element elementor-element-7d97fa7 elementor-section-full_width elementor-section-height-full _coverSection _imageMedium elementor-section-height-default elementor-section-items-middle\" data-id=\"7d97fa7\" data-element_type=\"section\" data-e-type=\"section\" data-settings=\"{&quot;background_background&quot;:&quot;classic&quot;}\">\n\t\t\t\t\t\t<div class=\"elementor-container elementor-column-gap-default\">\n\t\t\t\t\t<div class=\"elementor-column elementor-col-100 elementor-top-column elementor-element elementor-element-5b8b125\" data-id=\"5b8b125\" data-element_type=\"column\" data-e-type=\"column\">\n\t\t\t<div class=\"elementor-widget-wrap elementor-element-populated\">\n\t\t\t\t\t\t<section class=\"elementor-section elementor-inner-section elementor-element elementor-element-9d6c134 elementor-section-full_width elementor-section-height-full elementor-section-height-default\" data-id=\"9d6c134\" data-element_type=\"section\" data-e-type=\"section\">\n\t\t\t\t\t\t<div class=\"elementor-container elementor-column-gap-default\">\n\t\t\t\t\t<div class=\"elementor-column elementor-col-100 elementor-inner-column elementor-element elementor-element-520e691\" data-id=\"520e691\" data-element_type=\"column\" data-e-type=\"column\" data-settings=\"{&quot;background_background&quot;:&quot;classic&quot;,&quot;background_motion_fx_motion_fx_scrolling&quot;:&quot;yes&quot;,&quot;background_motion_fx_scale_effect&quot;:&quot;yes&quot;,&quot;background_motion_fx_scale_speed&quot;:{&quot;unit&quot;:&quot;px&quot;,&quot;size&quot;:10,&quot;sizes&quot;:[]},&quot;background_motion_fx_scale_range&quot;:{&quot;unit&quot;:&quot;%&quot;,&quot;size&quot;:&quot;&quot;,&quot;sizes&quot;:{&quot;start&quot;:50,&quot;end&quot;:100}},&quot;background_motion_fx_scale_direction&quot;:&quot;out-in&quot;,&quot;background_motion_fx_devices&quot;:[&quot;desktop&quot;,&quot;tablet&quot;,&quot;mobile&quot;]}\">\n\t\t\t<div class=\"elementor-widget-wrap elementor-element-populated\">\n\t\t\t\t\t\t<div class=\"elementor-element elementor-element-f7a1b86 elementor-widget elementor-widget-heading\" data-id=\"f7a1b86\" data-element_type=\"widget\" data-e-type=\"widget\" data-widget_type=\"heading.default\">\n\t\t\t\t<div class=\"elementor-widget-container\">\n\t\t\t\t\t<h1 class=\"elementor-heading-title elementor-size-default\">Vid\u00e9os pratiques<\/h1>\t\t\t\t<\/div>\n\t\t\t\t<\/div>\n\t\t\t\t\t<\/div>\n\t\t<\/div>\n\t\t\t\t\t<\/div>\n\t\t<\/section>\n\t\t\t\t\t<\/div>\n\t\t<\/div>\n\t\t\t\t\t<\/div>\n\t\t<\/section>\n\t\t\t\t<section class=\"elementor-section elementor-top-section elementor-element elementor-element-43f2232 elementor-section-full_width elementor-section-height-default elementor-section-height-default\" data-id=\"43f2232\" data-element_type=\"section\" data-e-type=\"section\">\n\t\t\t\t\t\t<div class=\"elementor-container elementor-column-gap-default\">\n\t\t\t\t\t<div class=\"elementor-column elementor-col-50 elementor-top-column elementor-element elementor-element-e179629\" data-id=\"e179629\" data-element_type=\"column\" data-e-type=\"column\" data-settings=\"{&quot;background_background&quot;:&quot;classic&quot;}\">\n\t\t\t<div class=\"elementor-widget-wrap elementor-element-populated\">\n\t\t\t\t\t\t<div class=\"elementor-element elementor-element-f2f785d elementor-widget__width-initial elementor-widget elementor-widget-text-editor\" data-id=\"f2f785d\" data-element_type=\"widget\" data-e-type=\"widget\" data-widget_type=\"text-editor.default\">\n\t\t\t\t<div class=\"elementor-widget-container\">\n\t\t\t\t\t\t\t\t\t<p>Vous trouverez ici une s\u00e9lection de vid\u00e9os pratiques con\u00e7ues pour vous aider \u00e0 exploiter tout le potentiel de nos solutions de mesure de pointe. Qu&#8217;il s&#8217;agisse de configurer un nouveau mat\u00e9riel, d&#8217;explorer les fonctionnalit\u00e9s d&#8217;un logiciel ou de r\u00e9soudre des probl\u00e8mes techniques, nos vid\u00e9os fournissent des conseils \u00e9tape par \u00e9tape, adapt\u00e9s aux ing\u00e9nieurs et aux professionnels techniques comme vous. <\/p><\/p>\n\t\t\t\t\t\t\t\t<\/div>\n\t\t\t\t<\/div>\n\t\t\t\t\t<\/div>\n\t\t<\/div>\n\t\t\t\t<div class=\"elementor-column elementor-col-50 elementor-top-column elementor-element elementor-element-bc5be2a\" data-id=\"bc5be2a\" data-element_type=\"column\" data-e-type=\"column\">\n\t\t\t<div class=\"elementor-widget-wrap\">\n\t\t\t\t\t\t\t<\/div>\n\t\t<\/div>\n\t\t\t\t\t<\/div>\n\t\t<\/section>\n\t\t\t\t<section class=\"elementor-section elementor-top-section elementor-element elementor-element-fd888a9 elementor-section-boxed elementor-section-height-default elementor-section-height-default\" data-id=\"fd888a9\" data-element_type=\"section\" data-e-type=\"section\" id=\"GI.knowledgebase\">\n\t\t\t\t\t\t<div class=\"elementor-container elementor-column-gap-default\">\n\t\t\t\t\t<div class=\"elementor-column elementor-col-50 elementor-top-column elementor-element elementor-element-47c7439\" data-id=\"47c7439\" data-element_type=\"column\" data-e-type=\"column\">\n\t\t\t<div class=\"elementor-widget-wrap elementor-element-populated\">\n\t\t\t\t\t\t<div class=\"elementor-element elementor-element-c1baa74 elementor-widget elementor-widget-image\" data-id=\"c1baa74\" data-element_type=\"widget\" data-e-type=\"widget\" data-widget_type=\"image.default\">\n\t\t\t\t<div class=\"elementor-widget-container\">\n\t\t\t\t\t\t\t\t\t\t\t\t\t\t\t<img decoding=\"async\" width=\"150\" height=\"150\" src=\"https:\/\/www.gantner-instruments.com\/wp-content\/uploads\/2024\/11\/gi-academy-150x150.png\" class=\"attachment-thumbnail size-thumbnail wp-image-88538\" alt=\"GI.academy_150x150\" \/>\t\t\t\t\t\t\t\t\t\t\t\t\t\t\t<\/div>\n\t\t\t\t<\/div>\n\t\t\t\t\t<\/div>\n\t\t<\/div>\n\t\t\t\t<div class=\"elementor-column elementor-col-50 elementor-top-column elementor-element elementor-element-1d24a50\" data-id=\"1d24a50\" data-element_type=\"column\" data-e-type=\"column\">\n\t\t\t<div class=\"elementor-widget-wrap elementor-element-populated\">\n\t\t\t\t\t\t<div class=\"elementor-element elementor-element-a7612a3 elementor-widget elementor-widget-heading\" data-id=\"a7612a3\" data-element_type=\"widget\" data-e-type=\"widget\" data-widget_type=\"heading.default\">\n\t\t\t\t<div class=\"elementor-widget-container\">\n\t\t\t\t\t<h3 class=\"elementor-heading-title elementor-size-default\">Pourquoi explorer nos vid\u00e9os \"Comment faire\" ?<\/h3>\t\t\t\t<\/div>\n\t\t\t\t<\/div>\n\t\t\t\t<div class=\"elementor-element elementor-element-9752c96 elementor-widget__width-initial elementor-widget elementor-widget-text-editor\" data-id=\"9752c96\" data-element_type=\"widget\" data-e-type=\"widget\" data-widget_type=\"text-editor.default\">\n\t\t\t\t<div class=\"elementor-widget-container\">\n\t\t\t\t\t\t\t\t\t<ul>\n<li><strong>Conseils d&#8217;experts :<\/strong> Apprenez directement des experts qui con\u00e7oivent et construisent nos syst\u00e8mes.<\/li>\n<li><strong>Instructions pas \u00e0 pas :<\/strong> Suivez facilement les instructions pour configurer, optimiser et entretenir vos produits Gantner Instruments.<\/li>\n<li><strong>Acc\u00e8s \u00e0 la demande :<\/strong> Trouvez les r\u00e9ponses \u00e0 vos questions \u00e0 tout moment, o\u00f9 que vous soyez.<\/li>\n<\/ul>\n\t\t\t\t\t\t\t\t<\/div>\n\t\t\t\t<\/div>\n\t\t\t\t\t<\/div>\n\t\t<\/div>\n\t\t\t\t\t<\/div>\n\t\t<\/section>\n\t\t\t\t<section class=\"elementor-section elementor-top-section elementor-element elementor-element-cf32db8 elementor-section-boxed elementor-section-height-default elementor-section-height-default\" data-id=\"cf32db8\" data-element_type=\"section\" data-e-type=\"section\" id=\"videos\">\n\t\t\t\t\t\t<div class=\"elementor-container elementor-column-gap-default\">\n\t\t\t\t\t<div class=\"elementor-column elementor-col-50 elementor-top-column elementor-element elementor-element-fd4ea52\" data-id=\"fd4ea52\" data-element_type=\"column\" data-e-type=\"column\">\n\t\t\t<div class=\"elementor-widget-wrap elementor-element-populated\">\n\t\t\t\t\t\t<div class=\"elementor-element elementor-element-d0a203a elementor-widget elementor-widget-image\" data-id=\"d0a203a\" data-element_type=\"widget\" data-e-type=\"widget\" data-widget_type=\"image.default\">\n\t\t\t\t<div class=\"elementor-widget-container\">\n\t\t\t\t\t\t\t\t\t\t\t\t\t\t\t<img decoding=\"async\" width=\"150\" height=\"150\" src=\"https:\/\/www.gantner-instruments.com\/wp-content\/uploads\/2023\/01\/GI.academy_Video_draft-150x150.png\" class=\"attachment-thumbnail size-thumbnail wp-image-54766\" alt=\"GI.academy_Video_draft\" \/>\t\t\t\t\t\t\t\t\t\t\t\t\t\t\t<\/div>\n\t\t\t\t<\/div>\n\t\t\t\t\t<\/div>\n\t\t<\/div>\n\t\t\t\t<div class=\"elementor-column elementor-col-50 elementor-top-column elementor-element elementor-element-adfbfda\" data-id=\"adfbfda\" data-element_type=\"column\" data-e-type=\"column\">\n\t\t\t<div class=\"elementor-widget-wrap elementor-element-populated\">\n\t\t\t\t\t\t<div class=\"elementor-element elementor-element-a3c91a2 elementor-widget elementor-widget-heading\" data-id=\"a3c91a2\" data-element_type=\"widget\" data-e-type=\"widget\" id=\"How-To Videos\u200b\" data-widget_type=\"heading.default\">\n\t\t\t\t<div class=\"elementor-widget-container\">\n\t\t\t\t\t<h3 class=\"elementor-heading-title elementor-size-default\">O\u00f9 regarder ?<\/h3>\t\t\t\t<\/div>\n\t\t\t\t<\/div>\n\t\t\t\t<div class=\"elementor-element elementor-element-25d218d elementor-widget__width-initial elementor-widget elementor-widget-text-editor\" data-id=\"25d218d\" data-element_type=\"widget\" data-e-type=\"widget\" data-widget_type=\"text-editor.default\">\n\t\t\t\t<div class=\"elementor-widget-container\">\n\t\t\t\t\t\t\t\t\t<p>Toutes nos vid\u00e9os sont h\u00e9berg\u00e9es sur notre <a href=\"https:\/\/www.youtube.com\/@GantnerInstruments\/videos\" target=\"_new\" rel=\"noopener\">cha\u00eene YouTube<\/a> officielle. Plongez dans des sujets tels que : <\/p>\n<ul>\n<li>Configuration et param\u00e9trage du syst\u00e8me<\/li>\n<li>Conseils et astuces sur les logiciels<\/li>\n<li>D\u00e9pannage et FAQ<\/li>\n<li>Techniques de mesure avanc\u00e9es<\/li>\n<\/ul>\n<p>D\u00e9couvrez. Apprenez. Ma\u00eetrisez. Avec Gantner Instruments&#8217; How-To Videos, l&#8217;excellence technique est \u00e0 port\u00e9e de clic. Regardez-les d\u00e8s aujourd&#8217;hui !    <\/p>\n\t\t\t\t\t\t\t\t<\/div>\n\t\t\t\t<\/div>\n\t\t\t\t<div class=\"elementor-element elementor-element-c0fab82 elementor-widget elementor-widget-button\" data-id=\"c0fab82\" data-element_type=\"widget\" data-e-type=\"widget\" data-widget_type=\"button.default\">\n\t\t\t\t<div class=\"elementor-widget-container\">\n\t\t\t\t\t\t\t\t\t<div class=\"elementor-button-wrapper\">\n\t\t\t\t\t<a class=\"elementor-button elementor-button-link elementor-size-sm\" href=\"https:\/\/www.youtube.com\/@GantnerInstruments\/videos\" target=\"_blank\">\n\t\t\t\t\t\t<span class=\"elementor-button-content-wrapper\">\n\t\t\t\t\t\t\t\t\t<span class=\"elementor-button-text\">GI.videos<\/span>\n\t\t\t\t\t<\/span>\n\t\t\t\t\t<\/a>\n\t\t\t\t<\/div>\n\t\t\t\t\t\t\t\t<\/div>\n\t\t\t\t<\/div>\n\t\t\t\t\t<\/div>\n\t\t<\/div>\n\t\t\t\t\t<\/div>\n\t\t<\/section>\n\t\t\t\t<\/div>\n\t\t","protected":false},"excerpt":{"rendered":"<p>Vid\u00e9os pratiques Vous trouverez ici une s\u00e9lection de vid\u00e9os pratiques con\u00e7ues pour vous aider \u00e0 exploiter tout le potentiel de nos solutions de mesure de pointe. Qu&#8217;il s&#8217;agisse de configurer [&hellip;]<\/p>\n","protected":false},"author":4,"featured_media":0,"parent":72217,"menu_order":3,"comment_status":"closed","ping_status":"closed","template":"elementor_header_footer","meta":{"_acf_changed":false,"footnotes":""},"class_list":["post-89301","page","type-page","status-publish","hentry"],"acf":[],"yoast_head":"<!-- This site is optimized with the Yoast SEO plugin v27.3 - https:\/\/yoast.com\/product\/yoast-seo-wordpress\/ -->\n<title>Vid\u00e9os pratiques - Gantner Instruments<\/title>\n<meta name=\"description\" content=\"Lib\u00e9rez votre potentiel avec Gantner Instruments&#039; GI Academy. Explorez notre support et t\u00e9l\u00e9chargez des ressources pour les solutions de mesure.\" \/>\n<meta name=\"robots\" content=\"index, follow, max-snippet:-1, max-image-preview:large, max-video-preview:-1\" \/>\n<link rel=\"canonical\" href=\"https:\/\/www.gantner-instruments.com\/fr\/support-et-telechargements\/videos-pratiques\/\" \/>\n<meta property=\"og:locale\" content=\"fr_FR\" \/>\n<meta property=\"og:type\" content=\"article\" \/>\n<meta property=\"og:title\" content=\"Vid\u00e9os pratiques - Gantner Instruments\" \/>\n<meta property=\"og:description\" content=\"Lib\u00e9rez votre potentiel avec Gantner Instruments&#039; GI Academy. Explorez notre support et t\u00e9l\u00e9chargez des ressources pour les solutions de mesure.\" \/>\n<meta property=\"og:url\" content=\"https:\/\/www.gantner-instruments.com\/fr\/support-et-telechargements\/videos-pratiques\/\" \/>\n<meta property=\"og:site_name\" content=\"Gantner Instruments\" \/>\n<meta property=\"article:publisher\" content=\"https:\/\/www.facebook.com\/Gantner.Instruments\/\" \/>\n<meta property=\"article:modified_time\" content=\"2025-03-04T16:50:58+00:00\" \/>\n<meta property=\"og:image\" content=\"https:\/\/www.gantner-instruments.com\/wp-content\/uploads\/2024\/11\/gi-academy-150x150.png\" \/>\n\t<meta property=\"og:image:width\" content=\"150\" \/>\n\t<meta property=\"og:image:height\" content=\"150\" \/>\n\t<meta property=\"og:image:type\" content=\"image\/png\" \/>\n<meta name=\"twitter:card\" content=\"summary_large_image\" \/>\n<meta name=\"twitter:site\" content=\"@gantnerinst\" \/>\n<meta name=\"twitter:label1\" content=\"Dur\u00e9e de lecture estim\u00e9e\" \/>\n\t<meta name=\"twitter:data1\" content=\"1 minute\" \/>\n<script type=\"application\/ld+json\" class=\"yoast-schema-graph\">{\"@context\":\"https:\\\/\\\/schema.org\",\"@graph\":[{\"@type\":\"WebPage\",\"@id\":\"https:\\\/\\\/www.gantner-instruments.com\\\/fr\\\/support-et-telechargements\\\/videos-pratiques\\\/\",\"url\":\"https:\\\/\\\/www.gantner-instruments.com\\\/fr\\\/support-et-telechargements\\\/videos-pratiques\\\/\",\"name\":\"Vid\u00e9os pratiques - Gantner Instruments\",\"isPartOf\":{\"@id\":\"https:\\\/\\\/wordpress-113628-2737190.cloudwaysapps.com\\\/#website\"},\"primaryImageOfPage\":{\"@id\":\"https:\\\/\\\/www.gantner-instruments.com\\\/fr\\\/support-et-telechargements\\\/videos-pratiques\\\/#primaryimage\"},\"image\":{\"@id\":\"https:\\\/\\\/www.gantner-instruments.com\\\/fr\\\/support-et-telechargements\\\/videos-pratiques\\\/#primaryimage\"},\"thumbnailUrl\":\"https:\\\/\\\/www.gantner-instruments.com\\\/wp-content\\\/uploads\\\/2024\\\/11\\\/gi-academy-150x150.png\",\"datePublished\":\"2024-11-25T12:25:39+00:00\",\"dateModified\":\"2025-03-04T16:50:58+00:00\",\"description\":\"Lib\u00e9rez votre potentiel avec Gantner Instruments' GI Academy. Explorez notre support et t\u00e9l\u00e9chargez des ressources pour les solutions de mesure.\",\"breadcrumb\":{\"@id\":\"https:\\\/\\\/www.gantner-instruments.com\\\/fr\\\/support-et-telechargements\\\/videos-pratiques\\\/#breadcrumb\"},\"inLanguage\":\"fr-FR\",\"potentialAction\":[{\"@type\":\"ReadAction\",\"target\":[\"https:\\\/\\\/www.gantner-instruments.com\\\/fr\\\/support-et-telechargements\\\/videos-pratiques\\\/\"]}]},{\"@type\":\"ImageObject\",\"inLanguage\":\"fr-FR\",\"@id\":\"https:\\\/\\\/www.gantner-instruments.com\\\/fr\\\/support-et-telechargements\\\/videos-pratiques\\\/#primaryimage\",\"url\":\"https:\\\/\\\/www.gantner-instruments.com\\\/wp-content\\\/uploads\\\/2024\\\/11\\\/gi-academy-150x150.png\",\"contentUrl\":\"https:\\\/\\\/www.gantner-instruments.com\\\/wp-content\\\/uploads\\\/2024\\\/11\\\/gi-academy-150x150.png\"},{\"@type\":\"BreadcrumbList\",\"@id\":\"https:\\\/\\\/www.gantner-instruments.com\\\/fr\\\/support-et-telechargements\\\/videos-pratiques\\\/#breadcrumb\",\"itemListElement\":[{\"@type\":\"ListItem\",\"position\":1,\"name\":\"Home\",\"item\":\"https:\\\/\\\/www.gantner-instruments.com\\\/fr\\\/\"},{\"@type\":\"ListItem\",\"position\":2,\"name\":\"Support et t\u00e9l\u00e9chargements\",\"item\":\"https:\\\/\\\/www.gantner-instruments.com\\\/fr\\\/support-et-telechargements\\\/\"},{\"@type\":\"ListItem\",\"position\":3,\"name\":\"Vid\u00e9os pratiques\"}]},{\"@type\":\"WebSite\",\"@id\":\"https:\\\/\\\/wordpress-113628-2737190.cloudwaysapps.com\\\/#website\",\"url\":\"https:\\\/\\\/wordpress-113628-2737190.cloudwaysapps.com\\\/\",\"name\":\"Gantner Instruments\",\"description\":\"\",\"publisher\":{\"@id\":\"https:\\\/\\\/wordpress-113628-2737190.cloudwaysapps.com\\\/#organization\"},\"alternateName\":\"GI\",\"potentialAction\":[{\"@type\":\"SearchAction\",\"target\":{\"@type\":\"EntryPoint\",\"urlTemplate\":\"https:\\\/\\\/wordpress-113628-2737190.cloudwaysapps.com\\\/?s={search_term_string}\"},\"query-input\":{\"@type\":\"PropertyValueSpecification\",\"valueRequired\":true,\"valueName\":\"search_term_string\"}}],\"inLanguage\":\"fr-FR\"},{\"@type\":\"Organization\",\"@id\":\"https:\\\/\\\/wordpress-113628-2737190.cloudwaysapps.com\\\/#organization\",\"name\":\"Gantner Instruments\",\"url\":\"https:\\\/\\\/wordpress-113628-2737190.cloudwaysapps.com\\\/\",\"logo\":{\"@type\":\"ImageObject\",\"inLanguage\":\"fr-FR\",\"@id\":\"https:\\\/\\\/wordpress-113628-2737190.cloudwaysapps.com\\\/#\\\/schema\\\/logo\\\/image\\\/\",\"url\":\"https:\\\/\\\/www.gantner-instruments.com\\\/wp-content\\\/uploads\\\/2022\\\/08\\\/logowhite.svg\",\"contentUrl\":\"https:\\\/\\\/www.gantner-instruments.com\\\/wp-content\\\/uploads\\\/2022\\\/08\\\/logowhite.svg\",\"width\":151,\"height\":41,\"caption\":\"Gantner Instruments\"},\"image\":{\"@id\":\"https:\\\/\\\/wordpress-113628-2737190.cloudwaysapps.com\\\/#\\\/schema\\\/logo\\\/image\\\/\"},\"sameAs\":[\"https:\\\/\\\/www.facebook.com\\\/Gantner.Instruments\\\/\",\"https:\\\/\\\/x.com\\\/gantnerinst\",\"https:\\\/\\\/www.linkedin.com\\\/company\\\/989261\\\/admin\\\/\",\"https:\\\/\\\/www.youtube.com\\\/channel\\\/UC9uIPaqfz96Iz6ZD2qf89Hw\",\"https:\\\/\\\/www.instagram.com\\\/gantner_instruments\\\/\"]}]}<\/script>\n<!-- \/ Yoast SEO plugin. -->","yoast_head_json":{"title":"Vid\u00e9os pratiques - Gantner Instruments","description":"Lib\u00e9rez votre potentiel avec Gantner Instruments' GI Academy. Explorez notre support et t\u00e9l\u00e9chargez des ressources pour les solutions de mesure.","robots":{"index":"index","follow":"follow","max-snippet":"max-snippet:-1","max-image-preview":"max-image-preview:large","max-video-preview":"max-video-preview:-1"},"canonical":"https:\/\/www.gantner-instruments.com\/fr\/support-et-telechargements\/videos-pratiques\/","og_locale":"fr_FR","og_type":"article","og_title":"Vid\u00e9os pratiques - Gantner Instruments","og_description":"Lib\u00e9rez votre potentiel avec Gantner Instruments' GI Academy. Explorez notre support et t\u00e9l\u00e9chargez des ressources pour les solutions de mesure.","og_url":"https:\/\/www.gantner-instruments.com\/fr\/support-et-telechargements\/videos-pratiques\/","og_site_name":"Gantner Instruments","article_publisher":"https:\/\/www.facebook.com\/Gantner.Instruments\/","article_modified_time":"2025-03-04T16:50:58+00:00","og_image":[{"width":150,"height":150,"url":"https:\/\/www.gantner-instruments.com\/wp-content\/uploads\/2024\/11\/gi-academy-150x150.png","type":"image\/png"}],"twitter_card":"summary_large_image","twitter_site":"@gantnerinst","twitter_misc":{"Dur\u00e9e de lecture estim\u00e9e":"1 minute"},"schema":{"@context":"https:\/\/schema.org","@graph":[{"@type":"WebPage","@id":"https:\/\/www.gantner-instruments.com\/fr\/support-et-telechargements\/videos-pratiques\/","url":"https:\/\/www.gantner-instruments.com\/fr\/support-et-telechargements\/videos-pratiques\/","name":"Vid\u00e9os pratiques - Gantner Instruments","isPartOf":{"@id":"https:\/\/wordpress-113628-2737190.cloudwaysapps.com\/#website"},"primaryImageOfPage":{"@id":"https:\/\/www.gantner-instruments.com\/fr\/support-et-telechargements\/videos-pratiques\/#primaryimage"},"image":{"@id":"https:\/\/www.gantner-instruments.com\/fr\/support-et-telechargements\/videos-pratiques\/#primaryimage"},"thumbnailUrl":"https:\/\/www.gantner-instruments.com\/wp-content\/uploads\/2024\/11\/gi-academy-150x150.png","datePublished":"2024-11-25T12:25:39+00:00","dateModified":"2025-03-04T16:50:58+00:00","description":"Lib\u00e9rez votre potentiel avec Gantner Instruments' GI Academy. Explorez notre support et t\u00e9l\u00e9chargez des ressources pour les solutions de mesure.","breadcrumb":{"@id":"https:\/\/www.gantner-instruments.com\/fr\/support-et-telechargements\/videos-pratiques\/#breadcrumb"},"inLanguage":"fr-FR","potentialAction":[{"@type":"ReadAction","target":["https:\/\/www.gantner-instruments.com\/fr\/support-et-telechargements\/videos-pratiques\/"]}]},{"@type":"ImageObject","inLanguage":"fr-FR","@id":"https:\/\/www.gantner-instruments.com\/fr\/support-et-telechargements\/videos-pratiques\/#primaryimage","url":"https:\/\/www.gantner-instruments.com\/wp-content\/uploads\/2024\/11\/gi-academy-150x150.png","contentUrl":"https:\/\/www.gantner-instruments.com\/wp-content\/uploads\/2024\/11\/gi-academy-150x150.png"},{"@type":"BreadcrumbList","@id":"https:\/\/www.gantner-instruments.com\/fr\/support-et-telechargements\/videos-pratiques\/#breadcrumb","itemListElement":[{"@type":"ListItem","position":1,"name":"Home","item":"https:\/\/www.gantner-instruments.com\/fr\/"},{"@type":"ListItem","position":2,"name":"Support et t\u00e9l\u00e9chargements","item":"https:\/\/www.gantner-instruments.com\/fr\/support-et-telechargements\/"},{"@type":"ListItem","position":3,"name":"Vid\u00e9os pratiques"}]},{"@type":"WebSite","@id":"https:\/\/wordpress-113628-2737190.cloudwaysapps.com\/#website","url":"https:\/\/wordpress-113628-2737190.cloudwaysapps.com\/","name":"Gantner Instruments","description":"","publisher":{"@id":"https:\/\/wordpress-113628-2737190.cloudwaysapps.com\/#organization"},"alternateName":"GI","potentialAction":[{"@type":"SearchAction","target":{"@type":"EntryPoint","urlTemplate":"https:\/\/wordpress-113628-2737190.cloudwaysapps.com\/?s={search_term_string}"},"query-input":{"@type":"PropertyValueSpecification","valueRequired":true,"valueName":"search_term_string"}}],"inLanguage":"fr-FR"},{"@type":"Organization","@id":"https:\/\/wordpress-113628-2737190.cloudwaysapps.com\/#organization","name":"Gantner Instruments","url":"https:\/\/wordpress-113628-2737190.cloudwaysapps.com\/","logo":{"@type":"ImageObject","inLanguage":"fr-FR","@id":"https:\/\/wordpress-113628-2737190.cloudwaysapps.com\/#\/schema\/logo\/image\/","url":"https:\/\/www.gantner-instruments.com\/wp-content\/uploads\/2022\/08\/logowhite.svg","contentUrl":"https:\/\/www.gantner-instruments.com\/wp-content\/uploads\/2022\/08\/logowhite.svg","width":151,"height":41,"caption":"Gantner Instruments"},"image":{"@id":"https:\/\/wordpress-113628-2737190.cloudwaysapps.com\/#\/schema\/logo\/image\/"},"sameAs":["https:\/\/www.facebook.com\/Gantner.Instruments\/","https:\/\/x.com\/gantnerinst","https:\/\/www.linkedin.com\/company\/989261\/admin\/","https:\/\/www.youtube.com\/channel\/UC9uIPaqfz96Iz6ZD2qf89Hw","https:\/\/www.instagram.com\/gantner_instruments\/"]}]}},"_links":{"self":[{"href":"https:\/\/www.gantner-instruments.com\/fr\/wp-json\/wp\/v2\/pages\/89301","targetHints":{"allow":["GET"]}}],"collection":[{"href":"https:\/\/www.gantner-instruments.com\/fr\/wp-json\/wp\/v2\/pages"}],"about":[{"href":"https:\/\/www.gantner-instruments.com\/fr\/wp-json\/wp\/v2\/types\/page"}],"author":[{"embeddable":true,"href":"https:\/\/www.gantner-instruments.com\/fr\/wp-json\/wp\/v2\/users\/4"}],"replies":[{"embeddable":true,"href":"https:\/\/www.gantner-instruments.com\/fr\/wp-json\/wp\/v2\/comments?post=89301"}],"version-history":[{"count":0,"href":"https:\/\/www.gantner-instruments.com\/fr\/wp-json\/wp\/v2\/pages\/89301\/revisions"}],"up":[{"embeddable":true,"href":"https:\/\/www.gantner-instruments.com\/fr\/wp-json\/wp\/v2\/pages\/72217"}],"wp:attachment":[{"href":"https:\/\/www.gantner-instruments.com\/fr\/wp-json\/wp\/v2\/media?parent=89301"}],"curies":[{"name":"wp","href":"https:\/\/api.w.org\/{rel}","templated":true}]}}