{"id":73023,"date":"2023-02-28T11:19:03","date_gmt":"2023-02-28T11:19:03","guid":{"rendered":"https:\/\/www.gantner-instruments.com\/entreprise\/emplois\/stage-industriel\/"},"modified":"2023-12-13T13:59:12","modified_gmt":"2023-12-13T13:59:12","slug":"stage-industriel","status":"publish","type":"page","link":"https:\/\/www.gantner-instruments.com\/fr\/entreprise\/emplois\/stage-industriel\/","title":{"rendered":"Stage industriel"},"content":{"rendered":"\t\t<div data-elementor-type=\"wp-page\" data-elementor-id=\"73023\" class=\"elementor elementor-73023 elementor-69373\" data-elementor-post-type=\"page\">\n\t\t\t\t\t\t<section class=\"elementor-section elementor-top-section elementor-element elementor-element-4267e5f9 elementor-section-full_width elementor-section-height-full _coverSection _medium elementor-section-height-default elementor-section-items-middle\" data-id=\"4267e5f9\" data-element_type=\"section\" data-e-type=\"section\">\n\t\t\t\t\t\t<div class=\"elementor-container elementor-column-gap-default\">\n\t\t\t\t\t<div class=\"elementor-column elementor-col-100 elementor-top-column elementor-element elementor-element-368e3561\" data-id=\"368e3561\" data-element_type=\"column\" data-e-type=\"column\">\n\t\t\t<div class=\"elementor-widget-wrap elementor-element-populated\">\n\t\t\t\t\t\t<section class=\"elementor-section elementor-inner-section elementor-element elementor-element-6eaa3fe0 elementor-section-full_width elementor-section-height-full elementor-section-height-default\" data-id=\"6eaa3fe0\" data-element_type=\"section\" data-e-type=\"section\">\n\t\t\t\t\t\t<div class=\"elementor-container elementor-column-gap-default\">\n\t\t\t\t\t<div class=\"elementor-column elementor-col-100 elementor-inner-column elementor-element elementor-element-45d97f8f\" data-id=\"45d97f8f\" data-element_type=\"column\" data-e-type=\"column\">\n\t\t\t<div class=\"elementor-widget-wrap elementor-element-populated\">\n\t\t\t\t\t\t<div class=\"elementor-element elementor-element-79072fa elementor-widget__width-initial elementor-widget elementor-widget-heading\" data-id=\"79072fa\" data-element_type=\"widget\" data-e-type=\"widget\" data-widget_type=\"heading.default\">\n\t\t\t\t<div class=\"elementor-widget-container\">\n\t\t\t\t\t<h1 class=\"elementor-heading-title elementor-size-default\">Stage industriel<\/h1>\t\t\t\t<\/div>\n\t\t\t\t<\/div>\n\t\t\t\t<div class=\"elementor-element elementor-element-3f59048a elementor-absolute _imageWithShadow elementor-widget elementor-widget-image\" data-id=\"3f59048a\" data-element_type=\"widget\" data-e-type=\"widget\" data-settings=\"{&quot;_position&quot;:&quot;absolute&quot;}\" data-widget_type=\"image.default\">\n\t\t\t\t<div class=\"elementor-widget-container\">\n\t\t\t\t\t\t\t\t\t\t\t\t\t\t\t<img fetchpriority=\"high\" decoding=\"async\" width=\"2048\" height=\"1393\" src=\"https:\/\/www.gantner-instruments.com\/wp-content\/uploads\/2023\/02\/Job_Industrie_Praktikum.png\" class=\"attachment-2048x2048 size-2048x2048 wp-image-68477\" alt=\"\" srcset=\"https:\/\/www.gantner-instruments.com\/wp-content\/uploads\/2023\/02\/Job_Industrie_Praktikum.png 2500w, https:\/\/www.gantner-instruments.com\/wp-content\/uploads\/2023\/02\/Job_Industrie_Praktikum-300x204.png 300w, https:\/\/www.gantner-instruments.com\/wp-content\/uploads\/2023\/02\/Job_Industrie_Praktikum-1024x696.png 1024w, https:\/\/www.gantner-instruments.com\/wp-content\/uploads\/2023\/02\/Job_Industrie_Praktikum-768x522.png 768w\" sizes=\"(max-width: 2048px) 100vw, 2048px\" \/>\t\t\t\t\t\t\t\t\t\t\t\t\t\t\t<\/div>\n\t\t\t\t<\/div>\n\t\t\t\t\t<\/div>\n\t\t<\/div>\n\t\t\t\t\t<\/div>\n\t\t<\/section>\n\t\t\t\t\t<\/div>\n\t\t<\/div>\n\t\t\t\t\t<\/div>\n\t\t<\/section>\n\t\t\t\t<section class=\"elementor-section elementor-top-section elementor-element elementor-element-1ca2f6b3 elementor-section-full_width elementor-section-height-default elementor-section-height-default\" data-id=\"1ca2f6b3\" data-element_type=\"section\" data-e-type=\"section\">\n\t\t\t\t\t\t<div class=\"elementor-container elementor-column-gap-default\">\n\t\t\t\t\t<div class=\"elementor-column elementor-col-50 elementor-top-column elementor-element elementor-element-293e39ef\" data-id=\"293e39ef\" data-element_type=\"column\" data-e-type=\"column\" data-settings=\"{&quot;background_background&quot;:&quot;classic&quot;}\">\n\t\t\t<div class=\"elementor-widget-wrap elementor-element-populated\">\n\t\t\t\t\t\t\t<\/div>\n\t\t<\/div>\n\t\t\t\t<div class=\"elementor-column elementor-col-50 elementor-top-column elementor-element elementor-element-59b6b48f\" data-id=\"59b6b48f\" data-element_type=\"column\" data-e-type=\"column\">\n\t\t\t<div class=\"elementor-widget-wrap elementor-element-populated\">\n\t\t\t\t\t\t<div class=\"elementor-element elementor-element-36ab64d _prodGroupImg elementor-widget elementor-widget-shortcode\" data-id=\"36ab64d\" data-element_type=\"widget\" data-e-type=\"widget\" data-widget_type=\"shortcode.default\">\n\t\t\t\t<div class=\"elementor-widget-container\">\n\t\t\t\t\t\t\t<div class=\"elementor-shortcode\"><\/div>\n\t\t\t\t\t\t<\/div>\n\t\t\t\t<\/div>\n\t\t\t\t\t<\/div>\n\t\t<\/div>\n\t\t\t\t\t<\/div>\n\t\t<\/section>\n\t\t\t\t<section class=\"elementor-section elementor-top-section elementor-element elementor-element-793b19e elementor-section-boxed elementor-section-height-default elementor-section-height-default\" data-id=\"793b19e\" data-element_type=\"section\" data-e-type=\"section\">\n\t\t\t\t\t\t<div class=\"elementor-container elementor-column-gap-default\">\n\t\t\t\t\t<div class=\"elementor-column elementor-col-100 elementor-top-column elementor-element elementor-element-8742438\" data-id=\"8742438\" data-element_type=\"column\" data-e-type=\"column\">\n\t\t\t<div class=\"elementor-widget-wrap elementor-element-populated\">\n\t\t\t\t\t\t<div class=\"elementor-element elementor-element-2b97985 elementor-widget elementor-widget-heading\" data-id=\"2b97985\" data-element_type=\"widget\" data-e-type=\"widget\" data-widget_type=\"heading.default\">\n\t\t\t\t<div class=\"elementor-widget-container\">\n\t\t\t\t\t<h2 class=\"elementor-heading-title elementor-size-default\">Stage industriel dans le domaine du d\u00e9veloppement de mat\u00e9riel ou de logiciel ou de la science des donn\u00e9es (m\/f\/x)<\/h2>\t\t\t\t<\/div>\n\t\t\t\t<\/div>\n\t\t\t\t\t<\/div>\n\t\t<\/div>\n\t\t\t\t\t<\/div>\n\t\t<\/section>\n\t\t\t\t<section class=\"elementor-section elementor-top-section elementor-element elementor-element-5b910e0 elementor-section-boxed elementor-section-height-default elementor-section-height-default\" data-id=\"5b910e0\" data-element_type=\"section\" data-e-type=\"section\">\n\t\t\t\t\t\t<div class=\"elementor-container elementor-column-gap-default\">\n\t\t\t\t\t<div class=\"elementor-column elementor-col-100 elementor-top-column elementor-element elementor-element-5a90d77\" data-id=\"5a90d77\" data-element_type=\"column\" data-e-type=\"column\">\n\t\t\t<div class=\"elementor-widget-wrap elementor-element-populated\">\n\t\t\t\t\t\t<div class=\"elementor-element elementor-element-f19dd77 elementor-widget elementor-widget-text-editor\" data-id=\"f19dd77\" data-element_type=\"widget\" data-e-type=\"widget\" data-widget_type=\"text-editor.default\">\n\t\t\t\t<div class=\"elementor-widget-container\">\n\t\t\t\t\t\t\t\t\t<p>Chez Gantner Instruments, nous pouvons acqu\u00e9rir des donn\u00e9es \u00e0 une vitesse incroyablement \u00e9lev\u00e9e et de la plus haute qualit\u00e9 \u00e0 partir d&#8217;une grande vari\u00e9t\u00e9 de capteurs. Ces donn\u00e9es doivent \u00eatre stock\u00e9es, trait\u00e9es et visualis\u00e9es &#8211; en temps r\u00e9el. <\/p>\n<p>Vous \u00eates enthousiaste \u00e0 l&#8217;\u00e9gard des solutions innovantes, curieux et passionn\u00e9 par les techniques de mesure. Vous vous amusez avec <br>un esprit d&#8217;\u00e9quipe exceptionnel et l&#8217;envie de faire la diff\u00e9rence.<\/p>\n<p>Alors rejoignez-nous \u00e0 Schruns et b\u00e9n\u00e9ficiez d&#8217;un aper\u00e7u fascinant des op\u00e9rations, de l&#8217;activit\u00e9 et des diff\u00e9rentes technologies de Gantner Instruments tout en poursuivant vos \u00e9tudes.<\/p>\n\t\t\t\t\t\t\t\t<\/div>\n\t\t\t\t<\/div>\n\t\t\t\t\t<\/div>\n\t\t<\/div>\n\t\t\t\t\t<\/div>\n\t\t<\/section>\n\t\t\t\t<section class=\"elementor-section elementor-top-section elementor-element elementor-element-b28abe3 elementor-section-boxed elementor-section-height-default elementor-section-height-default\" data-id=\"b28abe3\" data-element_type=\"section\" data-e-type=\"section\">\n\t\t\t\t\t\t<div class=\"elementor-container elementor-column-gap-default\">\n\t\t\t\t\t<div class=\"elementor-column elementor-col-100 elementor-top-column elementor-element elementor-element-eb61f8b\" data-id=\"eb61f8b\" data-element_type=\"column\" data-e-type=\"column\">\n\t\t\t<div class=\"elementor-widget-wrap elementor-element-populated\">\n\t\t\t\t\t\t<div class=\"elementor-element elementor-element-53e5ffa elementor-widget elementor-widget-text-editor\" data-id=\"53e5ffa\" data-element_type=\"widget\" data-e-type=\"widget\" data-widget_type=\"text-editor.default\">\n\t\t\t\t<div class=\"elementor-widget-container\">\n\t\t\t\t\t\t\t\t\t<h5>Vos qualifications<\/h5>\n<ul>\n<li>\u00c9tudes en g\u00e9nie \u00e9lectrique, informatique, m\u00e9catronique ou formation comparable<\/li>\n<li>Comportement proactif, int\u00e9r\u00eat pour l&#8217;apprentissage et approche du travail ax\u00e9e sur les objectifs<\/li>\n<li>Bonne connaissance de l&#8217;allemand et de l&#8217;anglais<\/li>\n<\/ul>\n\t\t\t\t\t\t\t\t<\/div>\n\t\t\t\t<\/div>\n\t\t\t\t\t<\/div>\n\t\t<\/div>\n\t\t\t\t\t<\/div>\n\t\t<\/section>\n\t\t\t\t<section class=\"elementor-section elementor-top-section elementor-element elementor-element-32ac3d2 elementor-section-boxed elementor-section-height-default elementor-section-height-default\" data-id=\"32ac3d2\" data-element_type=\"section\" data-e-type=\"section\">\n\t\t\t\t\t\t<div class=\"elementor-container elementor-column-gap-default\">\n\t\t\t\t\t<div class=\"elementor-column elementor-col-100 elementor-top-column elementor-element elementor-element-cdc89d8\" data-id=\"cdc89d8\" data-element_type=\"column\" data-e-type=\"column\">\n\t\t\t<div class=\"elementor-widget-wrap elementor-element-populated\">\n\t\t\t\t\t\t<div class=\"elementor-element elementor-element-24bc3fe elementor-widget elementor-widget-text-editor\" data-id=\"24bc3fe\" data-element_type=\"widget\" data-e-type=\"widget\" data-widget_type=\"text-editor.default\">\n\t\t\t\t<div class=\"elementor-widget-container\">\n\t\t\t\t\t\t\t\t\t<h5>Ce qui vous attend :<\/h5>\n<ul>\n<li>Technologies que vous pouvez approfondir dans le stage : C++, JavaScript, Web, Python, ML, Kafka, Linux, IoT, Embedded Hardware.<\/li>\n<li>Ind\u00e9pendance et responsabilit\u00e9 personnelle maximales<\/li>\n<li>Travailler avec agilit\u00e9 au sein d&#8217;une \u00e9quipe coll\u00e9giale et dynamique<\/li>\n<li>Un lieu de travail attrayant<\/li>\n<li>R\u00e9mun\u00e9ration \u00e9quitable et bas\u00e9e sur les performances<\/li>\n<\/ul>\n\t\t\t\t\t\t\t\t<\/div>\n\t\t\t\t<\/div>\n\t\t\t\t\t<\/div>\n\t\t<\/div>\n\t\t\t\t\t<\/div>\n\t\t<\/section>\n\t\t\t\t<section class=\"elementor-section elementor-top-section elementor-element elementor-element-e5dd731 elementor-section-boxed elementor-section-height-default elementor-section-height-default\" data-id=\"e5dd731\" data-element_type=\"section\" data-e-type=\"section\">\n\t\t\t\t\t\t<div class=\"elementor-container elementor-column-gap-default\">\n\t\t\t\t\t<div class=\"elementor-column elementor-col-100 elementor-top-column elementor-element elementor-element-137b9fa\" data-id=\"137b9fa\" data-element_type=\"column\" data-e-type=\"column\">\n\t\t\t<div class=\"elementor-widget-wrap elementor-element-populated\">\n\t\t\t\t\t\t<div class=\"elementor-element elementor-element-a77d408 elementor-widget__width-initial elementor-widget elementor-widget-heading\" data-id=\"a77d408\" data-element_type=\"widget\" data-e-type=\"widget\" data-widget_type=\"heading.default\">\n\t\t\t\t<div class=\"elementor-widget-container\">\n\t\t\t\t\t<h2 class=\"elementor-heading-title elementor-size-default\">Stage industriel <\/h2>\t\t\t\t<\/div>\n\t\t\t\t<\/div>\n\t\t\t\t<div class=\"elementor-element elementor-element-d7d3566 elementor-widget elementor-widget-shortcode\" data-id=\"d7d3566\" data-element_type=\"widget\" data-e-type=\"widget\" data-widget_type=\"shortcode.default\">\n\t\t\t\t<div class=\"elementor-widget-container\">\n\t\t\t\t\t\t\t<div class=\"elementor-shortcode\"><script charset=\"utf-8\" type=\"text\/javascript\" src=\"\/\/js.hsforms.net\/forms\/embed\/v2.js\"><\/script>\n<script>\n  hbspt.forms.create({\n    region: \"na1\",\n    portalId: \"5767747\",\n    formId: \"6b8bbcf5-249b-4812-831a-5d7f1c1711f3\"\n  });\n<\/script><\/div>\n\t\t\t\t\t\t<\/div>\n\t\t\t\t<\/div>\n\t\t\t\t\t<\/div>\n\t\t<\/div>\n\t\t\t\t\t<\/div>\n\t\t<\/section>\n\t\t\t\t<\/div>\n\t\t","protected":false},"excerpt":{"rendered":"<p>Stage industriel dans le domaine du d\u00e9veloppement de mat\u00e9riel ou de logiciel ou de la science des donn\u00e9es (m\/f\/x) Chez Gantner Instruments, nous pouvons acqu\u00e9rir des donn\u00e9es \u00e0 une vitesse [&hellip;]<\/p>\n","protected":false},"author":6,"featured_media":0,"parent":70531,"menu_order":3,"comment_status":"closed","ping_status":"closed","template":"elementor_header_footer","meta":{"_acf_changed":false,"footnotes":""},"class_list":["post-73023","page","type-page","status-publish","hentry"],"acf":[],"yoast_head":"<!-- This site is optimized with the Yoast SEO plugin v27.4 - https:\/\/yoast.com\/product\/yoast-seo-wordpress\/ -->\n<title>Stage industriel - Gantner Instruments<\/title>\n<meta name=\"description\" content=\"D\u00e9couvrez nos opportunit\u00e9s de stage industriel. Formez-vous chez Gantner Instruments et d\u00e9veloppez vos comp\u00e9tences. Explorez maintenant !\" \/>\n<meta name=\"robots\" content=\"index, follow, max-snippet:-1, max-image-preview:large, max-video-preview:-1\" \/>\n<link rel=\"canonical\" href=\"https:\/\/www.gantner-instruments.com\/fr\/entreprise\/emplois\/stage-industriel\/\" \/>\n<meta property=\"og:locale\" content=\"fr_FR\" \/>\n<meta property=\"og:type\" content=\"article\" \/>\n<meta property=\"og:title\" content=\"Stage industriel - Gantner Instruments\" \/>\n<meta property=\"og:description\" content=\"D\u00e9couvrez nos opportunit\u00e9s de stage industriel. Formez-vous chez Gantner Instruments et d\u00e9veloppez vos comp\u00e9tences. Explorez maintenant !\" \/>\n<meta property=\"og:url\" content=\"https:\/\/www.gantner-instruments.com\/fr\/entreprise\/emplois\/stage-industriel\/\" \/>\n<meta property=\"og:site_name\" content=\"Gantner Instruments\" \/>\n<meta property=\"article:publisher\" content=\"https:\/\/www.facebook.com\/Gantner.Instruments\/\" \/>\n<meta property=\"article:modified_time\" content=\"2023-12-13T13:59:12+00:00\" \/>\n<meta property=\"og:image\" content=\"https:\/\/www.gantner-instruments.com\/wp-content\/uploads\/2023\/02\/Job_Industrie_Praktikum-2048x1393.png\" \/>\n<meta name=\"twitter:card\" content=\"summary_large_image\" \/>\n<meta name=\"twitter:site\" content=\"@gantnerinst\" \/>\n<meta name=\"twitter:label1\" content=\"Dur\u00e9e de lecture estim\u00e9e\" \/>\n\t<meta name=\"twitter:data1\" content=\"2 minutes\" \/>\n<script type=\"application\/ld+json\" class=\"yoast-schema-graph\">{\"@context\":\"https:\\\/\\\/schema.org\",\"@graph\":[{\"@type\":\"WebPage\",\"@id\":\"https:\\\/\\\/www.gantner-instruments.com\\\/fr\\\/entreprise\\\/emplois\\\/stage-industriel\\\/\",\"url\":\"https:\\\/\\\/www.gantner-instruments.com\\\/fr\\\/entreprise\\\/emplois\\\/stage-industriel\\\/\",\"name\":\"Stage industriel - Gantner Instruments\",\"isPartOf\":{\"@id\":\"https:\\\/\\\/wordpress-113628-2737190.cloudwaysapps.com\\\/#website\"},\"primaryImageOfPage\":{\"@id\":\"https:\\\/\\\/www.gantner-instruments.com\\\/fr\\\/entreprise\\\/emplois\\\/stage-industriel\\\/#primaryimage\"},\"image\":{\"@id\":\"https:\\\/\\\/www.gantner-instruments.com\\\/fr\\\/entreprise\\\/emplois\\\/stage-industriel\\\/#primaryimage\"},\"thumbnailUrl\":\"https:\\\/\\\/www.gantner-instruments.com\\\/wp-content\\\/uploads\\\/2023\\\/02\\\/Job_Industrie_Praktikum-2048x1393.png\",\"datePublished\":\"2023-02-28T11:19:03+00:00\",\"dateModified\":\"2023-12-13T13:59:12+00:00\",\"description\":\"D\u00e9couvrez nos opportunit\u00e9s de stage industriel. Formez-vous chez Gantner Instruments et d\u00e9veloppez vos comp\u00e9tences. Explorez maintenant !\",\"breadcrumb\":{\"@id\":\"https:\\\/\\\/www.gantner-instruments.com\\\/fr\\\/entreprise\\\/emplois\\\/stage-industriel\\\/#breadcrumb\"},\"inLanguage\":\"fr-FR\",\"potentialAction\":[{\"@type\":\"ReadAction\",\"target\":[\"https:\\\/\\\/www.gantner-instruments.com\\\/fr\\\/entreprise\\\/emplois\\\/stage-industriel\\\/\"]}]},{\"@type\":\"ImageObject\",\"inLanguage\":\"fr-FR\",\"@id\":\"https:\\\/\\\/www.gantner-instruments.com\\\/fr\\\/entreprise\\\/emplois\\\/stage-industriel\\\/#primaryimage\",\"url\":\"https:\\\/\\\/www.gantner-instruments.com\\\/wp-content\\\/uploads\\\/2023\\\/02\\\/Job_Industrie_Praktikum-2048x1393.png\",\"contentUrl\":\"https:\\\/\\\/www.gantner-instruments.com\\\/wp-content\\\/uploads\\\/2023\\\/02\\\/Job_Industrie_Praktikum-2048x1393.png\"},{\"@type\":\"BreadcrumbList\",\"@id\":\"https:\\\/\\\/www.gantner-instruments.com\\\/fr\\\/entreprise\\\/emplois\\\/stage-industriel\\\/#breadcrumb\",\"itemListElement\":[{\"@type\":\"ListItem\",\"position\":1,\"name\":\"Home\",\"item\":\"https:\\\/\\\/www.gantner-instruments.com\\\/fr\\\/\"},{\"@type\":\"ListItem\",\"position\":2,\"name\":\"Entreprise\",\"item\":\"https:\\\/\\\/www.gantner-instruments.com\\\/fr\\\/entreprise\\\/\"},{\"@type\":\"ListItem\",\"position\":3,\"name\":\"Emplois\",\"item\":\"https:\\\/\\\/www.gantner-instruments.com\\\/fr\\\/entreprise\\\/emplois\\\/\"},{\"@type\":\"ListItem\",\"position\":4,\"name\":\"Stage industriel\"}]},{\"@type\":\"WebSite\",\"@id\":\"https:\\\/\\\/wordpress-113628-2737190.cloudwaysapps.com\\\/#website\",\"url\":\"https:\\\/\\\/wordpress-113628-2737190.cloudwaysapps.com\\\/\",\"name\":\"Gantner Instruments\",\"description\":\"\",\"publisher\":{\"@id\":\"https:\\\/\\\/wordpress-113628-2737190.cloudwaysapps.com\\\/#organization\"},\"alternateName\":\"GI\",\"potentialAction\":[{\"@type\":\"SearchAction\",\"target\":{\"@type\":\"EntryPoint\",\"urlTemplate\":\"https:\\\/\\\/wordpress-113628-2737190.cloudwaysapps.com\\\/?s={search_term_string}\"},\"query-input\":{\"@type\":\"PropertyValueSpecification\",\"valueRequired\":true,\"valueName\":\"search_term_string\"}}],\"inLanguage\":\"fr-FR\"},{\"@type\":\"Organization\",\"@id\":\"https:\\\/\\\/wordpress-113628-2737190.cloudwaysapps.com\\\/#organization\",\"name\":\"Gantner Instruments\",\"url\":\"https:\\\/\\\/wordpress-113628-2737190.cloudwaysapps.com\\\/\",\"logo\":{\"@type\":\"ImageObject\",\"inLanguage\":\"fr-FR\",\"@id\":\"https:\\\/\\\/wordpress-113628-2737190.cloudwaysapps.com\\\/#\\\/schema\\\/logo\\\/image\\\/\",\"url\":\"https:\\\/\\\/www.gantner-instruments.com\\\/wp-content\\\/uploads\\\/2022\\\/08\\\/logowhite.svg\",\"contentUrl\":\"https:\\\/\\\/www.gantner-instruments.com\\\/wp-content\\\/uploads\\\/2022\\\/08\\\/logowhite.svg\",\"width\":151,\"height\":41,\"caption\":\"Gantner Instruments\"},\"image\":{\"@id\":\"https:\\\/\\\/wordpress-113628-2737190.cloudwaysapps.com\\\/#\\\/schema\\\/logo\\\/image\\\/\"},\"sameAs\":[\"https:\\\/\\\/www.facebook.com\\\/Gantner.Instruments\\\/\",\"https:\\\/\\\/x.com\\\/gantnerinst\",\"https:\\\/\\\/www.linkedin.com\\\/company\\\/989261\\\/admin\\\/\",\"https:\\\/\\\/www.youtube.com\\\/channel\\\/UC9uIPaqfz96Iz6ZD2qf89Hw\",\"https:\\\/\\\/www.instagram.com\\\/gantner_instruments\\\/\"]}]}<\/script>\n<!-- \/ Yoast SEO plugin. -->","yoast_head_json":{"title":"Stage industriel - Gantner Instruments","description":"D\u00e9couvrez nos opportunit\u00e9s de stage industriel. Formez-vous chez Gantner Instruments et d\u00e9veloppez vos comp\u00e9tences. Explorez maintenant !","robots":{"index":"index","follow":"follow","max-snippet":"max-snippet:-1","max-image-preview":"max-image-preview:large","max-video-preview":"max-video-preview:-1"},"canonical":"https:\/\/www.gantner-instruments.com\/fr\/entreprise\/emplois\/stage-industriel\/","og_locale":"fr_FR","og_type":"article","og_title":"Stage industriel - Gantner Instruments","og_description":"D\u00e9couvrez nos opportunit\u00e9s de stage industriel. Formez-vous chez Gantner Instruments et d\u00e9veloppez vos comp\u00e9tences. Explorez maintenant !","og_url":"https:\/\/www.gantner-instruments.com\/fr\/entreprise\/emplois\/stage-industriel\/","og_site_name":"Gantner Instruments","article_publisher":"https:\/\/www.facebook.com\/Gantner.Instruments\/","article_modified_time":"2023-12-13T13:59:12+00:00","og_image":[{"url":"https:\/\/www.gantner-instruments.com\/wp-content\/uploads\/2023\/02\/Job_Industrie_Praktikum-2048x1393.png","type":"","width":"","height":""}],"twitter_card":"summary_large_image","twitter_site":"@gantnerinst","twitter_misc":{"Dur\u00e9e de lecture estim\u00e9e":"2 minutes"},"schema":{"@context":"https:\/\/schema.org","@graph":[{"@type":"WebPage","@id":"https:\/\/www.gantner-instruments.com\/fr\/entreprise\/emplois\/stage-industriel\/","url":"https:\/\/www.gantner-instruments.com\/fr\/entreprise\/emplois\/stage-industriel\/","name":"Stage industriel - Gantner Instruments","isPartOf":{"@id":"https:\/\/wordpress-113628-2737190.cloudwaysapps.com\/#website"},"primaryImageOfPage":{"@id":"https:\/\/www.gantner-instruments.com\/fr\/entreprise\/emplois\/stage-industriel\/#primaryimage"},"image":{"@id":"https:\/\/www.gantner-instruments.com\/fr\/entreprise\/emplois\/stage-industriel\/#primaryimage"},"thumbnailUrl":"https:\/\/www.gantner-instruments.com\/wp-content\/uploads\/2023\/02\/Job_Industrie_Praktikum-2048x1393.png","datePublished":"2023-02-28T11:19:03+00:00","dateModified":"2023-12-13T13:59:12+00:00","description":"D\u00e9couvrez nos opportunit\u00e9s de stage industriel. Formez-vous chez Gantner Instruments et d\u00e9veloppez vos comp\u00e9tences. Explorez maintenant !","breadcrumb":{"@id":"https:\/\/www.gantner-instruments.com\/fr\/entreprise\/emplois\/stage-industriel\/#breadcrumb"},"inLanguage":"fr-FR","potentialAction":[{"@type":"ReadAction","target":["https:\/\/www.gantner-instruments.com\/fr\/entreprise\/emplois\/stage-industriel\/"]}]},{"@type":"ImageObject","inLanguage":"fr-FR","@id":"https:\/\/www.gantner-instruments.com\/fr\/entreprise\/emplois\/stage-industriel\/#primaryimage","url":"https:\/\/www.gantner-instruments.com\/wp-content\/uploads\/2023\/02\/Job_Industrie_Praktikum-2048x1393.png","contentUrl":"https:\/\/www.gantner-instruments.com\/wp-content\/uploads\/2023\/02\/Job_Industrie_Praktikum-2048x1393.png"},{"@type":"BreadcrumbList","@id":"https:\/\/www.gantner-instruments.com\/fr\/entreprise\/emplois\/stage-industriel\/#breadcrumb","itemListElement":[{"@type":"ListItem","position":1,"name":"Home","item":"https:\/\/www.gantner-instruments.com\/fr\/"},{"@type":"ListItem","position":2,"name":"Entreprise","item":"https:\/\/www.gantner-instruments.com\/fr\/entreprise\/"},{"@type":"ListItem","position":3,"name":"Emplois","item":"https:\/\/www.gantner-instruments.com\/fr\/entreprise\/emplois\/"},{"@type":"ListItem","position":4,"name":"Stage industriel"}]},{"@type":"WebSite","@id":"https:\/\/wordpress-113628-2737190.cloudwaysapps.com\/#website","url":"https:\/\/wordpress-113628-2737190.cloudwaysapps.com\/","name":"Gantner Instruments","description":"","publisher":{"@id":"https:\/\/wordpress-113628-2737190.cloudwaysapps.com\/#organization"},"alternateName":"GI","potentialAction":[{"@type":"SearchAction","target":{"@type":"EntryPoint","urlTemplate":"https:\/\/wordpress-113628-2737190.cloudwaysapps.com\/?s={search_term_string}"},"query-input":{"@type":"PropertyValueSpecification","valueRequired":true,"valueName":"search_term_string"}}],"inLanguage":"fr-FR"},{"@type":"Organization","@id":"https:\/\/wordpress-113628-2737190.cloudwaysapps.com\/#organization","name":"Gantner Instruments","url":"https:\/\/wordpress-113628-2737190.cloudwaysapps.com\/","logo":{"@type":"ImageObject","inLanguage":"fr-FR","@id":"https:\/\/wordpress-113628-2737190.cloudwaysapps.com\/#\/schema\/logo\/image\/","url":"https:\/\/www.gantner-instruments.com\/wp-content\/uploads\/2022\/08\/logowhite.svg","contentUrl":"https:\/\/www.gantner-instruments.com\/wp-content\/uploads\/2022\/08\/logowhite.svg","width":151,"height":41,"caption":"Gantner Instruments"},"image":{"@id":"https:\/\/wordpress-113628-2737190.cloudwaysapps.com\/#\/schema\/logo\/image\/"},"sameAs":["https:\/\/www.facebook.com\/Gantner.Instruments\/","https:\/\/x.com\/gantnerinst","https:\/\/www.linkedin.com\/company\/989261\/admin\/","https:\/\/www.youtube.com\/channel\/UC9uIPaqfz96Iz6ZD2qf89Hw","https:\/\/www.instagram.com\/gantner_instruments\/"]}]}},"_links":{"self":[{"href":"https:\/\/www.gantner-instruments.com\/fr\/wp-json\/wp\/v2\/pages\/73023","targetHints":{"allow":["GET"]}}],"collection":[{"href":"https:\/\/www.gantner-instruments.com\/fr\/wp-json\/wp\/v2\/pages"}],"about":[{"href":"https:\/\/www.gantner-instruments.com\/fr\/wp-json\/wp\/v2\/types\/page"}],"author":[{"embeddable":true,"href":"https:\/\/www.gantner-instruments.com\/fr\/wp-json\/wp\/v2\/users\/6"}],"replies":[{"embeddable":true,"href":"https:\/\/www.gantner-instruments.com\/fr\/wp-json\/wp\/v2\/comments?post=73023"}],"version-history":[{"count":0,"href":"https:\/\/www.gantner-instruments.com\/fr\/wp-json\/wp\/v2\/pages\/73023\/revisions"}],"up":[{"embeddable":true,"href":"https:\/\/www.gantner-instruments.com\/fr\/wp-json\/wp\/v2\/pages\/70531"}],"wp:attachment":[{"href":"https:\/\/www.gantner-instruments.com\/fr\/wp-json\/wp\/v2\/media?parent=73023"}],"curies":[{"name":"wp","href":"https:\/\/api.w.org\/{rel}","templated":true}]}}