{"id":72900,"date":"2023-07-17T10:15:09","date_gmt":"2023-07-17T10:15:09","guid":{"rendered":"https:\/\/www.gantner-instruments.com\/support-et-telechargements\/telechargements-q-series-classic\/"},"modified":"2023-10-19T11:55:03","modified_gmt":"2023-10-19T11:55:03","slug":"telechargements-q-series-classic","status":"publish","type":"page","link":"https:\/\/www.gantner-instruments.com\/fr\/support-et-telechargements\/telechargements-q-series-classic\/","title":{"rendered":"T\u00e9l\u00e9chargements Q.series Classic"},"content":{"rendered":"\t\t<div data-elementor-type=\"wp-page\" data-elementor-id=\"72900\" class=\"elementor elementor-72900 elementor-72124\" data-elementor-post-type=\"page\">\n\t\t\t\t\t\t<section class=\"elementor-section elementor-top-section elementor-element elementor-element-bf32fcf elementor-section-full_width elementor-section-height-full _coverSection _medium elementor-section-height-default elementor-section-items-middle\" data-id=\"bf32fcf\" data-element_type=\"section\" data-e-type=\"section\">\n\t\t\t\t\t\t<div class=\"elementor-container elementor-column-gap-default\">\n\t\t\t\t\t<div class=\"elementor-column elementor-col-100 elementor-top-column elementor-element elementor-element-c17430a\" data-id=\"c17430a\" data-element_type=\"column\" data-e-type=\"column\">\n\t\t\t<div class=\"elementor-widget-wrap elementor-element-populated\">\n\t\t\t\t\t\t<section class=\"elementor-section elementor-inner-section elementor-element elementor-element-8792bb8 elementor-section-full_width elementor-section-height-full elementor-section-height-default\" data-id=\"8792bb8\" data-element_type=\"section\" data-e-type=\"section\">\n\t\t\t\t\t\t<div class=\"elementor-container elementor-column-gap-default\">\n\t\t\t\t\t<div class=\"elementor-column elementor-col-100 elementor-inner-column elementor-element elementor-element-61dae76\" data-id=\"61dae76\" data-element_type=\"column\" data-e-type=\"column\" data-settings=\"{&quot;background_background&quot;:&quot;classic&quot;}\">\n\t\t\t<div class=\"elementor-widget-wrap elementor-element-populated\">\n\t\t\t\t\t\t<div class=\"elementor-element elementor-element-0d31284 elementor-widget__width-initial elementor-widget elementor-widget-heading\" data-id=\"0d31284\" data-element_type=\"widget\" data-e-type=\"widget\" data-widget_type=\"heading.default\">\n\t\t\t\t<div class=\"elementor-widget-container\">\n\t\t\t\t\t<h1 class=\"elementor-heading-title elementor-size-default\">T\u00e9l\u00e9chargements Q.series Classic<\/h1>\t\t\t\t<\/div>\n\t\t\t\t<\/div>\n\t\t\t\t\t<\/div>\n\t\t<\/div>\n\t\t\t\t\t<\/div>\n\t\t<\/section>\n\t\t\t\t\t<\/div>\n\t\t<\/div>\n\t\t\t\t\t<\/div>\n\t\t<\/section>\n\t\t\t\t<section class=\"elementor-section elementor-top-section elementor-element elementor-element-1602c21 elementor-section-boxed elementor-section-height-default elementor-section-height-default\" data-id=\"1602c21\" data-element_type=\"section\" data-e-type=\"section\">\n\t\t\t\t\t\t<div class=\"elementor-container elementor-column-gap-default\">\n\t\t\t\t\t<div class=\"elementor-column elementor-col-100 elementor-top-column elementor-element elementor-element-bf01e57\" data-id=\"bf01e57\" data-element_type=\"column\" data-e-type=\"column\">\n\t\t\t<div class=\"elementor-widget-wrap elementor-element-populated\">\n\t\t\t\t\t\t<div class=\"elementor-element elementor-element-9b37933 elementor-widget elementor-widget-heading\" data-id=\"9b37933\" data-element_type=\"widget\" data-e-type=\"widget\" data-widget_type=\"heading.default\">\n\t\t\t\t<div class=\"elementor-widget-container\">\n\t\t\t\t\t<h3 class=\"elementor-heading-title elementor-size-default\">T\u00e9l\u00e9chargements Q.series Classic<\/h3>\t\t\t\t<\/div>\n\t\t\t\t<\/div>\n\t\t\t\t<div class=\"elementor-element elementor-element-9b5db6e elementor-widget elementor-widget-text-editor\" data-id=\"9b5db6e\" data-element_type=\"widget\" data-e-type=\"widget\" data-widget_type=\"text-editor.default\">\n\t\t\t\t<div class=\"elementor-widget-container\">\n\t\t\t\t\t\t\t\t\t<p>Tous les Q.series Classic, y compris les fiches techniques avec des sp\u00e9cifications d\u00e9taill\u00e9es, des manuels, des guides et des exemples de configuration.<\/p>\n\t\t\t\t\t\t\t\t<\/div>\n\t\t\t\t<\/div>\n\t\t\t\t\t<\/div>\n\t\t<\/div>\n\t\t\t\t\t<\/div>\n\t\t<\/section>\n\t\t\t\t<section class=\"elementor-section elementor-top-section elementor-element elementor-element-85ceb3f elementor-section-boxed elementor-section-height-default elementor-section-height-default\" data-id=\"85ceb3f\" data-element_type=\"section\" data-e-type=\"section\">\n\t\t\t\t\t\t<div class=\"elementor-container elementor-column-gap-default\">\n\t\t\t\t\t<div class=\"elementor-column elementor-col-100 elementor-top-column elementor-element elementor-element-4d8e664\" data-id=\"4d8e664\" data-element_type=\"column\" data-e-type=\"column\">\n\t\t\t<div class=\"elementor-widget-wrap elementor-element-populated\">\n\t\t\t\t\t\t<div class=\"elementor-element elementor-element-d08ffd0 elementor-widget elementor-widget-shortcode\" data-id=\"d08ffd0\" data-element_type=\"widget\" data-e-type=\"widget\" data-widget_type=\"shortcode.default\">\n\t\t\t\t<div class=\"elementor-widget-container\">\n\t\t\t\t\t\t\t<div class=\"elementor-shortcode\"><div class='product-downloads-list loaded' current-id=\"72900\" >\r\n    <div class='row filter--wrapp margin_bottom_medium column_mobile_margin_bottom_small spread' >\r\n        <div class='col-sm-4'>\r\n            <select id=\"product-groups-select\" class=\"tpx-select2-container tpx-select2-drop\" >\r\n            <\/select>\r\n        <\/div>\r\n        <input type=\"hidden\" id=\"product-category-select-value-t\" value=\"\" \/>\r\n        <div class='col-sm-4'>\r\n            <select id=\"product-category-select\">\r\n            <\/select>\r\n        <\/div>\r\n        <div class='col-sm-4' data-field='text_filter'>\r\n            <input id=\"product-downloads-search\" type=\"text\" class=\"form-control\" ng-model=\"text_filter\" placeholder=\"Enter search text...\">\r\n        <\/div>\r\n    <\/div>\r\n    <input type=\"hidden\" id=\"product-search-download\" value=\"\" \/>\r\n    <div class='row content spread'>\r\n        <div class='col-sm-12'>\r\n            <!-- Desktop -->\r\n            <table id=\"desktop-product-table\" class='hidden-xs'>\r\n            <\/table>\r\n            <ul id=\"pagin-download\" style=\"display: flex;\"><\/ul>\r\n            <div style=\"text-align: center; margin: 10px\"><span id=\"load-more-downloads\">Load more<\/span><\/div>\r\n        <\/div>\r\n    <\/div>\r\n    \r\n<\/div>\r\n<style>\r\n    #pagin-download li{\r\n        width: 20px;\r\n        height: 20px;\r\n        border: solid 1px #000;\r\n        margin: 2px;\r\n    }\r\n    #pagin-download li:before{\r\n        content: '' !important;\r\n    }\r\n    .hidden{\r\n        display: none;\r\n    }\r\n    #load-more-downloads{\r\n        cursor: pointer;\r\n    }\r\n<\/style>\r\n<\/div>\n\t\t\t\t\t\t<\/div>\n\t\t\t\t<\/div>\n\t\t\t\t\t<\/div>\n\t\t<\/div>\n\t\t\t\t\t<\/div>\n\t\t<\/section>\n\t\t\t\t<\/div>\n\t\t","protected":false},"excerpt":{"rendered":"<p>T\u00e9l\u00e9chargements Q.series Classic T\u00e9l\u00e9chargements Q.series Classic Tous les Q.series Classic, y compris les fiches techniques avec des sp\u00e9cifications d\u00e9taill\u00e9es, des manuels, des guides et des exemples de configuration.<\/p>\n","protected":false},"author":6,"featured_media":0,"parent":72217,"menu_order":4,"comment_status":"closed","ping_status":"closed","template":"","meta":{"_acf_changed":false,"footnotes":""},"class_list":["post-72900","page","type-page","status-publish","hentry"],"acf":[],"yoast_head":"<!-- This site is optimized with the Yoast SEO plugin v27.4 - https:\/\/yoast.com\/product\/yoast-seo-wordpress\/ -->\n<title>T\u00e9l\u00e9chargements Q.series Classic - Gantner Instruments<\/title>\n<meta name=\"description\" content=\"T\u00e9l\u00e9chargement Q.series Classic : Lib\u00e9rez la puissance des outils avanc\u00e9s avec nos t\u00e9l\u00e9chargements de logiciels. Am\u00e9liorez votre productivit\u00e9 et votre efficacit\u00e9 d\u00e8s aujourd&#039;hui.\" \/>\n<meta name=\"robots\" content=\"index, follow, max-snippet:-1, max-image-preview:large, max-video-preview:-1\" \/>\n<link rel=\"canonical\" href=\"https:\/\/www.gantner-instruments.com\/fr\/support-et-telechargements\/telechargements-q-series-classic\/\" \/>\n<meta property=\"og:locale\" content=\"fr_FR\" \/>\n<meta property=\"og:type\" content=\"article\" \/>\n<meta property=\"og:title\" content=\"T\u00e9l\u00e9chargements Q.series Classic - Gantner Instruments\" \/>\n<meta property=\"og:description\" content=\"T\u00e9l\u00e9chargement Q.series Classic : Lib\u00e9rez la puissance des outils avanc\u00e9s avec nos t\u00e9l\u00e9chargements de logiciels. Am\u00e9liorez votre productivit\u00e9 et votre efficacit\u00e9 d\u00e8s aujourd&#039;hui.\" \/>\n<meta property=\"og:url\" content=\"https:\/\/www.gantner-instruments.com\/fr\/support-et-telechargements\/telechargements-q-series-classic\/\" \/>\n<meta property=\"og:site_name\" content=\"Gantner Instruments\" \/>\n<meta property=\"article:publisher\" content=\"https:\/\/www.facebook.com\/Gantner.Instruments\/\" \/>\n<meta property=\"article:modified_time\" content=\"2023-10-19T11:55:03+00:00\" \/>\n<meta name=\"twitter:card\" content=\"summary_large_image\" \/>\n<meta name=\"twitter:site\" content=\"@gantnerinst\" \/>\n<script type=\"application\/ld+json\" class=\"yoast-schema-graph\">{\"@context\":\"https:\\\/\\\/schema.org\",\"@graph\":[{\"@type\":\"WebPage\",\"@id\":\"https:\\\/\\\/www.gantner-instruments.com\\\/fr\\\/support-et-telechargements\\\/telechargements-q-series-classic\\\/\",\"url\":\"https:\\\/\\\/www.gantner-instruments.com\\\/fr\\\/support-et-telechargements\\\/telechargements-q-series-classic\\\/\",\"name\":\"T\u00e9l\u00e9chargements Q.series Classic - Gantner Instruments\",\"isPartOf\":{\"@id\":\"https:\\\/\\\/wordpress-113628-2737190.cloudwaysapps.com\\\/#website\"},\"datePublished\":\"2023-07-17T10:15:09+00:00\",\"dateModified\":\"2023-10-19T11:55:03+00:00\",\"description\":\"T\u00e9l\u00e9chargement Q.series Classic : Lib\u00e9rez la puissance des outils avanc\u00e9s avec nos t\u00e9l\u00e9chargements de logiciels. Am\u00e9liorez votre productivit\u00e9 et votre efficacit\u00e9 d\u00e8s aujourd'hui.\",\"breadcrumb\":{\"@id\":\"https:\\\/\\\/www.gantner-instruments.com\\\/fr\\\/support-et-telechargements\\\/telechargements-q-series-classic\\\/#breadcrumb\"},\"inLanguage\":\"fr-FR\",\"potentialAction\":[{\"@type\":\"ReadAction\",\"target\":[\"https:\\\/\\\/www.gantner-instruments.com\\\/fr\\\/support-et-telechargements\\\/telechargements-q-series-classic\\\/\"]}]},{\"@type\":\"BreadcrumbList\",\"@id\":\"https:\\\/\\\/www.gantner-instruments.com\\\/fr\\\/support-et-telechargements\\\/telechargements-q-series-classic\\\/#breadcrumb\",\"itemListElement\":[{\"@type\":\"ListItem\",\"position\":1,\"name\":\"Home\",\"item\":\"https:\\\/\\\/www.gantner-instruments.com\\\/fr\\\/\"},{\"@type\":\"ListItem\",\"position\":2,\"name\":\"Support et t\u00e9l\u00e9chargements\",\"item\":\"https:\\\/\\\/www.gantner-instruments.com\\\/fr\\\/support-et-telechargements\\\/\"},{\"@type\":\"ListItem\",\"position\":3,\"name\":\"T\u00e9l\u00e9chargements Q.series Classic\"}]},{\"@type\":\"WebSite\",\"@id\":\"https:\\\/\\\/wordpress-113628-2737190.cloudwaysapps.com\\\/#website\",\"url\":\"https:\\\/\\\/wordpress-113628-2737190.cloudwaysapps.com\\\/\",\"name\":\"Gantner Instruments\",\"description\":\"\",\"publisher\":{\"@id\":\"https:\\\/\\\/wordpress-113628-2737190.cloudwaysapps.com\\\/#organization\"},\"alternateName\":\"GI\",\"potentialAction\":[{\"@type\":\"SearchAction\",\"target\":{\"@type\":\"EntryPoint\",\"urlTemplate\":\"https:\\\/\\\/wordpress-113628-2737190.cloudwaysapps.com\\\/?s={search_term_string}\"},\"query-input\":{\"@type\":\"PropertyValueSpecification\",\"valueRequired\":true,\"valueName\":\"search_term_string\"}}],\"inLanguage\":\"fr-FR\"},{\"@type\":\"Organization\",\"@id\":\"https:\\\/\\\/wordpress-113628-2737190.cloudwaysapps.com\\\/#organization\",\"name\":\"Gantner Instruments\",\"url\":\"https:\\\/\\\/wordpress-113628-2737190.cloudwaysapps.com\\\/\",\"logo\":{\"@type\":\"ImageObject\",\"inLanguage\":\"fr-FR\",\"@id\":\"https:\\\/\\\/wordpress-113628-2737190.cloudwaysapps.com\\\/#\\\/schema\\\/logo\\\/image\\\/\",\"url\":\"https:\\\/\\\/www.gantner-instruments.com\\\/wp-content\\\/uploads\\\/2022\\\/08\\\/logowhite.svg\",\"contentUrl\":\"https:\\\/\\\/www.gantner-instruments.com\\\/wp-content\\\/uploads\\\/2022\\\/08\\\/logowhite.svg\",\"width\":151,\"height\":41,\"caption\":\"Gantner Instruments\"},\"image\":{\"@id\":\"https:\\\/\\\/wordpress-113628-2737190.cloudwaysapps.com\\\/#\\\/schema\\\/logo\\\/image\\\/\"},\"sameAs\":[\"https:\\\/\\\/www.facebook.com\\\/Gantner.Instruments\\\/\",\"https:\\\/\\\/x.com\\\/gantnerinst\",\"https:\\\/\\\/www.linkedin.com\\\/company\\\/989261\\\/admin\\\/\",\"https:\\\/\\\/www.youtube.com\\\/channel\\\/UC9uIPaqfz96Iz6ZD2qf89Hw\",\"https:\\\/\\\/www.instagram.com\\\/gantner_instruments\\\/\"]}]}<\/script>\n<!-- \/ Yoast SEO plugin. -->","yoast_head_json":{"title":"T\u00e9l\u00e9chargements Q.series Classic - Gantner Instruments","description":"T\u00e9l\u00e9chargement Q.series Classic : Lib\u00e9rez la puissance des outils avanc\u00e9s avec nos t\u00e9l\u00e9chargements de logiciels. Am\u00e9liorez votre productivit\u00e9 et votre efficacit\u00e9 d\u00e8s aujourd'hui.","robots":{"index":"index","follow":"follow","max-snippet":"max-snippet:-1","max-image-preview":"max-image-preview:large","max-video-preview":"max-video-preview:-1"},"canonical":"https:\/\/www.gantner-instruments.com\/fr\/support-et-telechargements\/telechargements-q-series-classic\/","og_locale":"fr_FR","og_type":"article","og_title":"T\u00e9l\u00e9chargements Q.series Classic - Gantner Instruments","og_description":"T\u00e9l\u00e9chargement Q.series Classic : Lib\u00e9rez la puissance des outils avanc\u00e9s avec nos t\u00e9l\u00e9chargements de logiciels. Am\u00e9liorez votre productivit\u00e9 et votre efficacit\u00e9 d\u00e8s aujourd'hui.","og_url":"https:\/\/www.gantner-instruments.com\/fr\/support-et-telechargements\/telechargements-q-series-classic\/","og_site_name":"Gantner Instruments","article_publisher":"https:\/\/www.facebook.com\/Gantner.Instruments\/","article_modified_time":"2023-10-19T11:55:03+00:00","twitter_card":"summary_large_image","twitter_site":"@gantnerinst","schema":{"@context":"https:\/\/schema.org","@graph":[{"@type":"WebPage","@id":"https:\/\/www.gantner-instruments.com\/fr\/support-et-telechargements\/telechargements-q-series-classic\/","url":"https:\/\/www.gantner-instruments.com\/fr\/support-et-telechargements\/telechargements-q-series-classic\/","name":"T\u00e9l\u00e9chargements Q.series Classic - Gantner Instruments","isPartOf":{"@id":"https:\/\/wordpress-113628-2737190.cloudwaysapps.com\/#website"},"datePublished":"2023-07-17T10:15:09+00:00","dateModified":"2023-10-19T11:55:03+00:00","description":"T\u00e9l\u00e9chargement Q.series Classic : Lib\u00e9rez la puissance des outils avanc\u00e9s avec nos t\u00e9l\u00e9chargements de logiciels. Am\u00e9liorez votre productivit\u00e9 et votre efficacit\u00e9 d\u00e8s aujourd'hui.","breadcrumb":{"@id":"https:\/\/www.gantner-instruments.com\/fr\/support-et-telechargements\/telechargements-q-series-classic\/#breadcrumb"},"inLanguage":"fr-FR","potentialAction":[{"@type":"ReadAction","target":["https:\/\/www.gantner-instruments.com\/fr\/support-et-telechargements\/telechargements-q-series-classic\/"]}]},{"@type":"BreadcrumbList","@id":"https:\/\/www.gantner-instruments.com\/fr\/support-et-telechargements\/telechargements-q-series-classic\/#breadcrumb","itemListElement":[{"@type":"ListItem","position":1,"name":"Home","item":"https:\/\/www.gantner-instruments.com\/fr\/"},{"@type":"ListItem","position":2,"name":"Support et t\u00e9l\u00e9chargements","item":"https:\/\/www.gantner-instruments.com\/fr\/support-et-telechargements\/"},{"@type":"ListItem","position":3,"name":"T\u00e9l\u00e9chargements Q.series Classic"}]},{"@type":"WebSite","@id":"https:\/\/wordpress-113628-2737190.cloudwaysapps.com\/#website","url":"https:\/\/wordpress-113628-2737190.cloudwaysapps.com\/","name":"Gantner Instruments","description":"","publisher":{"@id":"https:\/\/wordpress-113628-2737190.cloudwaysapps.com\/#organization"},"alternateName":"GI","potentialAction":[{"@type":"SearchAction","target":{"@type":"EntryPoint","urlTemplate":"https:\/\/wordpress-113628-2737190.cloudwaysapps.com\/?s={search_term_string}"},"query-input":{"@type":"PropertyValueSpecification","valueRequired":true,"valueName":"search_term_string"}}],"inLanguage":"fr-FR"},{"@type":"Organization","@id":"https:\/\/wordpress-113628-2737190.cloudwaysapps.com\/#organization","name":"Gantner Instruments","url":"https:\/\/wordpress-113628-2737190.cloudwaysapps.com\/","logo":{"@type":"ImageObject","inLanguage":"fr-FR","@id":"https:\/\/wordpress-113628-2737190.cloudwaysapps.com\/#\/schema\/logo\/image\/","url":"https:\/\/www.gantner-instruments.com\/wp-content\/uploads\/2022\/08\/logowhite.svg","contentUrl":"https:\/\/www.gantner-instruments.com\/wp-content\/uploads\/2022\/08\/logowhite.svg","width":151,"height":41,"caption":"Gantner Instruments"},"image":{"@id":"https:\/\/wordpress-113628-2737190.cloudwaysapps.com\/#\/schema\/logo\/image\/"},"sameAs":["https:\/\/www.facebook.com\/Gantner.Instruments\/","https:\/\/x.com\/gantnerinst","https:\/\/www.linkedin.com\/company\/989261\/admin\/","https:\/\/www.youtube.com\/channel\/UC9uIPaqfz96Iz6ZD2qf89Hw","https:\/\/www.instagram.com\/gantner_instruments\/"]}]}},"_links":{"self":[{"href":"https:\/\/www.gantner-instruments.com\/fr\/wp-json\/wp\/v2\/pages\/72900","targetHints":{"allow":["GET"]}}],"collection":[{"href":"https:\/\/www.gantner-instruments.com\/fr\/wp-json\/wp\/v2\/pages"}],"about":[{"href":"https:\/\/www.gantner-instruments.com\/fr\/wp-json\/wp\/v2\/types\/page"}],"author":[{"embeddable":true,"href":"https:\/\/www.gantner-instruments.com\/fr\/wp-json\/wp\/v2\/users\/6"}],"replies":[{"embeddable":true,"href":"https:\/\/www.gantner-instruments.com\/fr\/wp-json\/wp\/v2\/comments?post=72900"}],"version-history":[{"count":0,"href":"https:\/\/www.gantner-instruments.com\/fr\/wp-json\/wp\/v2\/pages\/72900\/revisions"}],"up":[{"embeddable":true,"href":"https:\/\/www.gantner-instruments.com\/fr\/wp-json\/wp\/v2\/pages\/72217"}],"wp:attachment":[{"href":"https:\/\/www.gantner-instruments.com\/fr\/wp-json\/wp\/v2\/media?parent=72900"}],"curies":[{"name":"wp","href":"https:\/\/api.w.org\/{rel}","templated":true}]}}