{"id":72222,"date":"2022-12-06T14:05:56","date_gmt":"2022-12-06T14:05:56","guid":{"rendered":"https:\/\/www.gantner-instruments.com\/impression\/"},"modified":"2025-03-04T17:10:52","modified_gmt":"2025-03-04T17:10:52","slug":"impression","status":"publish","type":"page","link":"https:\/\/www.gantner-instruments.com\/fr\/impression\/","title":{"rendered":"Impression"},"content":{"rendered":"\t\t<div data-elementor-type=\"wp-page\" data-elementor-id=\"72222\" class=\"elementor elementor-72222 elementor-42268\" data-elementor-post-type=\"page\">\n\t\t\t\t\t\t<section class=\"elementor-section elementor-top-section elementor-element elementor-element-367cc4e elementor-section-full_width elementor-section-height-full _coverSection _medium elementor-section-height-default elementor-section-items-middle\" data-id=\"367cc4e\" data-element_type=\"section\" data-e-type=\"section\">\n\t\t\t\t\t\t<div class=\"elementor-container elementor-column-gap-default\">\n\t\t\t\t\t<div class=\"elementor-column elementor-col-100 elementor-top-column elementor-element elementor-element-0428354\" data-id=\"0428354\" data-element_type=\"column\" data-e-type=\"column\">\n\t\t\t<div class=\"elementor-widget-wrap elementor-element-populated\">\n\t\t\t\t\t\t<section class=\"elementor-section elementor-inner-section elementor-element elementor-element-e5cd81a elementor-section-full_width elementor-section-height-full elementor-section-height-default\" data-id=\"e5cd81a\" data-element_type=\"section\" data-e-type=\"section\">\n\t\t\t\t\t\t<div class=\"elementor-container elementor-column-gap-default\">\n\t\t\t\t\t<div class=\"elementor-column elementor-col-100 elementor-inner-column elementor-element elementor-element-952df6e\" data-id=\"952df6e\" data-element_type=\"column\" data-e-type=\"column\" data-settings=\"{&quot;background_background&quot;:&quot;classic&quot;}\">\n\t\t\t<div class=\"elementor-widget-wrap elementor-element-populated\">\n\t\t\t\t\t\t<div class=\"elementor-element elementor-element-4b80938 elementor-widget__width-initial elementor-widget elementor-widget-heading\" data-id=\"4b80938\" data-element_type=\"widget\" data-e-type=\"widget\" data-widget_type=\"heading.default\">\n\t\t\t\t<div class=\"elementor-widget-container\">\n\t\t\t\t\t<h1 class=\"elementor-heading-title elementor-size-default\">Impression<\/h1>\t\t\t\t<\/div>\n\t\t\t\t<\/div>\n\t\t\t\t<div class=\"elementor-element elementor-element-5d91701 elementor-absolute _imageWithShadow elementor-widget elementor-widget-image\" data-id=\"5d91701\" data-element_type=\"widget\" data-e-type=\"widget\" data-settings=\"{&quot;_position&quot;:&quot;absolute&quot;}\" data-widget_type=\"image.default\">\n\t\t\t\t<div class=\"elementor-widget-container\">\n\t\t\t\t\t\t\t\t\t\t\t\t\t\t\t<img fetchpriority=\"high\" decoding=\"async\" width=\"2048\" height=\"1365\" src=\"https:\/\/www.gantner-instruments.com\/wp-content\/uploads\/2022\/12\/DSC01168.jpg\" class=\"attachment-2048x2048 size-2048x2048 wp-image-48258\" alt=\"\" \/>\t\t\t\t\t\t\t\t\t\t\t\t\t\t\t<\/div>\n\t\t\t\t<\/div>\n\t\t\t\t\t<\/div>\n\t\t<\/div>\n\t\t\t\t\t<\/div>\n\t\t<\/section>\n\t\t\t\t\t<\/div>\n\t\t<\/div>\n\t\t\t\t\t<\/div>\n\t\t<\/section>\n\t\t\t\t<section class=\"elementor-section elementor-top-section elementor-element elementor-element-2059642 elementor-section-boxed elementor-section-height-default elementor-section-height-default\" data-id=\"2059642\" data-element_type=\"section\" data-e-type=\"section\">\n\t\t\t\t\t\t<div class=\"elementor-container elementor-column-gap-default\">\n\t\t\t\t\t<div class=\"elementor-column elementor-col-100 elementor-top-column elementor-element elementor-element-f121547\" data-id=\"f121547\" data-element_type=\"column\" data-e-type=\"column\">\n\t\t\t<div class=\"elementor-widget-wrap elementor-element-populated\">\n\t\t\t\t\t\t<div class=\"elementor-element elementor-element-5ec49b9 elementor-widget elementor-widget-text-editor\" data-id=\"5ec49b9\" data-element_type=\"widget\" data-e-type=\"widget\" data-widget_type=\"text-editor.default\">\n\t\t\t\t<div class=\"elementor-widget-container\">\n\t\t\t\t\t\t\t\t\t<h1 class=\"adsimple-122923263\">Avis juridique<\/h1>\n<p class=\"adsimple-122923263\">Informations sur le fournisseur de services.<\/p>\n<p><strong>Gantner Instruments<\/strong><\/p>\n<p class=\"adsimple-122923263\">Montafonerstrasse 4, <br \/>6780 Schruns, <br \/>\u00d6sterreich<\/p>\n<p><strong>Num\u00e9ro de t\u00e9l\u00e9phone :<\/strong> +43 5556 774630<br \/><strong> Courriel :<\/strong> <a href=\"mailto:info@gantner-instruments.com\">info@gantner-instruments.com<\/a><\/p>\n<div style=\"display: none;\"> <\/div>\n<p><strong>Num\u00e9ro de registre du commerce :<\/strong> FN245174a<br \/><strong>Tribunal du registre du commerce :<\/strong> LG Feldkirch<br \/><strong>Si\u00e8ge social :<\/strong> 6780 Schruns<br \/><strong>Objectif de l&#8217;entreprise :<\/strong> D\u00e9veloppement, fabrication et vente de technologies de l&#8217;air et de l&#8217;eau<br \/><strong>Num\u00e9ro de TVA :<\/strong> ATU57733723<br \/><strong>GLN (Global Location Number) :<\/strong> 9110016632070<br \/><strong>GISA (Business Information System Austria) :<\/strong> 30201361, 30201408<br \/> <strong> Membre de :<\/strong> WKO Vorarlberg<br \/> <strong> Droit professionnel :<\/strong> Allg. Lieferbedingungen der Elektro- und Elektronikindustrie <\/p>\n<div style=\"display: none;\"> <\/div>\n<p> <strong> Autorit\u00e9 de contr\u00f4le :<\/strong><\/p>\n<p>BH Bludenz<br \/>Schluss-Gayenhofenplatz 2<br \/>6700 Bludenz<br \/><strong>Website :<\/strong> vorarlberg.at\/-\/bh-bludenz<\/p>\n<div style=\"display: none;\"> <\/div>\n<p><strong>\u00c9tat d&#8217;octroi :<\/strong> \u00d6sterreich<\/p>\n<div style=\"display: none;\"> <\/div>\n<p><strong>Directeur g\u00e9n\u00e9ral :<\/strong> Werner Ganahl<\/p>\n<p><strong>Responsable de la protection des donn\u00e9es<\/strong><\/p>\n<p>Rene Gruber<br \/>datenschutz@gantner-instruments.com<br \/>Montafonerstra\u00dfe 4<br \/>6780 Schruns \/ Austria<br \/><strong>Email :<\/strong> <a href=\"mailto:datenschutz@gantner-instruments.com\">datenschutz@gantner-instruments.com<\/a><\/p>\n<p><strong>T\u00e9l\u00e9phone :<\/strong> 05556 774630<br \/><strong>Mentions l\u00e9gales<\/strong> <a href=\"https:\/\/www.gantner-instruments.com\/imprint\/\" target=\"_blank\" rel=\"noopener\">: https:\/\/www.gantner-instruments.com\/imprint\/<\/a><\/p>\n<div style=\"display: none;\"> <\/div>\n<div style=\"display: none;\"> <\/div>\n<div style=\"display: none;\"> <\/div>\n<div style=\"display: none;\"> <\/div>\n<h2 id=\"eu-streitschlichtung\" class=\"adsimple-122923263 fusion-responsive-typography-calculated\" style=\"--fontsize: 24; line-height: 1.5; --minfontsize: 24;\" data-fontsize=\"24\" data-lineheight=\"36px\">R\u00e9solution des litiges dans l&#8217;UE<\/h2>\n<p class=\"adsimple-122923263\">Nous souhaitons vous informer sur la plate-forme de r\u00e8glement en ligne des litiges (plate-forme ODR) conform\u00e9ment au r\u00e8glement relatif au r\u00e8glement en ligne des litiges de consommation (r\u00e8glement ODR).<br \/>Les consommateurs ont la possibilit\u00e9 de d\u00e9poser des plaintes aupr\u00e8s de la plate-forme de r\u00e8glement en ligne des litiges de la Commission europ\u00e9enne \u00e0 l&#8217;adresse suivante <a class=\"adsimple-122923263\" href=\"https:\/\/ec.europa.eu\/consumers\/odr\/main\/?event=main.home2.show\" target=\"_blank\" rel=\"follow noopener\">: https:\/\/ec.europa.eu\/consumers\/odr\/main\/?event=main.home2.show<\/a>. Vous trouverez les coordonn\u00e9es n\u00e9cessaires dans nos mentions l\u00e9gales ci-dessus. <\/p>\n<p class=\"adsimple-122923263\">Nous tenons toutefois \u00e0 pr\u00e9ciser que nous ne sommes pas dispos\u00e9s \u00e0 participer \u00e0 des proc\u00e9dures de r\u00e8glement des litiges devant une commission d&#8217;arbitrage des consommateurs et que nous ne sommes pas oblig\u00e9s de le faire.<\/p>\n<p>Tous les textes sont prot\u00e9g\u00e9s par le droit d&#8217;auteur.<\/p>\n\t\t\t\t\t\t\t\t<\/div>\n\t\t\t\t<\/div>\n\t\t\t\t\t<\/div>\n\t\t<\/div>\n\t\t\t\t\t<\/div>\n\t\t<\/section>\n\t\t\t\t<\/div>\n\t\t","protected":false},"excerpt":{"rendered":"<p>Impression Avis juridique Informations sur le fournisseur de services. Gantner Instruments Montafonerstrasse 4, 6780 Schruns, \u00d6sterreich Num\u00e9ro de t\u00e9l\u00e9phone : +43 5556 774630 Courriel : info@gantner-instruments.com Num\u00e9ro de registre du [&hellip;]<\/p>\n","protected":false},"author":6,"featured_media":48258,"parent":0,"menu_order":1,"comment_status":"closed","ping_status":"closed","template":"","meta":{"_acf_changed":false,"footnotes":""},"class_list":["post-72222","page","type-page","status-publish","has-post-thumbnail","hentry"],"acf":[],"yoast_head":"<!-- This site is optimized with the Yoast SEO plugin v27.4 - https:\/\/yoast.com\/product\/yoast-seo-wordpress\/ -->\n<title>Impression - Gantner Instruments<\/title>\n<meta name=\"description\" content=\"mentions l\u00e9gales Gantner Instruments: des informations transparentes et compl\u00e8tes sur notre entreprise. D\u00e9couvrez nos valeurs et nos engagements.\" \/>\n<meta name=\"robots\" content=\"index, follow, max-snippet:-1, max-image-preview:large, max-video-preview:-1\" \/>\n<link rel=\"canonical\" href=\"https:\/\/www.gantner-instruments.com\/fr\/impression\/\" \/>\n<meta property=\"og:locale\" content=\"fr_FR\" \/>\n<meta property=\"og:type\" content=\"article\" \/>\n<meta property=\"og:title\" content=\"Impression - Gantner Instruments\" \/>\n<meta property=\"og:description\" content=\"mentions l\u00e9gales Gantner Instruments: des informations transparentes et compl\u00e8tes sur notre entreprise. D\u00e9couvrez nos valeurs et nos engagements.\" \/>\n<meta property=\"og:url\" content=\"https:\/\/www.gantner-instruments.com\/fr\/impression\/\" \/>\n<meta property=\"og:site_name\" content=\"Gantner Instruments\" \/>\n<meta property=\"article:publisher\" content=\"https:\/\/www.facebook.com\/Gantner.Instruments\/\" \/>\n<meta property=\"article:modified_time\" content=\"2025-03-04T17:10:52+00:00\" \/>\n<meta property=\"og:image\" content=\"https:\/\/www.gantner-instruments.com\/wp-content\/uploads\/2022\/12\/DSC01168.jpg\" \/>\n\t<meta property=\"og:image:width\" content=\"2560\" \/>\n\t<meta property=\"og:image:height\" content=\"1706\" \/>\n\t<meta property=\"og:image:type\" content=\"image\/jpeg\" \/>\n<meta name=\"twitter:card\" content=\"summary_large_image\" \/>\n<meta name=\"twitter:site\" content=\"@gantnerinst\" \/>\n<meta name=\"twitter:label1\" content=\"Dur\u00e9e de lecture estim\u00e9e\" \/>\n\t<meta name=\"twitter:data1\" content=\"1 minute\" \/>\n<script type=\"application\/ld+json\" class=\"yoast-schema-graph\">{\"@context\":\"https:\\\/\\\/schema.org\",\"@graph\":[{\"@type\":\"WebPage\",\"@id\":\"https:\\\/\\\/www.gantner-instruments.com\\\/fr\\\/impression\\\/\",\"url\":\"https:\\\/\\\/www.gantner-instruments.com\\\/fr\\\/impression\\\/\",\"name\":\"Impression - Gantner Instruments\",\"isPartOf\":{\"@id\":\"https:\\\/\\\/wordpress-113628-2737190.cloudwaysapps.com\\\/#website\"},\"primaryImageOfPage\":{\"@id\":\"https:\\\/\\\/www.gantner-instruments.com\\\/fr\\\/impression\\\/#primaryimage\"},\"image\":{\"@id\":\"https:\\\/\\\/www.gantner-instruments.com\\\/fr\\\/impression\\\/#primaryimage\"},\"thumbnailUrl\":\"https:\\\/\\\/www.gantner-instruments.com\\\/wp-content\\\/uploads\\\/2022\\\/12\\\/DSC01168.jpg\",\"datePublished\":\"2022-12-06T14:05:56+00:00\",\"dateModified\":\"2025-03-04T17:10:52+00:00\",\"description\":\"mentions l\u00e9gales Gantner Instruments: des informations transparentes et compl\u00e8tes sur notre entreprise. D\u00e9couvrez nos valeurs et nos engagements.\",\"breadcrumb\":{\"@id\":\"https:\\\/\\\/www.gantner-instruments.com\\\/fr\\\/impression\\\/#breadcrumb\"},\"inLanguage\":\"fr-FR\",\"potentialAction\":[{\"@type\":\"ReadAction\",\"target\":[\"https:\\\/\\\/www.gantner-instruments.com\\\/fr\\\/impression\\\/\"]}]},{\"@type\":\"ImageObject\",\"inLanguage\":\"fr-FR\",\"@id\":\"https:\\\/\\\/www.gantner-instruments.com\\\/fr\\\/impression\\\/#primaryimage\",\"url\":\"https:\\\/\\\/www.gantner-instruments.com\\\/wp-content\\\/uploads\\\/2022\\\/12\\\/DSC01168.jpg\",\"contentUrl\":\"https:\\\/\\\/www.gantner-instruments.com\\\/wp-content\\\/uploads\\\/2022\\\/12\\\/DSC01168.jpg\",\"width\":2560,\"height\":1706},{\"@type\":\"BreadcrumbList\",\"@id\":\"https:\\\/\\\/www.gantner-instruments.com\\\/fr\\\/impression\\\/#breadcrumb\",\"itemListElement\":[{\"@type\":\"ListItem\",\"position\":1,\"name\":\"Home\",\"item\":\"https:\\\/\\\/www.gantner-instruments.com\\\/fr\\\/\"},{\"@type\":\"ListItem\",\"position\":2,\"name\":\"Impression\"}]},{\"@type\":\"WebSite\",\"@id\":\"https:\\\/\\\/wordpress-113628-2737190.cloudwaysapps.com\\\/#website\",\"url\":\"https:\\\/\\\/wordpress-113628-2737190.cloudwaysapps.com\\\/\",\"name\":\"Gantner Instruments\",\"description\":\"\",\"publisher\":{\"@id\":\"https:\\\/\\\/wordpress-113628-2737190.cloudwaysapps.com\\\/#organization\"},\"alternateName\":\"GI\",\"potentialAction\":[{\"@type\":\"SearchAction\",\"target\":{\"@type\":\"EntryPoint\",\"urlTemplate\":\"https:\\\/\\\/wordpress-113628-2737190.cloudwaysapps.com\\\/?s={search_term_string}\"},\"query-input\":{\"@type\":\"PropertyValueSpecification\",\"valueRequired\":true,\"valueName\":\"search_term_string\"}}],\"inLanguage\":\"fr-FR\"},{\"@type\":\"Organization\",\"@id\":\"https:\\\/\\\/wordpress-113628-2737190.cloudwaysapps.com\\\/#organization\",\"name\":\"Gantner Instruments\",\"url\":\"https:\\\/\\\/wordpress-113628-2737190.cloudwaysapps.com\\\/\",\"logo\":{\"@type\":\"ImageObject\",\"inLanguage\":\"fr-FR\",\"@id\":\"https:\\\/\\\/wordpress-113628-2737190.cloudwaysapps.com\\\/#\\\/schema\\\/logo\\\/image\\\/\",\"url\":\"https:\\\/\\\/www.gantner-instruments.com\\\/wp-content\\\/uploads\\\/2022\\\/08\\\/logowhite.svg\",\"contentUrl\":\"https:\\\/\\\/www.gantner-instruments.com\\\/wp-content\\\/uploads\\\/2022\\\/08\\\/logowhite.svg\",\"width\":151,\"height\":41,\"caption\":\"Gantner Instruments\"},\"image\":{\"@id\":\"https:\\\/\\\/wordpress-113628-2737190.cloudwaysapps.com\\\/#\\\/schema\\\/logo\\\/image\\\/\"},\"sameAs\":[\"https:\\\/\\\/www.facebook.com\\\/Gantner.Instruments\\\/\",\"https:\\\/\\\/x.com\\\/gantnerinst\",\"https:\\\/\\\/www.linkedin.com\\\/company\\\/989261\\\/admin\\\/\",\"https:\\\/\\\/www.youtube.com\\\/channel\\\/UC9uIPaqfz96Iz6ZD2qf89Hw\",\"https:\\\/\\\/www.instagram.com\\\/gantner_instruments\\\/\"]}]}<\/script>\n<!-- \/ Yoast SEO plugin. -->","yoast_head_json":{"title":"Impression - Gantner Instruments","description":"mentions l\u00e9gales Gantner Instruments: des informations transparentes et compl\u00e8tes sur notre entreprise. D\u00e9couvrez nos valeurs et nos engagements.","robots":{"index":"index","follow":"follow","max-snippet":"max-snippet:-1","max-image-preview":"max-image-preview:large","max-video-preview":"max-video-preview:-1"},"canonical":"https:\/\/www.gantner-instruments.com\/fr\/impression\/","og_locale":"fr_FR","og_type":"article","og_title":"Impression - Gantner Instruments","og_description":"mentions l\u00e9gales Gantner Instruments: des informations transparentes et compl\u00e8tes sur notre entreprise. D\u00e9couvrez nos valeurs et nos engagements.","og_url":"https:\/\/www.gantner-instruments.com\/fr\/impression\/","og_site_name":"Gantner Instruments","article_publisher":"https:\/\/www.facebook.com\/Gantner.Instruments\/","article_modified_time":"2025-03-04T17:10:52+00:00","og_image":[{"width":2560,"height":1706,"url":"https:\/\/www.gantner-instruments.com\/wp-content\/uploads\/2022\/12\/DSC01168.jpg","type":"image\/jpeg"}],"twitter_card":"summary_large_image","twitter_site":"@gantnerinst","twitter_misc":{"Dur\u00e9e de lecture estim\u00e9e":"1 minute"},"schema":{"@context":"https:\/\/schema.org","@graph":[{"@type":"WebPage","@id":"https:\/\/www.gantner-instruments.com\/fr\/impression\/","url":"https:\/\/www.gantner-instruments.com\/fr\/impression\/","name":"Impression - Gantner Instruments","isPartOf":{"@id":"https:\/\/wordpress-113628-2737190.cloudwaysapps.com\/#website"},"primaryImageOfPage":{"@id":"https:\/\/www.gantner-instruments.com\/fr\/impression\/#primaryimage"},"image":{"@id":"https:\/\/www.gantner-instruments.com\/fr\/impression\/#primaryimage"},"thumbnailUrl":"https:\/\/www.gantner-instruments.com\/wp-content\/uploads\/2022\/12\/DSC01168.jpg","datePublished":"2022-12-06T14:05:56+00:00","dateModified":"2025-03-04T17:10:52+00:00","description":"mentions l\u00e9gales Gantner Instruments: des informations transparentes et compl\u00e8tes sur notre entreprise. D\u00e9couvrez nos valeurs et nos engagements.","breadcrumb":{"@id":"https:\/\/www.gantner-instruments.com\/fr\/impression\/#breadcrumb"},"inLanguage":"fr-FR","potentialAction":[{"@type":"ReadAction","target":["https:\/\/www.gantner-instruments.com\/fr\/impression\/"]}]},{"@type":"ImageObject","inLanguage":"fr-FR","@id":"https:\/\/www.gantner-instruments.com\/fr\/impression\/#primaryimage","url":"https:\/\/www.gantner-instruments.com\/wp-content\/uploads\/2022\/12\/DSC01168.jpg","contentUrl":"https:\/\/www.gantner-instruments.com\/wp-content\/uploads\/2022\/12\/DSC01168.jpg","width":2560,"height":1706},{"@type":"BreadcrumbList","@id":"https:\/\/www.gantner-instruments.com\/fr\/impression\/#breadcrumb","itemListElement":[{"@type":"ListItem","position":1,"name":"Home","item":"https:\/\/www.gantner-instruments.com\/fr\/"},{"@type":"ListItem","position":2,"name":"Impression"}]},{"@type":"WebSite","@id":"https:\/\/wordpress-113628-2737190.cloudwaysapps.com\/#website","url":"https:\/\/wordpress-113628-2737190.cloudwaysapps.com\/","name":"Gantner Instruments","description":"","publisher":{"@id":"https:\/\/wordpress-113628-2737190.cloudwaysapps.com\/#organization"},"alternateName":"GI","potentialAction":[{"@type":"SearchAction","target":{"@type":"EntryPoint","urlTemplate":"https:\/\/wordpress-113628-2737190.cloudwaysapps.com\/?s={search_term_string}"},"query-input":{"@type":"PropertyValueSpecification","valueRequired":true,"valueName":"search_term_string"}}],"inLanguage":"fr-FR"},{"@type":"Organization","@id":"https:\/\/wordpress-113628-2737190.cloudwaysapps.com\/#organization","name":"Gantner Instruments","url":"https:\/\/wordpress-113628-2737190.cloudwaysapps.com\/","logo":{"@type":"ImageObject","inLanguage":"fr-FR","@id":"https:\/\/wordpress-113628-2737190.cloudwaysapps.com\/#\/schema\/logo\/image\/","url":"https:\/\/www.gantner-instruments.com\/wp-content\/uploads\/2022\/08\/logowhite.svg","contentUrl":"https:\/\/www.gantner-instruments.com\/wp-content\/uploads\/2022\/08\/logowhite.svg","width":151,"height":41,"caption":"Gantner Instruments"},"image":{"@id":"https:\/\/wordpress-113628-2737190.cloudwaysapps.com\/#\/schema\/logo\/image\/"},"sameAs":["https:\/\/www.facebook.com\/Gantner.Instruments\/","https:\/\/x.com\/gantnerinst","https:\/\/www.linkedin.com\/company\/989261\/admin\/","https:\/\/www.youtube.com\/channel\/UC9uIPaqfz96Iz6ZD2qf89Hw","https:\/\/www.instagram.com\/gantner_instruments\/"]}]}},"_links":{"self":[{"href":"https:\/\/www.gantner-instruments.com\/fr\/wp-json\/wp\/v2\/pages\/72222","targetHints":{"allow":["GET"]}}],"collection":[{"href":"https:\/\/www.gantner-instruments.com\/fr\/wp-json\/wp\/v2\/pages"}],"about":[{"href":"https:\/\/www.gantner-instruments.com\/fr\/wp-json\/wp\/v2\/types\/page"}],"author":[{"embeddable":true,"href":"https:\/\/www.gantner-instruments.com\/fr\/wp-json\/wp\/v2\/users\/6"}],"replies":[{"embeddable":true,"href":"https:\/\/www.gantner-instruments.com\/fr\/wp-json\/wp\/v2\/comments?post=72222"}],"version-history":[{"count":0,"href":"https:\/\/www.gantner-instruments.com\/fr\/wp-json\/wp\/v2\/pages\/72222\/revisions"}],"wp:featuredmedia":[{"embeddable":true,"href":"https:\/\/www.gantner-instruments.com\/fr\/wp-json\/wp\/v2\/media\/48258"}],"wp:attachment":[{"href":"https:\/\/www.gantner-instruments.com\/fr\/wp-json\/wp\/v2\/media?parent=72222"}],"curies":[{"name":"wp","href":"https:\/\/api.w.org\/{rel}","templated":true}]}}