{"id":72217,"date":"2022-11-16T13:42:51","date_gmt":"2022-11-16T13:42:51","guid":{"rendered":"https:\/\/www.gantner-instruments.com\/support-et-telechargements\/"},"modified":"2023-10-19T11:51:16","modified_gmt":"2023-10-19T11:51:16","slug":"support-et-telechargements","status":"publish","type":"page","link":"https:\/\/www.gantner-instruments.com\/fr\/support-et-telechargements\/","title":{"rendered":"Support et t\u00e9l\u00e9chargements"},"content":{"rendered":"\t\t<div data-elementor-type=\"wp-page\" data-elementor-id=\"72217\" class=\"elementor elementor-72217 elementor-39009\" data-elementor-post-type=\"page\">\n\t\t\t\t\t\t<section class=\"elementor-section elementor-top-section elementor-element elementor-element-df04a9b elementor-section-full_width elementor-section-height-full _coverSectionMain elementor-section-height-default elementor-section-items-middle\" data-id=\"df04a9b\" data-element_type=\"section\" data-e-type=\"section\">\n\t\t\t\t\t\t<div class=\"elementor-container elementor-column-gap-default\">\n\t\t\t\t\t<div class=\"elementor-column elementor-col-100 elementor-top-column elementor-element elementor-element-f9a7eaa\" data-id=\"f9a7eaa\" data-element_type=\"column\" data-e-type=\"column\">\n\t\t\t<div class=\"elementor-widget-wrap elementor-element-populated\">\n\t\t\t\t\t\t<section class=\"elementor-section elementor-inner-section elementor-element elementor-element-1454926 elementor-section-full_width elementor-section-height-full elementor-section-height-default\" data-id=\"1454926\" data-element_type=\"section\" data-e-type=\"section\">\n\t\t\t\t\t\t<div class=\"elementor-container elementor-column-gap-default\">\n\t\t\t\t\t<div class=\"elementor-column elementor-col-100 elementor-inner-column elementor-element elementor-element-c61b5a5\" data-id=\"c61b5a5\" data-element_type=\"column\" data-e-type=\"column\">\n\t\t\t<div class=\"elementor-widget-wrap elementor-element-populated\">\n\t\t\t\t\t\t<div class=\"elementor-element elementor-element-568a550 elementor-widget__width-auto elementor-absolute e-transform elementor-widget elementor-widget-heading\" data-id=\"568a550\" data-element_type=\"widget\" data-e-type=\"widget\" data-settings=\"{&quot;_position&quot;:&quot;absolute&quot;,&quot;_transform_rotateZ_effect&quot;:{&quot;unit&quot;:&quot;px&quot;,&quot;size&quot;:-90,&quot;sizes&quot;:[]},&quot;_transform_rotateZ_effect_tablet&quot;:{&quot;unit&quot;:&quot;deg&quot;,&quot;size&quot;:&quot;&quot;,&quot;sizes&quot;:[]},&quot;_transform_rotateZ_effect_mobile&quot;:{&quot;unit&quot;:&quot;deg&quot;,&quot;size&quot;:&quot;&quot;,&quot;sizes&quot;:[]}}\" data-widget_type=\"heading.default\">\n\t\t\t\t<div class=\"elementor-widget-container\">\n\t\t\t\t\t<span class=\"elementor-heading-title elementor-size-default\">Bienvenue chez Gantner Instruments<\/span>\t\t\t\t<\/div>\n\t\t\t\t<\/div>\n\t\t\t\t<div class=\"elementor-element elementor-element-c7002f9 elementor-widget elementor-widget-shortcode\" data-id=\"c7002f9\" data-element_type=\"widget\" data-e-type=\"widget\" data-widget_type=\"shortcode.default\">\n\t\t\t\t<div class=\"elementor-widget-container\">\n\t\t\t\t\t\t\t<div class=\"elementor-shortcode\"><div class=\"_fakeShadow\"><div class=\"_fakeShadowWrap\"><\/div><\/div><div class=\"_wholeSliderWrap\"><div class=\"_mainSliderWrap\"><div class=\"_singleSlider\" style=\"background-image: url(https:\/\/www.gantner-instruments.com\/wp-content\/uploads\/2024\/02\/main-image-1_v2_e.jpg)\"><h1>SOLUTIONS INTUITIVES D'ACQUISITION DE DONN\u00c9ES POUR LES APPLICATIONS MODERNES DE TEST ET DE SURV<\/h1><\/div><div class=\"_singleSlider\" style=\"background-image: url(https:\/\/www.gantner-instruments.com\/wp-content\/uploads\/2024\/02\/main-image-2_v2_e-scaled.jpg)\"><h2>SOLUTIONS INTUITIVES D'ACQUISITION DE DONN\u00c9ES POUR LES APPLICATIONS MODERNES DE TEST ET DE SURV<\/h2><\/div><div class=\"_singleSlider\" style=\"background-image: url(https:\/\/www.gantner-instruments.com\/wp-content\/uploads\/2024\/02\/main-image-3_v2_e-scaled.jpg)\"><h2>SOLUTIONS INTUITIVES D'ACQUISITION DE DONN\u00c9ES POUR LES APPLICATIONS MODERNES DE TEST ET DE SURV<\/h2><\/div><\/div><div class=\"_mainSliderNav\"><div class=\"_singleSlider\"><h3>Plus de puissance et de flexibilit\u00e9. M\u00e9langez et assortissez votre solution id\u00e9ale.<br><br><\/h3><div class=\"_bottomWrap\"><p class=\"_desc\">Les modules de mesure Q.series X constituent l\u2019approche modulaire et \u00e9volutive leader du march\u00e9 pour l\u2019acquisition de donn\u00e9es. Con\u00e7u pour des performances durables et une polyvalence rentable.<\/p><img fetchpriority=\"high\" decoding=\"async\" width=\"300\" height=\"201\" src=\"https:\/\/www.gantner-instruments.com\/wp-content\/uploads\/2024\/06\/start-page-qseries-x-box-300x201.png\" class=\"attachment-medium size-medium\" alt=\"Start Page Q.series X Box\" srcset=\"https:\/\/www.gantner-instruments.com\/wp-content\/uploads\/2024\/06\/start-page-qseries-x-box-300x201.png 300w, https:\/\/www.gantner-instruments.com\/wp-content\/uploads\/2024\/06\/start-page-qseries-x-box-768x514.png 768w, https:\/\/www.gantner-instruments.com\/wp-content\/uploads\/2024\/06\/start-page-qseries-x-box.png 800w\" sizes=\"(max-width: 300px) 100vw, 300px\" \/><\/div><\/div><div class=\"_singleSlider\"><h3>Appareils Edge pour une surveillance et un contr\u00f4le hautes performances, une configuration \u00e0 distance et une connectivit\u00e9 universelle<\/h3><div class=\"_bottomWrap\"><p class=\"_desc\">Fournissez une connectivit\u00e9 universelle sur plusieurs syst\u00e8mes pour surveiller, contr\u00f4ler et configurer \u00e0 distance. Convertissez les donn\u00e9es brutes en informations pr\u00e9trait\u00e9es pour une utilisation efficace<\/p><img decoding=\"async\" width=\"300\" height=\"185\" src=\"https:\/\/www.gantner-instruments.com\/wp-content\/uploads\/2024\/06\/start-page-edge-devices-box-4-300x185.png\" class=\"attachment-medium size-medium\" alt=\"start page edge devices box\" srcset=\"https:\/\/www.gantner-instruments.com\/wp-content\/uploads\/2024\/06\/start-page-edge-devices-box-4-300x185.png 300w, https:\/\/www.gantner-instruments.com\/wp-content\/uploads\/2024\/06\/start-page-edge-devices-box-4-768x474.png 768w, https:\/\/www.gantner-instruments.com\/wp-content\/uploads\/2024\/06\/start-page-edge-devices-box-4-1024x632.png 1024w, https:\/\/www.gantner-instruments.com\/wp-content\/uploads\/2024\/06\/start-page-edge-devices-box-4-1135x700.png 1135w\" sizes=\"(max-width: 300px) 100vw, 300px\" \/><\/div><\/div><div class=\"_singleSlider\"><h3>La cl\u00e9 pour des r\u00e9sultats de mesure plus rapides : nos solutions logicielles ouvertes et \u00e9volutives<br><br><\/h3><div class=\"_bottomWrap\"><p class=\"_desc\">Plateformes sup\u00e9rieures et \u00e9volutives pour des configurations de mesure et de contr\u00f4le modernes et robustes.<\/p><img decoding=\"async\" width=\"300\" height=\"173\" src=\"https:\/\/www.gantner-instruments.com\/wp-content\/uploads\/2023\/07\/GI.bench-Condition-Thresholds-300x173.png\" class=\"attachment-medium size-medium\" alt=\"\" srcset=\"https:\/\/www.gantner-instruments.com\/wp-content\/uploads\/2023\/07\/GI.bench-Condition-Thresholds-300x173.png 300w, https:\/\/www.gantner-instruments.com\/wp-content\/uploads\/2023\/07\/GI.bench-Condition-Thresholds.png 600w\" sizes=\"(max-width: 300px) 100vw, 300px\" \/><\/div><\/div><\/div><\/div><\/div>\n\t\t\t\t\t\t<\/div>\n\t\t\t\t<\/div>\n\t\t\t\t\t<\/div>\n\t\t<\/div>\n\t\t\t\t\t<\/div>\n\t\t<\/section>\n\t\t\t\t\t<\/div>\n\t\t<\/div>\n\t\t\t\t\t<\/div>\n\t\t<\/section>\n\t\t\t\t<section class=\"elementor-section elementor-top-section elementor-element elementor-element-a2ad23b elementor-section-boxed elementor-section-height-default elementor-section-height-default\" data-id=\"a2ad23b\" data-element_type=\"section\" data-e-type=\"section\">\n\t\t\t\t\t\t<div class=\"elementor-container elementor-column-gap-default\">\n\t\t\t\t\t<div class=\"elementor-column elementor-col-100 elementor-top-column elementor-element elementor-element-9964347\" data-id=\"9964347\" data-element_type=\"column\" data-e-type=\"column\">\n\t\t\t<div class=\"elementor-widget-wrap elementor-element-populated\">\n\t\t\t\t\t\t<div class=\"elementor-element elementor-element-c0ccd1c elementor-widget elementor-widget-heading\" data-id=\"c0ccd1c\" data-element_type=\"widget\" data-e-type=\"widget\" data-widget_type=\"heading.default\">\n\t\t\t\t<div class=\"elementor-widget-container\">\n\t\t\t\t\t<h2 class=\"elementor-heading-title elementor-size-default\">Support et t\u00e9l\u00e9chargements<\/h2>\t\t\t\t<\/div>\n\t\t\t\t<\/div>\n\t\t\t\t<div class=\"elementor-element elementor-element-36ff75c elementor-widget__width-initial elementor-widget elementor-widget-text-editor\" data-id=\"36ff75c\" data-element_type=\"widget\" data-e-type=\"widget\" data-widget_type=\"text-editor.default\">\n\t\t\t\t<div class=\"elementor-widget-container\">\n\t\t\t\t\t\t\t\t\t<div>Gantner Instruments est une entreprise ax\u00e9e sur le client qui rel\u00e8ve tous les d\u00e9fis techniques li\u00e9s \u00e0 la num\u00e9risation des signaux physiques, au stockage et \u00e0 l&#8217;analyse efficaces des donn\u00e9es en fournissant les technologies, les \u00e9l\u00e9ments de base et les comp\u00e9tences n\u00e9cessaires pour fournir aux clients des solutions personnalis\u00e9es et g\u00e9n\u00e9rer une base de connaissances \u00e0 partir de ces donn\u00e9es.<\/div>\n<div> <\/div>\n<div><span class=\"highlight author-d-iz88z86z86za0dz67zz78zz78zz74zz68zjz80zz71z9iz90za3z66zw7z73zhpz66z3z87zz68z1cm6a0z76z8df1icz89ziz66z5z69zl\" data-highlight-color=\"#D6E8FA\">Venez chez Gantner pour d\u00e9couvrir l&#8217;approche moderne de l&#8217;acquisition de donn\u00e9es avec un mat\u00e9riel de mesure de haute qualit\u00e9, des solutions logicielles r\u00e9volutionnaires et un support technique qualifi\u00e9 gratuit sans abonnements ni restrictions propri\u00e9taires et d\u00e9lais de r\u00e9ponses tr\u00e9s rapides.<\/span><\/div>\n\t\t\t\t\t\t\t\t<\/div>\n\t\t\t\t<\/div>\n\t\t\t\t\t<\/div>\n\t\t<\/div>\n\t\t\t\t\t<\/div>\n\t\t<\/section>\n\t\t\t\t<section class=\"elementor-section elementor-top-section elementor-element elementor-element-3862eac6 elementor-section-boxed elementor-section-height-default elementor-section-height-default\" data-id=\"3862eac6\" data-element_type=\"section\" data-e-type=\"section\" data-settings=\"{&quot;background_background&quot;:&quot;classic&quot;}\">\n\t\t\t\t\t\t<div class=\"elementor-container elementor-column-gap-default\">\n\t\t\t\t\t<div class=\"elementor-column elementor-col-100 elementor-top-column elementor-element elementor-element-3e247b7c\" data-id=\"3e247b7c\" data-element_type=\"column\" data-e-type=\"column\">\n\t\t\t<div class=\"elementor-widget-wrap elementor-element-populated\">\n\t\t\t\t\t\t<div class=\"elementor-element elementor-element-327f2fce elementor-widget elementor-widget-heading\" data-id=\"327f2fce\" data-element_type=\"widget\" data-e-type=\"widget\" data-widget_type=\"heading.default\">\n\t\t\t\t<div class=\"elementor-widget-container\">\n\t\t\t\t\t<h3 class=\"elementor-heading-title elementor-size-default\">T\u00e9moignages<\/h3>\t\t\t\t<\/div>\n\t\t\t\t<\/div>\n\t\t\t\t<div class=\"elementor-element elementor-element-546320c7 elementor-widget elementor-widget-shortcode\" data-id=\"546320c7\" data-element_type=\"widget\" data-e-type=\"widget\" data-widget_type=\"shortcode.default\">\n\t\t\t\t<div class=\"elementor-widget-container\">\n\t\t\t\t\t\t\t<div class=\"elementor-shortcode\"><div class=\"_testimotionalBlueWrap\"><div class=\"_singleTestimotion\"><div class=\"_content\">\u00ab Nous avons \u00e9t\u00e9 impressionn\u00e9s par l'excellente stabilit\u00e9 en temp\u00e9rature, inf\u00e9rieure \u00e0 0,05 K \u00e0 une temp\u00e9rature altern\u00e9e de 90 K. Conditions : Rante : -25\u00b0C \u00e0 +65\u00b0C pendant 40 h ; d\u00e9viation de la mesure : 0.044 K \u00bb<\/div><div class=\"_bottomPart\"><p class=\"_name\">FPT Fiat Powertrain Technologies &#8211; Moteurs pour poids lourds<\/p><\/div><\/div><div class=\"_singleTestimotion\"><div class=\"_content\">\u00ab Pour nos futures installations de test, nous avons besoin de capteurs Pt100 avec une r\u00e9solution de temp\u00e9rature de 0,02 K. Nous savons que seul le site Gantner Instruments peut fournir cette r\u00e9solution de mani\u00e8re fiable. \u00bb<\/div><div class=\"_bottomPart\"><p class=\"_name\">Mahle Behr &#8211; Climatisation automobile<\/p><\/div><\/div><div class=\"_singleTestimotion\"><div class=\"_content\">\u00ab Pendant de nombreuses ann\u00e9es, nous avons fait fonctionner un A105 CR \u00e0 1500 canaux, utilis\u00e9 pour des temp\u00e9ratures allant de 5 K \u00e0 300 K, avec seulement 50 nW de puissance d'excitation, sans aucun d\u00e9faut. \u00bb<\/div><div class=\"_bottomPart\"><p class=\"_name\">Institut Max-Planck de physique des plasmas &#8211; Recherche sur la fusion nucl\u00e9aire<\/p><\/div><\/div><div class=\"_singleTestimotion\"><div class=\"_content\">\u00ab Vos modules sont extr\u00eamement bons, meilleurs que ceux que nous avions auparavant. Et nous pouvons facilement les int\u00e9grer \u00e0 EtherCAT.  \u00bb<\/div><div class=\"_bottomPart\"><p class=\"_name\">Groupe Sch\u00e4ffler<\/p><\/div><\/div><div class=\"_singleTestimotion\"><div class=\"_content\">\u00ab Nous avons trouv\u00e9 une solution flexible et modulaire qui r\u00e9pond \u00e0 nos besoins. \u00bb<\/div><div class=\"_bottomPart\"><p class=\"_name\">Safran Turbomeca &#8211; Turbomoteurs<\/p><\/div><\/div><div class=\"_singleTestimotion\"><div class=\"_content\">\u00ab Gantner Instrument <span>a fourni<\/span> <span>les devis et la documentation<\/span> <span>conform\u00e9ment \u00e0 nos attentes<\/span> . \u00bb<\/div><div class=\"_bottomPart\"><p class=\"_name\">Bombardier<\/p><\/div><\/div><div class=\"_singleTestimotion\"><div class=\"_content\">\u00ab Nous avons appr\u00e9ci\u00e9 la r\u00e9ponse rapide de Gantner et son soutien dans le d\u00e9veloppement de la solution pour notre application. \u00bb<\/div><div class=\"_bottomPart\"><p class=\"_name\">Gradient de vent<\/p><\/div><\/div><div class=\"_singleTestimotion\"><div class=\"_content\">\u00ab Merci d'avoir travaill\u00e9 avec nous ! Gr\u00e2ce \u00e0 votre aide et \u00e0 votre technologie, nous avons pu remanier nos anciens syst\u00e8mes DAQ avec de meilleures capacit\u00e9s de mesure et des fonctionnalit\u00e9s OPC-UA et plugin personnalis\u00e9es.  \u00bb<\/div><div class=\"_bottomPart\"><p class=\"_name\">Chevron<\/p><\/div><\/div><div class=\"_singleTestimotion\"><div class=\"_content\">\u00ab <span>Avec la nouvelle solution Gantner, nous disposerons du syst\u00e8me le plus moderne, le plus souple et le plus pr\u00e9cis pour r\u00e9pondre \u00e0 nos besoins. Je tiens \u00e0 f\u00e9liciter Gantner Instruments pour avoir remport\u00e9 ce projet. <\/span> \u00bb<\/div><div class=\"_bottomPart\"><p class=\"_name\">AIRBUS Helicopters<\/p><\/div><\/div><\/div><span class=\"_testiCount\"><span>1<\/span> \/ 9<\/span><\/div>\n\t\t\t\t\t\t<\/div>\n\t\t\t\t<\/div>\n\t\t\t\t\t<\/div>\n\t\t<\/div>\n\t\t\t\t\t<\/div>\n\t\t<\/section>\n\t\t\t\t<section class=\"elementor-section elementor-top-section elementor-element elementor-element-6c78f780 elementor-section-boxed elementor-section-height-default elementor-section-height-default\" data-id=\"6c78f780\" data-element_type=\"section\" data-e-type=\"section\">\n\t\t\t\t\t\t<div class=\"elementor-container elementor-column-gap-default\">\n\t\t\t\t\t<div class=\"elementor-column elementor-col-100 elementor-top-column elementor-element elementor-element-2500efb\" data-id=\"2500efb\" data-element_type=\"column\" data-e-type=\"column\">\n\t\t\t<div class=\"elementor-widget-wrap elementor-element-populated\">\n\t\t\t\t\t\t<div class=\"elementor-element elementor-element-309bfc9b elementor-widget elementor-widget-shortcode\" data-id=\"309bfc9b\" data-element_type=\"widget\" data-e-type=\"widget\" data-widget_type=\"shortcode.default\">\n\t\t\t\t<div class=\"elementor-widget-container\">\n\t\t\t\t\t\t\t<div class=\"elementor-shortcode\"><div class=\"_partnerLogos\"><img loading=\"lazy\" decoding=\"async\" width=\"200\" height=\"37\" src=\"https:\/\/www.gantner-instruments.com\/wp-content\/uploads\/2022\/07\/partner2.svg\" class=\"attachment-thumbnail size-thumbnail\" alt=\"Foss Partner\" \/><img loading=\"lazy\" decoding=\"async\" width=\"224\" height=\"127\" src=\"https:\/\/www.gantner-instruments.com\/wp-content\/uploads\/2022\/07\/partner3.svg\" class=\"attachment-thumbnail size-thumbnail\" alt=\"Tuhh Partner\" \/><img loading=\"lazy\" decoding=\"async\" width=\"102\" height=\"102\" src=\"https:\/\/www.gantner-instruments.com\/wp-content\/uploads\/2022\/07\/partner4.svg\" class=\"attachment-thumbnail size-thumbnail\" alt=\"T\u00dcV Su\u00fcd Partner\" \/><img loading=\"lazy\" decoding=\"async\" width=\"400\" height=\"288\" src=\"https:\/\/www.gantner-instruments.com\/wp-content\/uploads\/2022\/09\/John.svg\" class=\"attachment-thumbnail size-thumbnail\" alt=\"John Deere Partner\" \/><img loading=\"lazy\" decoding=\"async\" width=\"400\" height=\"140\" src=\"https:\/\/www.gantner-instruments.com\/wp-content\/uploads\/2022\/09\/Bosch.svg\" class=\"attachment-thumbnail size-thumbnail\" alt=\"Bosch Partner\" \/><img loading=\"lazy\" decoding=\"async\" width=\"150\" height=\"150\" src=\"https:\/\/www.gantner-instruments.com\/wp-content\/uploads\/2022\/12\/DB-150x150.png\" class=\"attachment-thumbnail size-thumbnail\" alt=\"Deutsche Bahn Partner\" \/><\/div><\/div>\n\t\t\t\t\t\t<\/div>\n\t\t\t\t<\/div>\n\t\t\t\t\t<\/div>\n\t\t<\/div>\n\t\t\t\t\t<\/div>\n\t\t<\/section>\n\t\t\t\t<\/div>\n\t\t","protected":false},"excerpt":{"rendered":"<p>Bienvenue chez Gantner Instruments Support et t\u00e9l\u00e9chargements Gantner Instruments est une entreprise ax\u00e9e sur le client qui rel\u00e8ve tous les d\u00e9fis techniques li\u00e9s \u00e0 la num\u00e9risation des signaux physiques, au [&hellip;]<\/p>\n","protected":false},"author":4,"featured_media":0,"parent":0,"menu_order":0,"comment_status":"closed","ping_status":"closed","template":"","meta":{"_acf_changed":false,"footnotes":""},"class_list":["post-72217","page","type-page","status-publish","hentry"],"acf":[],"yoast_head":"<!-- This site is optimized with the Yoast SEO plugin v27.2 - https:\/\/yoast.com\/product\/yoast-seo-wordpress\/ -->\n<title>Support et t\u00e9l\u00e9chargements - Gantner Instruments<\/title>\n<meta name=\"robots\" content=\"noindex, follow\" \/>\n<meta property=\"og:locale\" content=\"fr_FR\" \/>\n<meta property=\"og:type\" content=\"article\" \/>\n<meta property=\"og:title\" content=\"Support et t\u00e9l\u00e9chargements - Gantner Instruments\" \/>\n<meta property=\"og:description\" content=\"Bienvenue chez Gantner Instruments Support et t\u00e9l\u00e9chargements Gantner Instruments est une entreprise ax\u00e9e sur le client qui rel\u00e8ve tous les d\u00e9fis techniques li\u00e9s \u00e0 la num\u00e9risation des signaux physiques, au [&hellip;]\" \/>\n<meta property=\"og:url\" content=\"https:\/\/www.gantner-instruments.com\/fr\/support-et-telechargements\/\" \/>\n<meta property=\"og:site_name\" content=\"Gantner Instruments\" \/>\n<meta property=\"article:publisher\" content=\"https:\/\/www.facebook.com\/Gantner.Instruments\/\" \/>\n<meta property=\"article:modified_time\" content=\"2023-10-19T11:51:16+00:00\" \/>\n<meta name=\"twitter:card\" content=\"summary_large_image\" \/>\n<meta name=\"twitter:site\" content=\"@gantnerinst\" \/>\n<meta name=\"twitter:label1\" content=\"Dur\u00e9e de lecture estim\u00e9e\" \/>\n\t<meta name=\"twitter:data1\" content=\"1 minute\" \/>\n<script type=\"application\/ld+json\" class=\"yoast-schema-graph\">{\"@context\":\"https:\/\/schema.org\",\"@graph\":[{\"@type\":\"WebPage\",\"@id\":\"https:\/\/www.gantner-instruments.com\/fr\/support-et-telechargements\/\",\"url\":\"https:\/\/www.gantner-instruments.com\/fr\/support-et-telechargements\/\",\"name\":\"Support et t\u00e9l\u00e9chargements - Gantner Instruments\",\"isPartOf\":{\"@id\":\"https:\/\/wordpress-113628-2737190.cloudwaysapps.com\/#website\"},\"datePublished\":\"2022-11-16T13:42:51+00:00\",\"dateModified\":\"2023-10-19T11:51:16+00:00\",\"breadcrumb\":{\"@id\":\"https:\/\/www.gantner-instruments.com\/fr\/support-et-telechargements\/#breadcrumb\"},\"inLanguage\":\"fr-FR\",\"potentialAction\":[{\"@type\":\"ReadAction\",\"target\":[\"https:\/\/www.gantner-instruments.com\/fr\/support-et-telechargements\/\"]}]},{\"@type\":\"BreadcrumbList\",\"@id\":\"https:\/\/www.gantner-instruments.com\/fr\/support-et-telechargements\/#breadcrumb\",\"itemListElement\":[{\"@type\":\"ListItem\",\"position\":1,\"name\":\"Home\",\"item\":\"https:\/\/www.gantner-instruments.com\/fr\/\"},{\"@type\":\"ListItem\",\"position\":2,\"name\":\"Support et t\u00e9l\u00e9chargements\"}]},{\"@type\":\"WebSite\",\"@id\":\"https:\/\/wordpress-113628-2737190.cloudwaysapps.com\/#website\",\"url\":\"https:\/\/wordpress-113628-2737190.cloudwaysapps.com\/\",\"name\":\"Gantner Instruments\",\"description\":\"\",\"publisher\":{\"@id\":\"https:\/\/wordpress-113628-2737190.cloudwaysapps.com\/#organization\"},\"alternateName\":\"GI\",\"potentialAction\":[{\"@type\":\"SearchAction\",\"target\":{\"@type\":\"EntryPoint\",\"urlTemplate\":\"https:\/\/wordpress-113628-2737190.cloudwaysapps.com\/?s={search_term_string}\"},\"query-input\":{\"@type\":\"PropertyValueSpecification\",\"valueRequired\":true,\"valueName\":\"search_term_string\"}}],\"inLanguage\":\"fr-FR\"},{\"@type\":\"Organization\",\"@id\":\"https:\/\/wordpress-113628-2737190.cloudwaysapps.com\/#organization\",\"name\":\"Gantner Instruments\",\"url\":\"https:\/\/wordpress-113628-2737190.cloudwaysapps.com\/\",\"logo\":{\"@type\":\"ImageObject\",\"inLanguage\":\"fr-FR\",\"@id\":\"https:\/\/wordpress-113628-2737190.cloudwaysapps.com\/#\/schema\/logo\/image\/\",\"url\":\"https:\/\/www.gantner-instruments.com\/wp-content\/uploads\/2022\/08\/logowhite.svg\",\"contentUrl\":\"https:\/\/www.gantner-instruments.com\/wp-content\/uploads\/2022\/08\/logowhite.svg\",\"width\":151,\"height\":41,\"caption\":\"Gantner Instruments\"},\"image\":{\"@id\":\"https:\/\/wordpress-113628-2737190.cloudwaysapps.com\/#\/schema\/logo\/image\/\"},\"sameAs\":[\"https:\/\/www.facebook.com\/Gantner.Instruments\/\",\"https:\/\/x.com\/gantnerinst\",\"https:\/\/www.linkedin.com\/company\/989261\/admin\/\",\"https:\/\/www.youtube.com\/channel\/UC9uIPaqfz96Iz6ZD2qf89Hw\",\"https:\/\/www.instagram.com\/gantner_instruments\/\"]}]}<\/script>\n<!-- \/ Yoast SEO plugin. -->","yoast_head_json":{"title":"Support et t\u00e9l\u00e9chargements - Gantner Instruments","robots":{"index":"noindex","follow":"follow"},"og_locale":"fr_FR","og_type":"article","og_title":"Support et t\u00e9l\u00e9chargements - Gantner Instruments","og_description":"Bienvenue chez Gantner Instruments Support et t\u00e9l\u00e9chargements Gantner Instruments est une entreprise ax\u00e9e sur le client qui rel\u00e8ve tous les d\u00e9fis techniques li\u00e9s \u00e0 la num\u00e9risation des signaux physiques, au [&hellip;]","og_url":"https:\/\/www.gantner-instruments.com\/fr\/support-et-telechargements\/","og_site_name":"Gantner Instruments","article_publisher":"https:\/\/www.facebook.com\/Gantner.Instruments\/","article_modified_time":"2023-10-19T11:51:16+00:00","twitter_card":"summary_large_image","twitter_site":"@gantnerinst","twitter_misc":{"Dur\u00e9e de lecture estim\u00e9e":"1 minute"},"schema":{"@context":"https:\/\/schema.org","@graph":[{"@type":"WebPage","@id":"https:\/\/www.gantner-instruments.com\/fr\/support-et-telechargements\/","url":"https:\/\/www.gantner-instruments.com\/fr\/support-et-telechargements\/","name":"Support et t\u00e9l\u00e9chargements - Gantner Instruments","isPartOf":{"@id":"https:\/\/wordpress-113628-2737190.cloudwaysapps.com\/#website"},"datePublished":"2022-11-16T13:42:51+00:00","dateModified":"2023-10-19T11:51:16+00:00","breadcrumb":{"@id":"https:\/\/www.gantner-instruments.com\/fr\/support-et-telechargements\/#breadcrumb"},"inLanguage":"fr-FR","potentialAction":[{"@type":"ReadAction","target":["https:\/\/www.gantner-instruments.com\/fr\/support-et-telechargements\/"]}]},{"@type":"BreadcrumbList","@id":"https:\/\/www.gantner-instruments.com\/fr\/support-et-telechargements\/#breadcrumb","itemListElement":[{"@type":"ListItem","position":1,"name":"Home","item":"https:\/\/www.gantner-instruments.com\/fr\/"},{"@type":"ListItem","position":2,"name":"Support et t\u00e9l\u00e9chargements"}]},{"@type":"WebSite","@id":"https:\/\/wordpress-113628-2737190.cloudwaysapps.com\/#website","url":"https:\/\/wordpress-113628-2737190.cloudwaysapps.com\/","name":"Gantner Instruments","description":"","publisher":{"@id":"https:\/\/wordpress-113628-2737190.cloudwaysapps.com\/#organization"},"alternateName":"GI","potentialAction":[{"@type":"SearchAction","target":{"@type":"EntryPoint","urlTemplate":"https:\/\/wordpress-113628-2737190.cloudwaysapps.com\/?s={search_term_string}"},"query-input":{"@type":"PropertyValueSpecification","valueRequired":true,"valueName":"search_term_string"}}],"inLanguage":"fr-FR"},{"@type":"Organization","@id":"https:\/\/wordpress-113628-2737190.cloudwaysapps.com\/#organization","name":"Gantner Instruments","url":"https:\/\/wordpress-113628-2737190.cloudwaysapps.com\/","logo":{"@type":"ImageObject","inLanguage":"fr-FR","@id":"https:\/\/wordpress-113628-2737190.cloudwaysapps.com\/#\/schema\/logo\/image\/","url":"https:\/\/www.gantner-instruments.com\/wp-content\/uploads\/2022\/08\/logowhite.svg","contentUrl":"https:\/\/www.gantner-instruments.com\/wp-content\/uploads\/2022\/08\/logowhite.svg","width":151,"height":41,"caption":"Gantner Instruments"},"image":{"@id":"https:\/\/wordpress-113628-2737190.cloudwaysapps.com\/#\/schema\/logo\/image\/"},"sameAs":["https:\/\/www.facebook.com\/Gantner.Instruments\/","https:\/\/x.com\/gantnerinst","https:\/\/www.linkedin.com\/company\/989261\/admin\/","https:\/\/www.youtube.com\/channel\/UC9uIPaqfz96Iz6ZD2qf89Hw","https:\/\/www.instagram.com\/gantner_instruments\/"]}]}},"_links":{"self":[{"href":"https:\/\/www.gantner-instruments.com\/fr\/wp-json\/wp\/v2\/pages\/72217","targetHints":{"allow":["GET"]}}],"collection":[{"href":"https:\/\/www.gantner-instruments.com\/fr\/wp-json\/wp\/v2\/pages"}],"about":[{"href":"https:\/\/www.gantner-instruments.com\/fr\/wp-json\/wp\/v2\/types\/page"}],"author":[{"embeddable":true,"href":"https:\/\/www.gantner-instruments.com\/fr\/wp-json\/wp\/v2\/users\/4"}],"replies":[{"embeddable":true,"href":"https:\/\/www.gantner-instruments.com\/fr\/wp-json\/wp\/v2\/comments?post=72217"}],"version-history":[{"count":0,"href":"https:\/\/www.gantner-instruments.com\/fr\/wp-json\/wp\/v2\/pages\/72217\/revisions"}],"wp:attachment":[{"href":"https:\/\/www.gantner-instruments.com\/fr\/wp-json\/wp\/v2\/media?parent=72217"}],"curies":[{"name":"wp","href":"https:\/\/api.w.org\/{rel}","templated":true}]}}