{"id":70102,"date":"2023-05-24T11:24:51","date_gmt":"2023-05-24T11:24:51","guid":{"rendered":"https:\/\/www.gantner-instruments.com\/?page_id=70102"},"modified":"2024-04-18T10:37:44","modified_gmt":"2024-04-18T10:37:44","slug":"fiches-techniques-des-produits","status":"publish","type":"page","link":"https:\/\/www.gantner-instruments.com\/fr\/support-et-telechargements\/fiches-techniques-des-produits\/","title":{"rendered":"Fiches techniques des produits"},"content":{"rendered":"\t\t<div data-elementor-type=\"wp-page\" data-elementor-id=\"70102\" class=\"elementor elementor-70102 elementor-70099\" data-elementor-post-type=\"page\">\n\t\t\t\t\t\t<section class=\"elementor-section elementor-top-section elementor-element elementor-element-367cc4e elementor-section-full_width elementor-section-height-full _coverSection _medium elementor-section-height-default elementor-section-items-middle\" data-id=\"367cc4e\" data-element_type=\"section\" data-e-type=\"section\" data-settings=\"{&quot;background_background&quot;:&quot;classic&quot;}\">\n\t\t\t\t\t\t<div class=\"elementor-container elementor-column-gap-default\">\n\t\t\t\t\t<div class=\"elementor-column elementor-col-100 elementor-top-column elementor-element elementor-element-0428354\" data-id=\"0428354\" data-element_type=\"column\" data-e-type=\"column\">\n\t\t\t<div class=\"elementor-widget-wrap elementor-element-populated\">\n\t\t\t\t\t\t<section class=\"elementor-section elementor-inner-section elementor-element elementor-element-e5cd81a elementor-section-full_width elementor-section-height-full elementor-section-height-default\" data-id=\"e5cd81a\" data-element_type=\"section\" data-e-type=\"section\" data-settings=\"{&quot;background_background&quot;:&quot;classic&quot;}\">\n\t\t\t\t\t\t<div class=\"elementor-container elementor-column-gap-default\">\n\t\t\t\t\t<div class=\"elementor-column elementor-col-100 elementor-inner-column elementor-element elementor-element-952df6e\" data-id=\"952df6e\" data-element_type=\"column\" data-e-type=\"column\" data-settings=\"{&quot;background_background&quot;:&quot;classic&quot;,&quot;background_motion_fx_motion_fx_scrolling&quot;:&quot;yes&quot;,&quot;background_motion_fx_scale_effect&quot;:&quot;yes&quot;,&quot;background_motion_fx_scale_speed&quot;:{&quot;unit&quot;:&quot;px&quot;,&quot;size&quot;:10,&quot;sizes&quot;:[]},&quot;background_motion_fx_scale_range&quot;:{&quot;unit&quot;:&quot;%&quot;,&quot;size&quot;:&quot;&quot;,&quot;sizes&quot;:{&quot;start&quot;:50,&quot;end&quot;:100}},&quot;background_motion_fx_scale_direction&quot;:&quot;out-in&quot;,&quot;background_motion_fx_devices&quot;:[&quot;desktop&quot;,&quot;tablet&quot;,&quot;mobile&quot;]}\">\n\t\t\t<div class=\"elementor-widget-wrap elementor-element-populated\">\n\t\t\t\t\t\t<div class=\"elementor-element elementor-element-4b80938 elementor-widget__width-initial elementor-widget elementor-widget-heading\" data-id=\"4b80938\" data-element_type=\"widget\" data-e-type=\"widget\" data-widget_type=\"heading.default\">\n\t\t\t\t<div class=\"elementor-widget-container\">\n\t\t\t\t\t<h1 class=\"elementor-heading-title elementor-size-default\">Fiches techniques des produits<\/h1>\t\t\t\t<\/div>\n\t\t\t\t<\/div>\n\t\t\t\t\t<\/div>\n\t\t<\/div>\n\t\t\t\t\t<\/div>\n\t\t<\/section>\n\t\t\t\t\t<\/div>\n\t\t<\/div>\n\t\t\t\t\t<\/div>\n\t\t<\/section>\n\t\t\t\t<section class=\"elementor-section elementor-top-section elementor-element elementor-element-21dbf92 elementor-section-boxed elementor-section-height-default elementor-section-height-default\" data-id=\"21dbf92\" data-element_type=\"section\" data-e-type=\"section\" id=\"all_downloads\">\n\t\t\t\t\t\t<div class=\"elementor-container elementor-column-gap-default\">\n\t\t\t\t\t<div class=\"elementor-column elementor-col-100 elementor-top-column elementor-element elementor-element-cf716f4\" data-id=\"cf716f4\" data-element_type=\"column\" data-e-type=\"column\">\n\t\t\t<div class=\"elementor-widget-wrap elementor-element-populated\">\n\t\t\t\t\t\t<div class=\"elementor-element elementor-element-a68ce87 elementor-widget elementor-widget-heading\" data-id=\"a68ce87\" data-element_type=\"widget\" data-e-type=\"widget\" data-widget_type=\"heading.default\">\n\t\t\t\t<div class=\"elementor-widget-container\">\n\t\t\t\t\t<h3 class=\"elementor-heading-title elementor-size-default\">Tous les t\u00e9lechargements<\/h3>\t\t\t\t<\/div>\n\t\t\t\t<\/div>\n\t\t\t\t<div class=\"elementor-element elementor-element-8e219a4 elementor-widget elementor-widget-text-editor\" data-id=\"8e219a4\" data-element_type=\"widget\" data-e-type=\"widget\" data-widget_type=\"text-editor.default\">\n\t\t\t\t<div class=\"elementor-widget-container\">\n\t\t\t\t\t\t\t\t\t<p>Bienvenue dans la zone de t\u00e9l\u00e9chargement des fiches techniques des produits de Gantner Instruments, o\u00f9 vous pouvez acc\u00e9der \u00e0 des informations d\u00e9taill\u00e9es et techniques sur notre gamme diversifi\u00e9e de produits. Nos fiches techniques pr\u00e9sentent des sp\u00e9cifications, des caract\u00e9ristiques et des d\u00e9tails op\u00e9rationnels d\u00e9taill\u00e9s, ce qui vous permet de comprendre et de s\u00e9lectionner l&#8217;instrument id\u00e9al pour vos besoins. <\/p>\n\t\t\t\t\t\t\t\t<\/div>\n\t\t\t\t<\/div>\n\t\t\t\t\t<\/div>\n\t\t<\/div>\n\t\t\t\t\t<\/div>\n\t\t<\/section>\n\t\t\t\t<section class=\"elementor-section elementor-top-section elementor-element elementor-element-44b8dc0 elementor-section-boxed elementor-section-height-default elementor-section-height-default\" data-id=\"44b8dc0\" data-element_type=\"section\" data-e-type=\"section\">\n\t\t\t\t\t\t<div class=\"elementor-container elementor-column-gap-default\">\n\t\t\t\t\t<div class=\"elementor-column elementor-col-100 elementor-top-column elementor-element elementor-element-5992909\" data-id=\"5992909\" data-element_type=\"column\" data-e-type=\"column\">\n\t\t\t<div class=\"elementor-widget-wrap elementor-element-populated\">\n\t\t\t\t\t\t<div class=\"elementor-element elementor-element-18f724a elementor-widget elementor-widget-shortcode\" data-id=\"18f724a\" data-element_type=\"widget\" data-e-type=\"widget\" data-widget_type=\"shortcode.default\">\n\t\t\t\t<div class=\"elementor-widget-container\">\n\t\t\t\t\t\t\t<div class=\"elementor-shortcode\"><div class='product-downloads-list loaded' current-id=\"70102\" >\r\n    <div class='row filter--wrapp margin_bottom_medium column_mobile_margin_bottom_small spread' >\r\n        <div class='col-sm-4'>\r\n            <select id=\"product-groups-select\" class=\"tpx-select2-container tpx-select2-drop\" >\r\n            <\/select>\r\n        <\/div>\r\n        <input type=\"hidden\" id=\"product-category-select-value-t\" value=\"\" \/>\r\n        <div class='col-sm-4'>\r\n            <select id=\"product-category-select\">\r\n            <\/select>\r\n        <\/div>\r\n        <div class='col-sm-4' data-field='text_filter'>\r\n            <input id=\"product-downloads-search\" type=\"text\" class=\"form-control\" ng-model=\"text_filter\" placeholder=\"Enter search text...\">\r\n        <\/div>\r\n    <\/div>\r\n    <input type=\"hidden\" id=\"product-search-download\" value=\"\" \/>\r\n    <div class='row content spread'>\r\n        <div class='col-sm-12'>\r\n            <!-- Desktop -->\r\n            <table id=\"desktop-product-table\" class='hidden-xs'>\r\n            <\/table>\r\n            <ul id=\"pagin-download\" style=\"display: flex;\"><\/ul>\r\n            <div style=\"text-align: center; margin: 10px\"><span id=\"load-more-downloads\">Load more<\/span><\/div>\r\n        <\/div>\r\n    <\/div>\r\n    \r\n<\/div>\r\n<style>\r\n    #pagin-download li{\r\n        width: 20px;\r\n        height: 20px;\r\n        border: solid 1px #000;\r\n        margin: 2px;\r\n    }\r\n    #pagin-download li:before{\r\n        content: '' !important;\r\n    }\r\n    .hidden{\r\n        display: none;\r\n    }\r\n    #load-more-downloads{\r\n        cursor: pointer;\r\n    }\r\n<\/style>\r\n<\/div>\n\t\t\t\t\t\t<\/div>\n\t\t\t\t<\/div>\n\t\t\t\t\t<\/div>\n\t\t<\/div>\n\t\t\t\t\t<\/div>\n\t\t<\/section>\n\t\t\t\t<\/div>\n\t\t","protected":false},"excerpt":{"rendered":"<p>Fiches techniques des produits Tous les t\u00e9lechargements Bienvenue dans la zone de t\u00e9l\u00e9chargement des fiches techniques des produits de Gantner Instruments, o\u00f9 vous pouvez acc\u00e9der \u00e0 des informations d\u00e9taill\u00e9es et [&hellip;]<\/p>\n","protected":false},"author":4,"featured_media":80461,"parent":72217,"menu_order":2,"comment_status":"closed","ping_status":"closed","template":"","meta":{"_acf_changed":false,"footnotes":""},"class_list":["post-70102","page","type-page","status-publish","has-post-thumbnail","hentry"],"acf":[],"yoast_head":"<!-- This site is optimized with the Yoast SEO plugin v27.4 - https:\/\/yoast.com\/product\/yoast-seo-wordpress\/ -->\n<title>Fiches techniques des produits - Gantner Instruments<\/title>\n<meta name=\"description\" content=\"Explorez les fiches techniques compl\u00e8tes des produits et trouvez les ressources d&#039;assistance essentielles de Gantner Instruments. T\u00e9l\u00e9chargez tout le mat\u00e9riel d&#039;information d\u00e8s maintenant !\" \/>\n<meta name=\"robots\" content=\"index, follow, max-snippet:-1, max-image-preview:large, max-video-preview:-1\" \/>\n<link rel=\"canonical\" href=\"https:\/\/www.gantner-instruments.com\/fr\/support-et-telechargements\/fiches-techniques-des-produits\/\" \/>\n<meta property=\"og:locale\" content=\"fr_FR\" \/>\n<meta property=\"og:type\" content=\"article\" \/>\n<meta property=\"og:title\" content=\"Fiches techniques des produits - Gantner Instruments\" \/>\n<meta property=\"og:description\" content=\"Explorez les fiches techniques compl\u00e8tes des produits et trouvez les ressources d&#039;assistance essentielles de Gantner Instruments. T\u00e9l\u00e9chargez tout le mat\u00e9riel d&#039;information d\u00e8s maintenant !\" \/>\n<meta property=\"og:url\" content=\"https:\/\/www.gantner-instruments.com\/fr\/support-et-telechargements\/fiches-techniques-des-produits\/\" \/>\n<meta property=\"og:site_name\" content=\"Gantner Instruments\" \/>\n<meta property=\"article:publisher\" content=\"https:\/\/www.facebook.com\/Gantner.Instruments\/\" \/>\n<meta property=\"article:modified_time\" content=\"2024-04-18T10:37:44+00:00\" \/>\n<meta property=\"og:image\" content=\"https:\/\/www.gantner-instruments.com\/wp-content\/uploads\/2024\/01\/datasheet-product-overview-a127.png\" \/>\n\t<meta property=\"og:image:width\" content=\"1600\" \/>\n\t<meta property=\"og:image:height\" content=\"900\" \/>\n\t<meta property=\"og:image:type\" content=\"image\/png\" \/>\n<meta name=\"twitter:card\" content=\"summary_large_image\" \/>\n<meta name=\"twitter:site\" content=\"@gantnerinst\" \/>\n<script type=\"application\/ld+json\" class=\"yoast-schema-graph\">{\"@context\":\"https:\\\/\\\/schema.org\",\"@graph\":[{\"@type\":\"WebPage\",\"@id\":\"https:\\\/\\\/www.gantner-instruments.com\\\/fr\\\/support-et-telechargements\\\/fiches-techniques-des-produits\\\/\",\"url\":\"https:\\\/\\\/www.gantner-instruments.com\\\/fr\\\/support-et-telechargements\\\/fiches-techniques-des-produits\\\/\",\"name\":\"Fiches techniques des produits - Gantner Instruments\",\"isPartOf\":{\"@id\":\"https:\\\/\\\/wordpress-113628-2737190.cloudwaysapps.com\\\/#website\"},\"primaryImageOfPage\":{\"@id\":\"https:\\\/\\\/www.gantner-instruments.com\\\/fr\\\/support-et-telechargements\\\/fiches-techniques-des-produits\\\/#primaryimage\"},\"image\":{\"@id\":\"https:\\\/\\\/www.gantner-instruments.com\\\/fr\\\/support-et-telechargements\\\/fiches-techniques-des-produits\\\/#primaryimage\"},\"thumbnailUrl\":\"https:\\\/\\\/www.gantner-instruments.com\\\/wp-content\\\/uploads\\\/2024\\\/01\\\/datasheet-product-overview-a127.png\",\"datePublished\":\"2023-05-24T11:24:51+00:00\",\"dateModified\":\"2024-04-18T10:37:44+00:00\",\"description\":\"Explorez les fiches techniques compl\u00e8tes des produits et trouvez les ressources d'assistance essentielles de Gantner Instruments. T\u00e9l\u00e9chargez tout le mat\u00e9riel d'information d\u00e8s maintenant !\",\"breadcrumb\":{\"@id\":\"https:\\\/\\\/www.gantner-instruments.com\\\/fr\\\/support-et-telechargements\\\/fiches-techniques-des-produits\\\/#breadcrumb\"},\"inLanguage\":\"fr-FR\",\"potentialAction\":[{\"@type\":\"ReadAction\",\"target\":[\"https:\\\/\\\/www.gantner-instruments.com\\\/fr\\\/support-et-telechargements\\\/fiches-techniques-des-produits\\\/\"]}]},{\"@type\":\"ImageObject\",\"inLanguage\":\"fr-FR\",\"@id\":\"https:\\\/\\\/www.gantner-instruments.com\\\/fr\\\/support-et-telechargements\\\/fiches-techniques-des-produits\\\/#primaryimage\",\"url\":\"https:\\\/\\\/www.gantner-instruments.com\\\/wp-content\\\/uploads\\\/2024\\\/01\\\/datasheet-product-overview-a127.png\",\"contentUrl\":\"https:\\\/\\\/www.gantner-instruments.com\\\/wp-content\\\/uploads\\\/2024\\\/01\\\/datasheet-product-overview-a127.png\",\"width\":1600,\"height\":900,\"caption\":\"Header_Datasheet_Product_Overview_A127_Cover\"},{\"@type\":\"BreadcrumbList\",\"@id\":\"https:\\\/\\\/www.gantner-instruments.com\\\/fr\\\/support-et-telechargements\\\/fiches-techniques-des-produits\\\/#breadcrumb\",\"itemListElement\":[{\"@type\":\"ListItem\",\"position\":1,\"name\":\"Home\",\"item\":\"https:\\\/\\\/www.gantner-instruments.com\\\/fr\\\/\"},{\"@type\":\"ListItem\",\"position\":2,\"name\":\"Support et t\u00e9l\u00e9chargements\",\"item\":\"https:\\\/\\\/www.gantner-instruments.com\\\/fr\\\/support-et-telechargements\\\/\"},{\"@type\":\"ListItem\",\"position\":3,\"name\":\"Fiches techniques des produits\"}]},{\"@type\":\"WebSite\",\"@id\":\"https:\\\/\\\/wordpress-113628-2737190.cloudwaysapps.com\\\/#website\",\"url\":\"https:\\\/\\\/wordpress-113628-2737190.cloudwaysapps.com\\\/\",\"name\":\"Gantner Instruments\",\"description\":\"\",\"publisher\":{\"@id\":\"https:\\\/\\\/wordpress-113628-2737190.cloudwaysapps.com\\\/#organization\"},\"alternateName\":\"GI\",\"potentialAction\":[{\"@type\":\"SearchAction\",\"target\":{\"@type\":\"EntryPoint\",\"urlTemplate\":\"https:\\\/\\\/wordpress-113628-2737190.cloudwaysapps.com\\\/?s={search_term_string}\"},\"query-input\":{\"@type\":\"PropertyValueSpecification\",\"valueRequired\":true,\"valueName\":\"search_term_string\"}}],\"inLanguage\":\"fr-FR\"},{\"@type\":\"Organization\",\"@id\":\"https:\\\/\\\/wordpress-113628-2737190.cloudwaysapps.com\\\/#organization\",\"name\":\"Gantner Instruments\",\"url\":\"https:\\\/\\\/wordpress-113628-2737190.cloudwaysapps.com\\\/\",\"logo\":{\"@type\":\"ImageObject\",\"inLanguage\":\"fr-FR\",\"@id\":\"https:\\\/\\\/wordpress-113628-2737190.cloudwaysapps.com\\\/#\\\/schema\\\/logo\\\/image\\\/\",\"url\":\"https:\\\/\\\/www.gantner-instruments.com\\\/wp-content\\\/uploads\\\/2022\\\/08\\\/logowhite.svg\",\"contentUrl\":\"https:\\\/\\\/www.gantner-instruments.com\\\/wp-content\\\/uploads\\\/2022\\\/08\\\/logowhite.svg\",\"width\":151,\"height\":41,\"caption\":\"Gantner Instruments\"},\"image\":{\"@id\":\"https:\\\/\\\/wordpress-113628-2737190.cloudwaysapps.com\\\/#\\\/schema\\\/logo\\\/image\\\/\"},\"sameAs\":[\"https:\\\/\\\/www.facebook.com\\\/Gantner.Instruments\\\/\",\"https:\\\/\\\/x.com\\\/gantnerinst\",\"https:\\\/\\\/www.linkedin.com\\\/company\\\/989261\\\/admin\\\/\",\"https:\\\/\\\/www.youtube.com\\\/channel\\\/UC9uIPaqfz96Iz6ZD2qf89Hw\",\"https:\\\/\\\/www.instagram.com\\\/gantner_instruments\\\/\"]}]}<\/script>\n<!-- \/ Yoast SEO plugin. -->","yoast_head_json":{"title":"Fiches techniques des produits - Gantner Instruments","description":"Explorez les fiches techniques compl\u00e8tes des produits et trouvez les ressources d'assistance essentielles de Gantner Instruments. T\u00e9l\u00e9chargez tout le mat\u00e9riel d'information d\u00e8s maintenant !","robots":{"index":"index","follow":"follow","max-snippet":"max-snippet:-1","max-image-preview":"max-image-preview:large","max-video-preview":"max-video-preview:-1"},"canonical":"https:\/\/www.gantner-instruments.com\/fr\/support-et-telechargements\/fiches-techniques-des-produits\/","og_locale":"fr_FR","og_type":"article","og_title":"Fiches techniques des produits - Gantner Instruments","og_description":"Explorez les fiches techniques compl\u00e8tes des produits et trouvez les ressources d'assistance essentielles de Gantner Instruments. T\u00e9l\u00e9chargez tout le mat\u00e9riel d'information d\u00e8s maintenant !","og_url":"https:\/\/www.gantner-instruments.com\/fr\/support-et-telechargements\/fiches-techniques-des-produits\/","og_site_name":"Gantner Instruments","article_publisher":"https:\/\/www.facebook.com\/Gantner.Instruments\/","article_modified_time":"2024-04-18T10:37:44+00:00","og_image":[{"width":1600,"height":900,"url":"https:\/\/www.gantner-instruments.com\/wp-content\/uploads\/2024\/01\/datasheet-product-overview-a127.png","type":"image\/png"}],"twitter_card":"summary_large_image","twitter_site":"@gantnerinst","schema":{"@context":"https:\/\/schema.org","@graph":[{"@type":"WebPage","@id":"https:\/\/www.gantner-instruments.com\/fr\/support-et-telechargements\/fiches-techniques-des-produits\/","url":"https:\/\/www.gantner-instruments.com\/fr\/support-et-telechargements\/fiches-techniques-des-produits\/","name":"Fiches techniques des produits - Gantner Instruments","isPartOf":{"@id":"https:\/\/wordpress-113628-2737190.cloudwaysapps.com\/#website"},"primaryImageOfPage":{"@id":"https:\/\/www.gantner-instruments.com\/fr\/support-et-telechargements\/fiches-techniques-des-produits\/#primaryimage"},"image":{"@id":"https:\/\/www.gantner-instruments.com\/fr\/support-et-telechargements\/fiches-techniques-des-produits\/#primaryimage"},"thumbnailUrl":"https:\/\/www.gantner-instruments.com\/wp-content\/uploads\/2024\/01\/datasheet-product-overview-a127.png","datePublished":"2023-05-24T11:24:51+00:00","dateModified":"2024-04-18T10:37:44+00:00","description":"Explorez les fiches techniques compl\u00e8tes des produits et trouvez les ressources d'assistance essentielles de Gantner Instruments. T\u00e9l\u00e9chargez tout le mat\u00e9riel d'information d\u00e8s maintenant !","breadcrumb":{"@id":"https:\/\/www.gantner-instruments.com\/fr\/support-et-telechargements\/fiches-techniques-des-produits\/#breadcrumb"},"inLanguage":"fr-FR","potentialAction":[{"@type":"ReadAction","target":["https:\/\/www.gantner-instruments.com\/fr\/support-et-telechargements\/fiches-techniques-des-produits\/"]}]},{"@type":"ImageObject","inLanguage":"fr-FR","@id":"https:\/\/www.gantner-instruments.com\/fr\/support-et-telechargements\/fiches-techniques-des-produits\/#primaryimage","url":"https:\/\/www.gantner-instruments.com\/wp-content\/uploads\/2024\/01\/datasheet-product-overview-a127.png","contentUrl":"https:\/\/www.gantner-instruments.com\/wp-content\/uploads\/2024\/01\/datasheet-product-overview-a127.png","width":1600,"height":900,"caption":"Header_Datasheet_Product_Overview_A127_Cover"},{"@type":"BreadcrumbList","@id":"https:\/\/www.gantner-instruments.com\/fr\/support-et-telechargements\/fiches-techniques-des-produits\/#breadcrumb","itemListElement":[{"@type":"ListItem","position":1,"name":"Home","item":"https:\/\/www.gantner-instruments.com\/fr\/"},{"@type":"ListItem","position":2,"name":"Support et t\u00e9l\u00e9chargements","item":"https:\/\/www.gantner-instruments.com\/fr\/support-et-telechargements\/"},{"@type":"ListItem","position":3,"name":"Fiches techniques des produits"}]},{"@type":"WebSite","@id":"https:\/\/wordpress-113628-2737190.cloudwaysapps.com\/#website","url":"https:\/\/wordpress-113628-2737190.cloudwaysapps.com\/","name":"Gantner Instruments","description":"","publisher":{"@id":"https:\/\/wordpress-113628-2737190.cloudwaysapps.com\/#organization"},"alternateName":"GI","potentialAction":[{"@type":"SearchAction","target":{"@type":"EntryPoint","urlTemplate":"https:\/\/wordpress-113628-2737190.cloudwaysapps.com\/?s={search_term_string}"},"query-input":{"@type":"PropertyValueSpecification","valueRequired":true,"valueName":"search_term_string"}}],"inLanguage":"fr-FR"},{"@type":"Organization","@id":"https:\/\/wordpress-113628-2737190.cloudwaysapps.com\/#organization","name":"Gantner Instruments","url":"https:\/\/wordpress-113628-2737190.cloudwaysapps.com\/","logo":{"@type":"ImageObject","inLanguage":"fr-FR","@id":"https:\/\/wordpress-113628-2737190.cloudwaysapps.com\/#\/schema\/logo\/image\/","url":"https:\/\/www.gantner-instruments.com\/wp-content\/uploads\/2022\/08\/logowhite.svg","contentUrl":"https:\/\/www.gantner-instruments.com\/wp-content\/uploads\/2022\/08\/logowhite.svg","width":151,"height":41,"caption":"Gantner Instruments"},"image":{"@id":"https:\/\/wordpress-113628-2737190.cloudwaysapps.com\/#\/schema\/logo\/image\/"},"sameAs":["https:\/\/www.facebook.com\/Gantner.Instruments\/","https:\/\/x.com\/gantnerinst","https:\/\/www.linkedin.com\/company\/989261\/admin\/","https:\/\/www.youtube.com\/channel\/UC9uIPaqfz96Iz6ZD2qf89Hw","https:\/\/www.instagram.com\/gantner_instruments\/"]}]}},"_links":{"self":[{"href":"https:\/\/www.gantner-instruments.com\/fr\/wp-json\/wp\/v2\/pages\/70102","targetHints":{"allow":["GET"]}}],"collection":[{"href":"https:\/\/www.gantner-instruments.com\/fr\/wp-json\/wp\/v2\/pages"}],"about":[{"href":"https:\/\/www.gantner-instruments.com\/fr\/wp-json\/wp\/v2\/types\/page"}],"author":[{"embeddable":true,"href":"https:\/\/www.gantner-instruments.com\/fr\/wp-json\/wp\/v2\/users\/4"}],"replies":[{"embeddable":true,"href":"https:\/\/www.gantner-instruments.com\/fr\/wp-json\/wp\/v2\/comments?post=70102"}],"version-history":[{"count":0,"href":"https:\/\/www.gantner-instruments.com\/fr\/wp-json\/wp\/v2\/pages\/70102\/revisions"}],"up":[{"embeddable":true,"href":"https:\/\/www.gantner-instruments.com\/fr\/wp-json\/wp\/v2\/pages\/72217"}],"wp:featuredmedia":[{"embeddable":true,"href":"https:\/\/www.gantner-instruments.com\/fr\/wp-json\/wp\/v2\/media\/80461"}],"wp:attachment":[{"href":"https:\/\/www.gantner-instruments.com\/fr\/wp-json\/wp\/v2\/media?parent=70102"}],"curies":[{"name":"wp","href":"https:\/\/api.w.org\/{rel}","templated":true}]}}