{"id":75577,"date":"2023-07-17T10:15:09","date_gmt":"2023-07-17T10:15:09","guid":{"rendered":"https:\/\/www.gantner-instruments.com\/support-downloads\/q-series-classic-downloads\/"},"modified":"2025-07-25T06:18:53","modified_gmt":"2025-07-25T06:18:53","slug":"q-series-classic-downloads","status":"publish","type":"page","link":"https:\/\/www.gantner-instruments.com\/de\/support-downloads\/q-series-classic-downloads\/","title":{"rendered":"Q.series classic Downloads"},"content":{"rendered":"\t\t<div data-elementor-type=\"wp-page\" data-elementor-id=\"75577\" class=\"elementor elementor-75577 elementor-72124\" data-elementor-post-type=\"page\">\n\t\t\t\t\t\t<section class=\"elementor-section elementor-top-section elementor-element elementor-element-bf32fcf elementor-section-full_width elementor-section-height-full _coverSection _medium elementor-section-height-default elementor-section-items-middle\" data-id=\"bf32fcf\" data-element_type=\"section\" data-e-type=\"section\">\n\t\t\t\t\t\t<div class=\"elementor-container elementor-column-gap-default\">\n\t\t\t\t\t<div class=\"elementor-column elementor-col-100 elementor-top-column elementor-element elementor-element-c17430a\" data-id=\"c17430a\" data-element_type=\"column\" data-e-type=\"column\">\n\t\t\t<div class=\"elementor-widget-wrap elementor-element-populated\">\n\t\t\t\t\t\t<section class=\"elementor-section elementor-inner-section elementor-element elementor-element-8792bb8 elementor-section-full_width elementor-section-height-full elementor-section-height-default\" data-id=\"8792bb8\" data-element_type=\"section\" data-e-type=\"section\">\n\t\t\t\t\t\t<div class=\"elementor-container elementor-column-gap-default\">\n\t\t\t\t\t<div class=\"elementor-column elementor-col-100 elementor-inner-column elementor-element elementor-element-61dae76\" data-id=\"61dae76\" data-element_type=\"column\" data-e-type=\"column\" data-settings=\"{&quot;background_background&quot;:&quot;classic&quot;}\">\n\t\t\t<div class=\"elementor-widget-wrap elementor-element-populated\">\n\t\t\t\t\t\t<div class=\"elementor-element elementor-element-0d31284 elementor-widget__width-initial elementor-widget elementor-widget-heading\" data-id=\"0d31284\" data-element_type=\"widget\" data-e-type=\"widget\" data-widget_type=\"heading.default\">\n\t\t\t\t<div class=\"elementor-widget-container\">\n\t\t\t\t\t<h1 class=\"elementor-heading-title elementor-size-default\">Q.series classic Downloads<\/h1>\t\t\t\t<\/div>\n\t\t\t\t<\/div>\n\t\t\t\t\t<\/div>\n\t\t<\/div>\n\t\t\t\t\t<\/div>\n\t\t<\/section>\n\t\t\t\t\t<\/div>\n\t\t<\/div>\n\t\t\t\t\t<\/div>\n\t\t<\/section>\n\t\t\t\t<section class=\"elementor-section elementor-top-section elementor-element elementor-element-1602c21 elementor-section-boxed elementor-section-height-default elementor-section-height-default\" data-id=\"1602c21\" data-element_type=\"section\" data-e-type=\"section\">\n\t\t\t\t\t\t<div class=\"elementor-container elementor-column-gap-default\">\n\t\t\t\t\t<div class=\"elementor-column elementor-col-100 elementor-top-column elementor-element elementor-element-bf01e57\" data-id=\"bf01e57\" data-element_type=\"column\" data-e-type=\"column\">\n\t\t\t<div class=\"elementor-widget-wrap elementor-element-populated\">\n\t\t\t\t\t\t<div class=\"elementor-element elementor-element-9b37933 elementor-widget elementor-widget-heading\" data-id=\"9b37933\" data-element_type=\"widget\" data-e-type=\"widget\" data-widget_type=\"heading.default\">\n\t\t\t\t<div class=\"elementor-widget-container\">\n\t\t\t\t\t<h3 class=\"elementor-heading-title elementor-size-default\">Q.series classic Downloads<\/h3>\t\t\t\t<\/div>\n\t\t\t\t<\/div>\n\t\t\t\t<div class=\"elementor-element elementor-element-9b5db6e elementor-widget elementor-widget-text-editor\" data-id=\"9b5db6e\" data-element_type=\"widget\" data-e-type=\"widget\" data-widget_type=\"text-editor.default\">\n\t\t\t\t<div class=\"elementor-widget-container\">\n\t\t\t\t\t\t\t\t\t<p>Alle Q.series classic, einschlie\u00dflich Datenbl\u00e4ttern mit detaillierten Spezifikationen, Handb\u00fcchern, Anleitungen und Konfigurationsbeispielen.<\/p>\t\t\t\t\t\t\t\t<\/div>\n\t\t\t\t<\/div>\n\t\t\t\t\t<\/div>\n\t\t<\/div>\n\t\t\t\t\t<\/div>\n\t\t<\/section>\n\t\t\t\t<section class=\"elementor-section elementor-top-section elementor-element elementor-element-85ceb3f elementor-section-boxed elementor-section-height-default elementor-section-height-default\" data-id=\"85ceb3f\" data-element_type=\"section\" data-e-type=\"section\">\n\t\t\t\t\t\t<div class=\"elementor-container elementor-column-gap-default\">\n\t\t\t\t\t<div class=\"elementor-column elementor-col-100 elementor-top-column elementor-element elementor-element-4d8e664\" data-id=\"4d8e664\" data-element_type=\"column\" data-e-type=\"column\">\n\t\t\t<div class=\"elementor-widget-wrap elementor-element-populated\">\n\t\t\t\t\t\t<div class=\"elementor-element elementor-element-d08ffd0 elementor-widget elementor-widget-shortcode\" data-id=\"d08ffd0\" data-element_type=\"widget\" data-e-type=\"widget\" data-widget_type=\"shortcode.default\">\n\t\t\t\t<div class=\"elementor-widget-container\">\n\t\t\t\t\t\t\t<div class=\"elementor-shortcode\"><div class='product-downloads-list loaded' current-id=\"75577\" >\r\n    <div class='row filter--wrapp margin_bottom_medium column_mobile_margin_bottom_small spread' >\r\n        <div class='col-sm-4'>\r\n            <select id=\"product-groups-select\" class=\"tpx-select2-container tpx-select2-drop\" >\r\n            <\/select>\r\n        <\/div>\r\n        <input type=\"hidden\" id=\"product-category-select-value-t\" value=\"\" \/>\r\n        <div class='col-sm-4'>\r\n            <select id=\"product-category-select\">\r\n            <\/select>\r\n        <\/div>\r\n        <div class='col-sm-4' data-field='text_filter'>\r\n            <input id=\"product-downloads-search\" type=\"text\" class=\"form-control\" ng-model=\"text_filter\" placeholder=\"Suchtext eingeben...\">\r\n        <\/div>\r\n    <\/div>\r\n    <input type=\"hidden\" id=\"product-search-download\" value=\"\" \/>\r\n    <div class='row content spread'>\r\n        <div class='col-sm-12'>\r\n            <!-- Desktop -->\r\n            <table id=\"desktop-product-table\" class='hidden-xs'>\r\n            <\/table>\r\n            <ul id=\"pagin-download\" style=\"display: flex;\"><\/ul>\r\n            <div style=\"text-align: center; margin: 10px\"><span id=\"load-more-downloads\">Weiter<\/span><\/div>\r\n        <\/div>\r\n    <\/div>\r\n    \r\n<\/div>\r\n<style>\r\n    #pagin-download li{\r\n        width: 20px;\r\n        height: 20px;\r\n        border: solid 1px #000;\r\n        margin: 2px;\r\n    }\r\n    #pagin-download li:before{\r\n        content: '' !important;\r\n    }\r\n    .hidden{\r\n        display: none;\r\n    }\r\n    #load-more-downloads{\r\n        cursor: pointer;\r\n    }\r\n<\/style>\r\n<\/div>\n\t\t\t\t\t\t<\/div>\n\t\t\t\t<\/div>\n\t\t\t\t\t<\/div>\n\t\t<\/div>\n\t\t\t\t\t<\/div>\n\t\t<\/section>\n\t\t\t\t<\/div>\n\t\t","protected":false},"excerpt":{"rendered":"<p>Q.series classic Downloads Q.series classic Downloads Alle Q.series classic, einschlie\u00dflich Datenbl\u00e4ttern mit detaillierten Spezifikationen, Handb\u00fcchern, Anleitungen und Konfigurationsbeispielen.<\/p>\n","protected":false},"author":19,"featured_media":0,"parent":65296,"menu_order":4,"comment_status":"closed","ping_status":"closed","template":"","meta":{"_acf_changed":false,"footnotes":""},"class_list":["post-75577","page","type-page","status-publish","hentry"],"acf":[],"yoast_head":"<!-- This site is optimized with the Yoast SEO plugin v27.4 - https:\/\/yoast.com\/product\/yoast-seo-wordpress\/ -->\n<title>Q.series classic Downloads - Gantner Instruments<\/title>\n<meta name=\"description\" content=\"Q.series Classic Download: Schalten Sie mit unseren Software-Downloads die Leistung fortschrittlicher Tools frei. Steigern Sie noch heute Ihre Produktivit\u00e4t und Effizienz.\" \/>\n<meta name=\"robots\" content=\"index, follow, max-snippet:-1, max-image-preview:large, max-video-preview:-1\" \/>\n<link rel=\"canonical\" href=\"https:\/\/www.gantner-instruments.com\/de\/support-downloads\/q-series-classic-downloads\/\" \/>\n<meta property=\"og:locale\" content=\"de_DE\" \/>\n<meta property=\"og:type\" content=\"article\" \/>\n<meta property=\"og:title\" content=\"Q.series classic Downloads - Gantner Instruments\" \/>\n<meta property=\"og:description\" content=\"Q.series Classic Download: Schalten Sie mit unseren Software-Downloads die Leistung fortschrittlicher Tools frei. Steigern Sie noch heute Ihre Produktivit\u00e4t und Effizienz.\" \/>\n<meta property=\"og:url\" content=\"https:\/\/www.gantner-instruments.com\/de\/support-downloads\/q-series-classic-downloads\/\" \/>\n<meta property=\"og:site_name\" content=\"Gantner Instruments\" \/>\n<meta property=\"article:publisher\" content=\"https:\/\/www.facebook.com\/Gantner.Instruments\/\" \/>\n<meta property=\"article:modified_time\" content=\"2025-07-25T06:18:53+00:00\" \/>\n<meta name=\"twitter:card\" content=\"summary_large_image\" \/>\n<meta name=\"twitter:site\" content=\"@gantnerinst\" \/>\n<script type=\"application\/ld+json\" class=\"yoast-schema-graph\">{\"@context\":\"https:\\\/\\\/schema.org\",\"@graph\":[{\"@type\":\"WebPage\",\"@id\":\"https:\\\/\\\/www.gantner-instruments.com\\\/de\\\/support-downloads\\\/q-series-classic-downloads\\\/\",\"url\":\"https:\\\/\\\/www.gantner-instruments.com\\\/de\\\/support-downloads\\\/q-series-classic-downloads\\\/\",\"name\":\"Q.series classic Downloads - Gantner Instruments\",\"isPartOf\":{\"@id\":\"https:\\\/\\\/wordpress-113628-2737190.cloudwaysapps.com\\\/#website\"},\"datePublished\":\"2023-07-17T10:15:09+00:00\",\"dateModified\":\"2025-07-25T06:18:53+00:00\",\"description\":\"Q.series Classic Download: Schalten Sie mit unseren Software-Downloads die Leistung fortschrittlicher Tools frei. Steigern Sie noch heute Ihre Produktivit\u00e4t und Effizienz.\",\"breadcrumb\":{\"@id\":\"https:\\\/\\\/www.gantner-instruments.com\\\/de\\\/support-downloads\\\/q-series-classic-downloads\\\/#breadcrumb\"},\"inLanguage\":\"de\",\"potentialAction\":[{\"@type\":\"ReadAction\",\"target\":[\"https:\\\/\\\/www.gantner-instruments.com\\\/de\\\/support-downloads\\\/q-series-classic-downloads\\\/\"]}]},{\"@type\":\"BreadcrumbList\",\"@id\":\"https:\\\/\\\/www.gantner-instruments.com\\\/de\\\/support-downloads\\\/q-series-classic-downloads\\\/#breadcrumb\",\"itemListElement\":[{\"@type\":\"ListItem\",\"position\":1,\"name\":\"Home\",\"item\":\"https:\\\/\\\/www.gantner-instruments.com\\\/de\\\/\"},{\"@type\":\"ListItem\",\"position\":2,\"name\":\"Support und Downloads\",\"item\":\"https:\\\/\\\/www.gantner-instruments.com\\\/de\\\/support-downloads\\\/\"},{\"@type\":\"ListItem\",\"position\":3,\"name\":\"Q.series classic Downloads\"}]},{\"@type\":\"WebSite\",\"@id\":\"https:\\\/\\\/wordpress-113628-2737190.cloudwaysapps.com\\\/#website\",\"url\":\"https:\\\/\\\/wordpress-113628-2737190.cloudwaysapps.com\\\/\",\"name\":\"Gantner Instruments\",\"description\":\"\",\"publisher\":{\"@id\":\"https:\\\/\\\/wordpress-113628-2737190.cloudwaysapps.com\\\/#organization\"},\"alternateName\":\"GI\",\"potentialAction\":[{\"@type\":\"SearchAction\",\"target\":{\"@type\":\"EntryPoint\",\"urlTemplate\":\"https:\\\/\\\/wordpress-113628-2737190.cloudwaysapps.com\\\/?s={search_term_string}\"},\"query-input\":{\"@type\":\"PropertyValueSpecification\",\"valueRequired\":true,\"valueName\":\"search_term_string\"}}],\"inLanguage\":\"de\"},{\"@type\":\"Organization\",\"@id\":\"https:\\\/\\\/wordpress-113628-2737190.cloudwaysapps.com\\\/#organization\",\"name\":\"Gantner Instruments\",\"url\":\"https:\\\/\\\/wordpress-113628-2737190.cloudwaysapps.com\\\/\",\"logo\":{\"@type\":\"ImageObject\",\"inLanguage\":\"de\",\"@id\":\"https:\\\/\\\/wordpress-113628-2737190.cloudwaysapps.com\\\/#\\\/schema\\\/logo\\\/image\\\/\",\"url\":\"https:\\\/\\\/www.gantner-instruments.com\\\/wp-content\\\/uploads\\\/2022\\\/08\\\/logowhite.svg\",\"contentUrl\":\"https:\\\/\\\/www.gantner-instruments.com\\\/wp-content\\\/uploads\\\/2022\\\/08\\\/logowhite.svg\",\"width\":151,\"height\":41,\"caption\":\"Gantner Instruments\"},\"image\":{\"@id\":\"https:\\\/\\\/wordpress-113628-2737190.cloudwaysapps.com\\\/#\\\/schema\\\/logo\\\/image\\\/\"},\"sameAs\":[\"https:\\\/\\\/www.facebook.com\\\/Gantner.Instruments\\\/\",\"https:\\\/\\\/x.com\\\/gantnerinst\",\"https:\\\/\\\/www.linkedin.com\\\/company\\\/989261\\\/admin\\\/\",\"https:\\\/\\\/www.youtube.com\\\/channel\\\/UC9uIPaqfz96Iz6ZD2qf89Hw\",\"https:\\\/\\\/www.instagram.com\\\/gantner_instruments\\\/\"]}]}<\/script>\n<!-- \/ Yoast SEO plugin. -->","yoast_head_json":{"title":"Q.series classic Downloads - Gantner Instruments","description":"Q.series Classic Download: Schalten Sie mit unseren Software-Downloads die Leistung fortschrittlicher Tools frei. Steigern Sie noch heute Ihre Produktivit\u00e4t und Effizienz.","robots":{"index":"index","follow":"follow","max-snippet":"max-snippet:-1","max-image-preview":"max-image-preview:large","max-video-preview":"max-video-preview:-1"},"canonical":"https:\/\/www.gantner-instruments.com\/de\/support-downloads\/q-series-classic-downloads\/","og_locale":"de_DE","og_type":"article","og_title":"Q.series classic Downloads - Gantner Instruments","og_description":"Q.series Classic Download: Schalten Sie mit unseren Software-Downloads die Leistung fortschrittlicher Tools frei. Steigern Sie noch heute Ihre Produktivit\u00e4t und Effizienz.","og_url":"https:\/\/www.gantner-instruments.com\/de\/support-downloads\/q-series-classic-downloads\/","og_site_name":"Gantner Instruments","article_publisher":"https:\/\/www.facebook.com\/Gantner.Instruments\/","article_modified_time":"2025-07-25T06:18:53+00:00","twitter_card":"summary_large_image","twitter_site":"@gantnerinst","schema":{"@context":"https:\/\/schema.org","@graph":[{"@type":"WebPage","@id":"https:\/\/www.gantner-instruments.com\/de\/support-downloads\/q-series-classic-downloads\/","url":"https:\/\/www.gantner-instruments.com\/de\/support-downloads\/q-series-classic-downloads\/","name":"Q.series classic Downloads - Gantner Instruments","isPartOf":{"@id":"https:\/\/wordpress-113628-2737190.cloudwaysapps.com\/#website"},"datePublished":"2023-07-17T10:15:09+00:00","dateModified":"2025-07-25T06:18:53+00:00","description":"Q.series Classic Download: Schalten Sie mit unseren Software-Downloads die Leistung fortschrittlicher Tools frei. Steigern Sie noch heute Ihre Produktivit\u00e4t und Effizienz.","breadcrumb":{"@id":"https:\/\/www.gantner-instruments.com\/de\/support-downloads\/q-series-classic-downloads\/#breadcrumb"},"inLanguage":"de","potentialAction":[{"@type":"ReadAction","target":["https:\/\/www.gantner-instruments.com\/de\/support-downloads\/q-series-classic-downloads\/"]}]},{"@type":"BreadcrumbList","@id":"https:\/\/www.gantner-instruments.com\/de\/support-downloads\/q-series-classic-downloads\/#breadcrumb","itemListElement":[{"@type":"ListItem","position":1,"name":"Home","item":"https:\/\/www.gantner-instruments.com\/de\/"},{"@type":"ListItem","position":2,"name":"Support und Downloads","item":"https:\/\/www.gantner-instruments.com\/de\/support-downloads\/"},{"@type":"ListItem","position":3,"name":"Q.series classic Downloads"}]},{"@type":"WebSite","@id":"https:\/\/wordpress-113628-2737190.cloudwaysapps.com\/#website","url":"https:\/\/wordpress-113628-2737190.cloudwaysapps.com\/","name":"Gantner Instruments","description":"","publisher":{"@id":"https:\/\/wordpress-113628-2737190.cloudwaysapps.com\/#organization"},"alternateName":"GI","potentialAction":[{"@type":"SearchAction","target":{"@type":"EntryPoint","urlTemplate":"https:\/\/wordpress-113628-2737190.cloudwaysapps.com\/?s={search_term_string}"},"query-input":{"@type":"PropertyValueSpecification","valueRequired":true,"valueName":"search_term_string"}}],"inLanguage":"de"},{"@type":"Organization","@id":"https:\/\/wordpress-113628-2737190.cloudwaysapps.com\/#organization","name":"Gantner Instruments","url":"https:\/\/wordpress-113628-2737190.cloudwaysapps.com\/","logo":{"@type":"ImageObject","inLanguage":"de","@id":"https:\/\/wordpress-113628-2737190.cloudwaysapps.com\/#\/schema\/logo\/image\/","url":"https:\/\/www.gantner-instruments.com\/wp-content\/uploads\/2022\/08\/logowhite.svg","contentUrl":"https:\/\/www.gantner-instruments.com\/wp-content\/uploads\/2022\/08\/logowhite.svg","width":151,"height":41,"caption":"Gantner Instruments"},"image":{"@id":"https:\/\/wordpress-113628-2737190.cloudwaysapps.com\/#\/schema\/logo\/image\/"},"sameAs":["https:\/\/www.facebook.com\/Gantner.Instruments\/","https:\/\/x.com\/gantnerinst","https:\/\/www.linkedin.com\/company\/989261\/admin\/","https:\/\/www.youtube.com\/channel\/UC9uIPaqfz96Iz6ZD2qf89Hw","https:\/\/www.instagram.com\/gantner_instruments\/"]}]}},"_links":{"self":[{"href":"https:\/\/www.gantner-instruments.com\/de\/wp-json\/wp\/v2\/pages\/75577","targetHints":{"allow":["GET"]}}],"collection":[{"href":"https:\/\/www.gantner-instruments.com\/de\/wp-json\/wp\/v2\/pages"}],"about":[{"href":"https:\/\/www.gantner-instruments.com\/de\/wp-json\/wp\/v2\/types\/page"}],"author":[{"embeddable":true,"href":"https:\/\/www.gantner-instruments.com\/de\/wp-json\/wp\/v2\/users\/19"}],"replies":[{"embeddable":true,"href":"https:\/\/www.gantner-instruments.com\/de\/wp-json\/wp\/v2\/comments?post=75577"}],"version-history":[{"count":0,"href":"https:\/\/www.gantner-instruments.com\/de\/wp-json\/wp\/v2\/pages\/75577\/revisions"}],"up":[{"embeddable":true,"href":"https:\/\/www.gantner-instruments.com\/de\/wp-json\/wp\/v2\/pages\/65296"}],"wp:attachment":[{"href":"https:\/\/www.gantner-instruments.com\/de\/wp-json\/wp\/v2\/media?parent=75577"}],"curies":[{"name":"wp","href":"https:\/\/api.w.org\/{rel}","templated":true}]}}