{"id":71879,"date":"2023-05-26T14:31:18","date_gmt":"2023-05-26T14:31:18","guid":{"rendered":"https:\/\/www.gantner-instruments.com\/support-downloads\/handbuecher-download\/"},"modified":"2026-01-30T14:59:43","modified_gmt":"2026-01-30T14:59:43","slug":"handbuecher-download","status":"publish","type":"page","link":"https:\/\/www.gantner-instruments.com\/de\/support-downloads\/handbuecher-download\/","title":{"rendered":"Handb\u00fccher \/ Quick Start Guides"},"content":{"rendered":"\t\t<div data-elementor-type=\"wp-page\" data-elementor-id=\"71879\" class=\"elementor elementor-71879 elementor-70149\" data-elementor-post-type=\"page\">\n\t\t\t\t\t\t<section class=\"elementor-section elementor-top-section elementor-element elementor-element-367cc4e elementor-section-full_width elementor-section-height-full _coverSection _medium elementor-section-height-default elementor-section-items-middle\" data-id=\"367cc4e\" data-element_type=\"section\" data-e-type=\"section\">\n\t\t\t\t\t\t<div class=\"elementor-container elementor-column-gap-default\">\n\t\t\t\t\t<div class=\"elementor-column elementor-col-100 elementor-top-column elementor-element elementor-element-0428354\" data-id=\"0428354\" data-element_type=\"column\" data-e-type=\"column\">\n\t\t\t<div class=\"elementor-widget-wrap elementor-element-populated\">\n\t\t\t\t\t\t<section class=\"elementor-section elementor-inner-section elementor-element elementor-element-e5cd81a elementor-section-full_width elementor-section-height-full elementor-section-height-default\" data-id=\"e5cd81a\" data-element_type=\"section\" data-e-type=\"section\">\n\t\t\t\t\t\t<div class=\"elementor-container elementor-column-gap-default\">\n\t\t\t\t\t<div class=\"elementor-column elementor-col-100 elementor-inner-column elementor-element elementor-element-952df6e\" data-id=\"952df6e\" data-element_type=\"column\" data-e-type=\"column\" data-settings=\"{&quot;background_background&quot;:&quot;classic&quot;,&quot;background_motion_fx_motion_fx_scrolling&quot;:&quot;yes&quot;,&quot;background_motion_fx_scale_effect&quot;:&quot;yes&quot;,&quot;background_motion_fx_scale_speed&quot;:{&quot;unit&quot;:&quot;px&quot;,&quot;size&quot;:10,&quot;sizes&quot;:[]},&quot;background_motion_fx_scale_range&quot;:{&quot;unit&quot;:&quot;%&quot;,&quot;size&quot;:&quot;&quot;,&quot;sizes&quot;:{&quot;start&quot;:50,&quot;end&quot;:100}},&quot;background_motion_fx_scale_direction&quot;:&quot;out-in&quot;,&quot;background_motion_fx_devices&quot;:[&quot;desktop&quot;,&quot;tablet&quot;,&quot;mobile&quot;]}\">\n\t\t\t<div class=\"elementor-widget-wrap elementor-element-populated\">\n\t\t\t\t\t\t<div class=\"elementor-element elementor-element-15614ff elementor-widget elementor-widget-heading\" data-id=\"15614ff\" data-element_type=\"widget\" data-e-type=\"widget\" data-widget_type=\"heading.default\">\n\t\t\t\t<div class=\"elementor-widget-container\">\n\t\t\t\t\t<h1 class=\"elementor-heading-title elementor-size-default\">Handb\u00fccher und<br>Quick Start Guides<\/h1>\t\t\t\t<\/div>\n\t\t\t\t<\/div>\n\t\t\t\t\t<\/div>\n\t\t<\/div>\n\t\t\t\t\t<\/div>\n\t\t<\/section>\n\t\t\t\t\t<\/div>\n\t\t<\/div>\n\t\t\t\t\t<\/div>\n\t\t<\/section>\n\t\t\t\t<section class=\"elementor-section elementor-top-section elementor-element elementor-element-21dbf92 elementor-section-boxed elementor-section-height-default elementor-section-height-default\" data-id=\"21dbf92\" data-element_type=\"section\" data-e-type=\"section\" id=\"all_downloads\">\n\t\t\t\t\t\t<div class=\"elementor-container elementor-column-gap-default\">\n\t\t\t\t\t<div class=\"elementor-column elementor-col-100 elementor-top-column elementor-element elementor-element-cf716f4\" data-id=\"cf716f4\" data-element_type=\"column\" data-e-type=\"column\">\n\t\t\t<div class=\"elementor-widget-wrap elementor-element-populated\">\n\t\t\t\t\t\t<div class=\"elementor-element elementor-element-a68ce87 elementor-widget elementor-widget-heading\" data-id=\"a68ce87\" data-element_type=\"widget\" data-e-type=\"widget\" data-widget_type=\"heading.default\">\n\t\t\t\t<div class=\"elementor-widget-container\">\n\t\t\t\t\t<h3 class=\"elementor-heading-title elementor-size-default\">Manuals und Quick Start Guides<\/h3>\t\t\t\t<\/div>\n\t\t\t\t<\/div>\n\t\t\t\t<div class=\"elementor-element elementor-element-8e219a4 elementor-widget elementor-widget-text-editor\" data-id=\"8e219a4\" data-element_type=\"widget\" data-e-type=\"widget\" data-widget_type=\"text-editor.default\">\n\t\t\t\t<div class=\"elementor-widget-container\">\n\t\t\t\t\t\t\t\t\t<p>Willkommen bei den Handb\u00fcchern und Schnellstartanleitungen von Gantner Instruments. Diese Sammlung bietet detaillierte Ressourcen, um Sie schnell mit unseren Produkten vertraut zu machen. Unsere Handb\u00fccher enthalten ausf\u00fchrliche Anleitungen f\u00fcr die optimale Nutzung unserer Instrumente, w\u00e4hrend die Quick Start Guides einen einfachen, schrittweisen Einrichtungsprozess bieten. Diese Materialien sind unerl\u00e4sslich, um die M\u00f6glichkeiten unserer innovativen L\u00f6sungen voll auszusch\u00f6pfen.   <\/p>\t\t\t\t\t\t\t\t<\/div>\n\t\t\t\t<\/div>\n\t\t\t\t\t<\/div>\n\t\t<\/div>\n\t\t\t\t\t<\/div>\n\t\t<\/section>\n\t\t\t\t<section class=\"elementor-section elementor-top-section elementor-element elementor-element-5583e28 elementor-section-boxed elementor-section-height-default elementor-section-height-default\" data-id=\"5583e28\" data-element_type=\"section\" data-e-type=\"section\">\n\t\t\t\t\t\t<div class=\"elementor-container elementor-column-gap-default\">\n\t\t\t\t\t<div class=\"elementor-column elementor-col-100 elementor-top-column elementor-element elementor-element-00dd8b5\" data-id=\"00dd8b5\" data-element_type=\"column\" data-e-type=\"column\">\n\t\t\t<div class=\"elementor-widget-wrap elementor-element-populated\">\n\t\t\t\t\t\t<div class=\"elementor-element elementor-element-6ad69fd elementor-widget elementor-widget-shortcode\" data-id=\"6ad69fd\" data-element_type=\"widget\" data-e-type=\"widget\" data-widget_type=\"shortcode.default\">\n\t\t\t\t<div class=\"elementor-widget-container\">\n\t\t\t\t\t\t\t<div class=\"elementor-shortcode\"><div class='product-downloads-list loaded' current-id=\"71879\" >\r\n    <div class='row filter--wrapp margin_bottom_medium column_mobile_margin_bottom_small spread' >\r\n        <div class='col-sm-4'>\r\n            <select id=\"product-groups-select\" class=\"tpx-select2-container tpx-select2-drop\" >\r\n            <\/select>\r\n        <\/div>\r\n        <input type=\"hidden\" id=\"product-category-select-value-t\" value=\"\" \/>\r\n        <div class='col-sm-4'>\r\n            <select id=\"product-category-select\">\r\n            <\/select>\r\n        <\/div>\r\n        <div class='col-sm-4' data-field='text_filter'>\r\n            <input id=\"product-downloads-search\" type=\"text\" class=\"form-control\" ng-model=\"text_filter\" placeholder=\"Suchtext eingeben...\">\r\n        <\/div>\r\n    <\/div>\r\n    <input type=\"hidden\" id=\"product-search-download\" value=\"\" \/>\r\n    <div class='row content spread'>\r\n        <div class='col-sm-12'>\r\n            <!-- Desktop -->\r\n            <table id=\"desktop-product-table\" class='hidden-xs'>\r\n            <\/table>\r\n            <ul id=\"pagin-download\" style=\"display: flex;\"><\/ul>\r\n            <div style=\"text-align: center; margin: 10px\"><span id=\"load-more-downloads\">Weiter<\/span><\/div>\r\n        <\/div>\r\n    <\/div>\r\n    \r\n<\/div>\r\n<style>\r\n    #pagin-download li{\r\n        width: 20px;\r\n        height: 20px;\r\n        border: solid 1px #000;\r\n        margin: 2px;\r\n    }\r\n    #pagin-download li:before{\r\n        content: '' !important;\r\n    }\r\n    .hidden{\r\n        display: none;\r\n    }\r\n    #load-more-downloads{\r\n        cursor: pointer;\r\n    }\r\n<\/style>\r\n<\/div>\n\t\t\t\t\t\t<\/div>\n\t\t\t\t<\/div>\n\t\t\t\t\t<\/div>\n\t\t<\/div>\n\t\t\t\t\t<\/div>\n\t\t<\/section>\n\t\t\t\t<section class=\"elementor-section elementor-top-section elementor-element elementor-element-3c527bd elementor-section-boxed elementor-section-height-default elementor-section-height-default\" data-id=\"3c527bd\" data-element_type=\"section\" data-e-type=\"section\">\n\t\t\t\t\t\t<div class=\"elementor-container elementor-column-gap-default\">\n\t\t\t\t\t<div class=\"elementor-column elementor-col-100 elementor-top-column elementor-element elementor-element-033e110\" data-id=\"033e110\" data-element_type=\"column\" data-e-type=\"column\">\n\t\t\t<div class=\"elementor-widget-wrap elementor-element-populated\">\n\t\t\t\t\t\t<section class=\"elementor-section elementor-inner-section elementor-element elementor-element-95315fb elementor-section-boxed elementor-section-height-default elementor-section-height-default\" data-id=\"95315fb\" data-element_type=\"section\" data-e-type=\"section\">\n\t\t\t\t\t\t<div class=\"elementor-container elementor-column-gap-default\">\n\t\t\t\t\t<div class=\"elementor-column elementor-col-50 elementor-inner-column elementor-element elementor-element-550c7a7\" data-id=\"550c7a7\" data-element_type=\"column\" data-e-type=\"column\">\n\t\t\t<div class=\"elementor-widget-wrap\">\n\t\t\t\t\t\t\t<\/div>\n\t\t<\/div>\n\t\t\t\t<div class=\"elementor-column elementor-col-50 elementor-inner-column elementor-element elementor-element-85e14ce\" data-id=\"85e14ce\" data-element_type=\"column\" data-e-type=\"column\">\n\t\t\t<div class=\"elementor-widget-wrap\">\n\t\t\t\t\t\t\t<\/div>\n\t\t<\/div>\n\t\t\t\t\t<\/div>\n\t\t<\/section>\n\t\t\t\t\t<\/div>\n\t\t<\/div>\n\t\t\t\t\t<\/div>\n\t\t<\/section>\n\t\t\t\t<\/div>\n\t\t","protected":false},"excerpt":{"rendered":"<p>Handb\u00fccher undQuick Start Guides Manuals und Quick Start Guides Willkommen bei den Handb\u00fcchern und Schnellstartanleitungen von Gantner Instruments. Diese Sammlung bietet detaillierte Ressourcen, um Sie schnell mit unseren Produkten vertraut [&hellip;]<\/p>\n","protected":false},"author":19,"featured_media":0,"parent":65296,"menu_order":2,"comment_status":"closed","ping_status":"closed","template":"","meta":{"_acf_changed":false,"footnotes":""},"class_list":["post-71879","page","type-page","status-publish","hentry"],"acf":[],"yoast_head":"<!-- This site is optimized with the Yoast SEO plugin v27.3 - https:\/\/yoast.com\/product\/yoast-seo-wordpress\/ -->\n<title>Handb\u00fccher \/ Quick Start Guides - Gantner Instruments<\/title>\n<meta name=\"description\" content=\"Erkunden Sie die Handb\u00fccher und Quick Start Guides von Gantner Instruments f\u00fcr eine nahtlose Integration. Sch\u00f6pfen Sie das volle Potenzial unserer innovativen L\u00f6sungen aus!\" \/>\n<meta name=\"robots\" content=\"index, follow, max-snippet:-1, max-image-preview:large, max-video-preview:-1\" \/>\n<link rel=\"canonical\" href=\"https:\/\/www.gantner-instruments.com\/de\/support-downloads\/handbuecher-download\/\" \/>\n<meta property=\"og:locale\" content=\"de_DE\" \/>\n<meta property=\"og:type\" content=\"article\" \/>\n<meta property=\"og:title\" content=\"Handb\u00fccher \/ Quick Start Guides - Gantner Instruments\" \/>\n<meta property=\"og:description\" content=\"Erkunden Sie die Handb\u00fccher und Quick Start Guides von Gantner Instruments f\u00fcr eine nahtlose Integration. Sch\u00f6pfen Sie das volle Potenzial unserer innovativen L\u00f6sungen aus!\" \/>\n<meta property=\"og:url\" content=\"https:\/\/www.gantner-instruments.com\/de\/support-downloads\/handbuecher-download\/\" \/>\n<meta property=\"og:site_name\" content=\"Gantner Instruments\" \/>\n<meta property=\"article:publisher\" content=\"https:\/\/www.facebook.com\/Gantner.Instruments\/\" \/>\n<meta property=\"article:modified_time\" content=\"2026-01-30T14:59:43+00:00\" \/>\n<meta name=\"twitter:card\" content=\"summary_large_image\" \/>\n<meta name=\"twitter:site\" content=\"@gantnerinst\" \/>\n<meta name=\"twitter:label1\" content=\"Gesch\u00e4tzte Lesezeit\" \/>\n\t<meta name=\"twitter:data1\" content=\"1 Minute\" \/>\n<script type=\"application\/ld+json\" class=\"yoast-schema-graph\">{\"@context\":\"https:\\\/\\\/schema.org\",\"@graph\":[{\"@type\":\"WebPage\",\"@id\":\"https:\\\/\\\/www.gantner-instruments.com\\\/de\\\/support-downloads\\\/handbuecher-download\\\/\",\"url\":\"https:\\\/\\\/www.gantner-instruments.com\\\/de\\\/support-downloads\\\/handbuecher-download\\\/\",\"name\":\"Handb\u00fccher \\\/ Quick Start Guides - Gantner Instruments\",\"isPartOf\":{\"@id\":\"https:\\\/\\\/wordpress-113628-2737190.cloudwaysapps.com\\\/#website\"},\"datePublished\":\"2023-05-26T14:31:18+00:00\",\"dateModified\":\"2026-01-30T14:59:43+00:00\",\"description\":\"Erkunden Sie die Handb\u00fccher und Quick Start Guides von Gantner Instruments f\u00fcr eine nahtlose Integration. Sch\u00f6pfen Sie das volle Potenzial unserer innovativen L\u00f6sungen aus!\",\"breadcrumb\":{\"@id\":\"https:\\\/\\\/www.gantner-instruments.com\\\/de\\\/support-downloads\\\/handbuecher-download\\\/#breadcrumb\"},\"inLanguage\":\"de\",\"potentialAction\":[{\"@type\":\"ReadAction\",\"target\":[\"https:\\\/\\\/www.gantner-instruments.com\\\/de\\\/support-downloads\\\/handbuecher-download\\\/\"]}]},{\"@type\":\"BreadcrumbList\",\"@id\":\"https:\\\/\\\/www.gantner-instruments.com\\\/de\\\/support-downloads\\\/handbuecher-download\\\/#breadcrumb\",\"itemListElement\":[{\"@type\":\"ListItem\",\"position\":1,\"name\":\"Home\",\"item\":\"https:\\\/\\\/www.gantner-instruments.com\\\/de\\\/\"},{\"@type\":\"ListItem\",\"position\":2,\"name\":\"Support und Downloads\",\"item\":\"https:\\\/\\\/www.gantner-instruments.com\\\/de\\\/support-downloads\\\/\"},{\"@type\":\"ListItem\",\"position\":3,\"name\":\"Handb\u00fccher \\\/ Quick Start Guides\"}]},{\"@type\":\"WebSite\",\"@id\":\"https:\\\/\\\/wordpress-113628-2737190.cloudwaysapps.com\\\/#website\",\"url\":\"https:\\\/\\\/wordpress-113628-2737190.cloudwaysapps.com\\\/\",\"name\":\"Gantner Instruments\",\"description\":\"\",\"publisher\":{\"@id\":\"https:\\\/\\\/wordpress-113628-2737190.cloudwaysapps.com\\\/#organization\"},\"alternateName\":\"GI\",\"potentialAction\":[{\"@type\":\"SearchAction\",\"target\":{\"@type\":\"EntryPoint\",\"urlTemplate\":\"https:\\\/\\\/wordpress-113628-2737190.cloudwaysapps.com\\\/?s={search_term_string}\"},\"query-input\":{\"@type\":\"PropertyValueSpecification\",\"valueRequired\":true,\"valueName\":\"search_term_string\"}}],\"inLanguage\":\"de\"},{\"@type\":\"Organization\",\"@id\":\"https:\\\/\\\/wordpress-113628-2737190.cloudwaysapps.com\\\/#organization\",\"name\":\"Gantner Instruments\",\"url\":\"https:\\\/\\\/wordpress-113628-2737190.cloudwaysapps.com\\\/\",\"logo\":{\"@type\":\"ImageObject\",\"inLanguage\":\"de\",\"@id\":\"https:\\\/\\\/wordpress-113628-2737190.cloudwaysapps.com\\\/#\\\/schema\\\/logo\\\/image\\\/\",\"url\":\"https:\\\/\\\/www.gantner-instruments.com\\\/wp-content\\\/uploads\\\/2022\\\/08\\\/logowhite.svg\",\"contentUrl\":\"https:\\\/\\\/www.gantner-instruments.com\\\/wp-content\\\/uploads\\\/2022\\\/08\\\/logowhite.svg\",\"width\":151,\"height\":41,\"caption\":\"Gantner Instruments\"},\"image\":{\"@id\":\"https:\\\/\\\/wordpress-113628-2737190.cloudwaysapps.com\\\/#\\\/schema\\\/logo\\\/image\\\/\"},\"sameAs\":[\"https:\\\/\\\/www.facebook.com\\\/Gantner.Instruments\\\/\",\"https:\\\/\\\/x.com\\\/gantnerinst\",\"https:\\\/\\\/www.linkedin.com\\\/company\\\/989261\\\/admin\\\/\",\"https:\\\/\\\/www.youtube.com\\\/channel\\\/UC9uIPaqfz96Iz6ZD2qf89Hw\",\"https:\\\/\\\/www.instagram.com\\\/gantner_instruments\\\/\"]}]}<\/script>\n<!-- \/ Yoast SEO plugin. -->","yoast_head_json":{"title":"Handb\u00fccher \/ Quick Start Guides - Gantner Instruments","description":"Erkunden Sie die Handb\u00fccher und Quick Start Guides von Gantner Instruments f\u00fcr eine nahtlose Integration. Sch\u00f6pfen Sie das volle Potenzial unserer innovativen L\u00f6sungen aus!","robots":{"index":"index","follow":"follow","max-snippet":"max-snippet:-1","max-image-preview":"max-image-preview:large","max-video-preview":"max-video-preview:-1"},"canonical":"https:\/\/www.gantner-instruments.com\/de\/support-downloads\/handbuecher-download\/","og_locale":"de_DE","og_type":"article","og_title":"Handb\u00fccher \/ Quick Start Guides - Gantner Instruments","og_description":"Erkunden Sie die Handb\u00fccher und Quick Start Guides von Gantner Instruments f\u00fcr eine nahtlose Integration. Sch\u00f6pfen Sie das volle Potenzial unserer innovativen L\u00f6sungen aus!","og_url":"https:\/\/www.gantner-instruments.com\/de\/support-downloads\/handbuecher-download\/","og_site_name":"Gantner Instruments","article_publisher":"https:\/\/www.facebook.com\/Gantner.Instruments\/","article_modified_time":"2026-01-30T14:59:43+00:00","twitter_card":"summary_large_image","twitter_site":"@gantnerinst","twitter_misc":{"Gesch\u00e4tzte Lesezeit":"1 Minute"},"schema":{"@context":"https:\/\/schema.org","@graph":[{"@type":"WebPage","@id":"https:\/\/www.gantner-instruments.com\/de\/support-downloads\/handbuecher-download\/","url":"https:\/\/www.gantner-instruments.com\/de\/support-downloads\/handbuecher-download\/","name":"Handb\u00fccher \/ Quick Start Guides - Gantner Instruments","isPartOf":{"@id":"https:\/\/wordpress-113628-2737190.cloudwaysapps.com\/#website"},"datePublished":"2023-05-26T14:31:18+00:00","dateModified":"2026-01-30T14:59:43+00:00","description":"Erkunden Sie die Handb\u00fccher und Quick Start Guides von Gantner Instruments f\u00fcr eine nahtlose Integration. Sch\u00f6pfen Sie das volle Potenzial unserer innovativen L\u00f6sungen aus!","breadcrumb":{"@id":"https:\/\/www.gantner-instruments.com\/de\/support-downloads\/handbuecher-download\/#breadcrumb"},"inLanguage":"de","potentialAction":[{"@type":"ReadAction","target":["https:\/\/www.gantner-instruments.com\/de\/support-downloads\/handbuecher-download\/"]}]},{"@type":"BreadcrumbList","@id":"https:\/\/www.gantner-instruments.com\/de\/support-downloads\/handbuecher-download\/#breadcrumb","itemListElement":[{"@type":"ListItem","position":1,"name":"Home","item":"https:\/\/www.gantner-instruments.com\/de\/"},{"@type":"ListItem","position":2,"name":"Support und Downloads","item":"https:\/\/www.gantner-instruments.com\/de\/support-downloads\/"},{"@type":"ListItem","position":3,"name":"Handb\u00fccher \/ Quick Start Guides"}]},{"@type":"WebSite","@id":"https:\/\/wordpress-113628-2737190.cloudwaysapps.com\/#website","url":"https:\/\/wordpress-113628-2737190.cloudwaysapps.com\/","name":"Gantner Instruments","description":"","publisher":{"@id":"https:\/\/wordpress-113628-2737190.cloudwaysapps.com\/#organization"},"alternateName":"GI","potentialAction":[{"@type":"SearchAction","target":{"@type":"EntryPoint","urlTemplate":"https:\/\/wordpress-113628-2737190.cloudwaysapps.com\/?s={search_term_string}"},"query-input":{"@type":"PropertyValueSpecification","valueRequired":true,"valueName":"search_term_string"}}],"inLanguage":"de"},{"@type":"Organization","@id":"https:\/\/wordpress-113628-2737190.cloudwaysapps.com\/#organization","name":"Gantner Instruments","url":"https:\/\/wordpress-113628-2737190.cloudwaysapps.com\/","logo":{"@type":"ImageObject","inLanguage":"de","@id":"https:\/\/wordpress-113628-2737190.cloudwaysapps.com\/#\/schema\/logo\/image\/","url":"https:\/\/www.gantner-instruments.com\/wp-content\/uploads\/2022\/08\/logowhite.svg","contentUrl":"https:\/\/www.gantner-instruments.com\/wp-content\/uploads\/2022\/08\/logowhite.svg","width":151,"height":41,"caption":"Gantner Instruments"},"image":{"@id":"https:\/\/wordpress-113628-2737190.cloudwaysapps.com\/#\/schema\/logo\/image\/"},"sameAs":["https:\/\/www.facebook.com\/Gantner.Instruments\/","https:\/\/x.com\/gantnerinst","https:\/\/www.linkedin.com\/company\/989261\/admin\/","https:\/\/www.youtube.com\/channel\/UC9uIPaqfz96Iz6ZD2qf89Hw","https:\/\/www.instagram.com\/gantner_instruments\/"]}]}},"_links":{"self":[{"href":"https:\/\/www.gantner-instruments.com\/de\/wp-json\/wp\/v2\/pages\/71879","targetHints":{"allow":["GET"]}}],"collection":[{"href":"https:\/\/www.gantner-instruments.com\/de\/wp-json\/wp\/v2\/pages"}],"about":[{"href":"https:\/\/www.gantner-instruments.com\/de\/wp-json\/wp\/v2\/types\/page"}],"author":[{"embeddable":true,"href":"https:\/\/www.gantner-instruments.com\/de\/wp-json\/wp\/v2\/users\/19"}],"replies":[{"embeddable":true,"href":"https:\/\/www.gantner-instruments.com\/de\/wp-json\/wp\/v2\/comments?post=71879"}],"version-history":[{"count":9,"href":"https:\/\/www.gantner-instruments.com\/de\/wp-json\/wp\/v2\/pages\/71879\/revisions"}],"predecessor-version":[{"id":94777,"href":"https:\/\/www.gantner-instruments.com\/de\/wp-json\/wp\/v2\/pages\/71879\/revisions\/94777"}],"up":[{"embeddable":true,"href":"https:\/\/www.gantner-instruments.com\/de\/wp-json\/wp\/v2\/pages\/65296"}],"wp:attachment":[{"href":"https:\/\/www.gantner-instruments.com\/de\/wp-json\/wp\/v2\/media?parent=71879"}],"curies":[{"name":"wp","href":"https:\/\/api.w.org\/{rel}","templated":true}]}}