{"id":66997,"date":"2023-01-25T15:21:01","date_gmt":"2023-01-25T15:21:01","guid":{"rendered":"https:\/\/www.gantner-instruments.com\/experte-fuer-lokalen-support\/"},"modified":"2025-07-24T13:17:40","modified_gmt":"2025-07-24T13:17:40","slug":"experte-fuer-lokalen-support","status":"publish","type":"page","link":"https:\/\/www.gantner-instruments.com\/de\/experte-fuer-lokalen-support\/","title":{"rendered":"Experte f\u00fcr lokalen Support"},"content":{"rendered":"\t\t<div data-elementor-type=\"wp-page\" data-elementor-id=\"66997\" class=\"elementor elementor-66997 elementor-56274\" data-elementor-post-type=\"page\">\n\t\t\t\t\t\t<section class=\"elementor-section elementor-top-section elementor-element elementor-element-a959a09 elementor-section-full_width elementor-section-height-full _coverSection _small elementor-section-height-default elementor-section-items-middle\" data-id=\"a959a09\" data-element_type=\"section\" data-e-type=\"section\">\n\t\t\t\t\t\t<div class=\"elementor-container elementor-column-gap-default\">\n\t\t\t\t\t<div class=\"elementor-column elementor-col-100 elementor-top-column elementor-element elementor-element-0fd580b\" data-id=\"0fd580b\" data-element_type=\"column\" data-e-type=\"column\">\n\t\t\t<div class=\"elementor-widget-wrap elementor-element-populated\">\n\t\t\t\t\t\t<section class=\"elementor-section elementor-inner-section elementor-element elementor-element-2c2def1 elementor-section-full_width elementor-section-height-full elementor-section-height-default\" data-id=\"2c2def1\" data-element_type=\"section\" data-e-type=\"section\">\n\t\t\t\t\t\t<div class=\"elementor-container elementor-column-gap-default\">\n\t\t\t\t\t<div class=\"elementor-column elementor-col-100 elementor-inner-column elementor-element elementor-element-8a0f295\" data-id=\"8a0f295\" data-element_type=\"column\" data-e-type=\"column\" data-settings=\"{&quot;background_background&quot;:&quot;classic&quot;}\">\n\t\t\t<div class=\"elementor-widget-wrap elementor-element-populated\">\n\t\t\t\t\t\t<div class=\"elementor-element elementor-element-31ed3c4 elementor-widget elementor-widget-heading\" data-id=\"31ed3c4\" data-element_type=\"widget\" data-e-type=\"widget\" data-widget_type=\"heading.default\">\n\t\t\t\t<div class=\"elementor-widget-container\">\n\t\t\t\t\t<h1 class=\"elementor-heading-title elementor-size-default\">TECHNISCHE UNTERST\u00dcTZUNG<\/h1>\t\t\t\t<\/div>\n\t\t\t\t<\/div>\n\t\t\t\t<div class=\"elementor-element elementor-element-3ac6312 elementor-widget elementor-widget-heading\" data-id=\"3ac6312\" data-element_type=\"widget\" data-e-type=\"widget\" data-widget_type=\"heading.default\">\n\t\t\t\t<div class=\"elementor-widget-container\">\n\t\t\t\t\t<h2 class=\"elementor-heading-title elementor-size-default\">Unsere technischen Spezialisten sind bestrebt, Ihnen einen erstklassigen, pers\u00f6nlichen und barrierefreien Support zu bieten. <\/h2>\t\t\t\t<\/div>\n\t\t\t\t<\/div>\n\t\t\t\t<div class=\"elementor-element elementor-element-e08af5d elementor-absolute _imageWithShadow elementor-widget elementor-widget-image\" data-id=\"e08af5d\" data-element_type=\"widget\" data-e-type=\"widget\" data-settings=\"{&quot;_position&quot;:&quot;absolute&quot;}\" data-widget_type=\"image.default\">\n\t\t\t\t<div class=\"elementor-widget-container\">\n\t\t\t\t\t\t\t\t\t\t\t\t\t\t\t<img fetchpriority=\"high\" decoding=\"async\" width=\"2048\" height=\"1165\" src=\"https:\/\/www.gantner-instruments.com\/wp-content\/uploads\/2022\/11\/DAQ-Overview_stage-scaled2.jpg\" class=\"attachment-2048x2048 size-2048x2048 wp-image-48493\" alt=\"\" srcset=\"https:\/\/www.gantner-instruments.com\/wp-content\/uploads\/2022\/11\/DAQ-Overview_stage-scaled2.jpg 2560w, https:\/\/www.gantner-instruments.com\/wp-content\/uploads\/2022\/11\/DAQ-Overview_stage-scaled2-300x171.jpg 300w, https:\/\/www.gantner-instruments.com\/wp-content\/uploads\/2022\/11\/DAQ-Overview_stage-scaled2-1024x582.jpg 1024w, https:\/\/www.gantner-instruments.com\/wp-content\/uploads\/2022\/11\/DAQ-Overview_stage-scaled2-768x437.jpg 768w\" sizes=\"(max-width: 2048px) 100vw, 2048px\" \/>\t\t\t\t\t\t\t\t\t\t\t\t\t\t\t<\/div>\n\t\t\t\t<\/div>\n\t\t\t\t\t<\/div>\n\t\t<\/div>\n\t\t\t\t\t<\/div>\n\t\t<\/section>\n\t\t\t\t\t<\/div>\n\t\t<\/div>\n\t\t\t\t\t<\/div>\n\t\t<\/section>\n\t\t\t\t<section class=\"elementor-section elementor-top-section elementor-element elementor-element-801fbc4 elementor-section-boxed elementor-section-height-default elementor-section-height-default\" data-id=\"801fbc4\" data-element_type=\"section\" data-e-type=\"section\">\n\t\t\t\t\t\t<div class=\"elementor-container elementor-column-gap-default\">\n\t\t\t\t\t<div class=\"elementor-column elementor-col-100 elementor-top-column elementor-element elementor-element-46b8ad1\" data-id=\"46b8ad1\" data-element_type=\"column\" data-e-type=\"column\">\n\t\t\t<div class=\"elementor-widget-wrap elementor-element-populated\">\n\t\t\t\t\t\t<div class=\"elementor-element elementor-element-a42c942 elementor-widget elementor-widget-html\" data-id=\"a42c942\" data-element_type=\"widget\" data-e-type=\"widget\" data-widget_type=\"html.default\">\n\t\t\t\t<div class=\"elementor-widget-container\">\n\t\t\t\t\t<script charset=\"utf-8\" type=\"text\/javascript\" src=\"\/\/js.hsforms.net\/forms\/embed\/v2.js\"><\/script><script>hbspt.forms.create({\n    region: \"na1\",\n    portalId: \"5767747\",\n    formId: \"7f656cc9-17be-4436-82ae-4d600fc028f7\"\n  });\n<\/script>\t\t\t\t<\/div>\n\t\t\t\t<\/div>\n\t\t\t\t\t<\/div>\n\t\t<\/div>\n\t\t\t\t\t<\/div>\n\t\t<\/section>\n\t\t\t\t<\/div>\n\t\t","protected":false},"excerpt":{"rendered":"<p>TECHNISCHE UNTERST\u00dcTZUNG Unsere technischen Spezialisten sind bestrebt, Ihnen einen erstklassigen, pers\u00f6nlichen und barrierefreien Support zu bieten.<\/p>\n","protected":false},"author":19,"featured_media":0,"parent":0,"menu_order":0,"comment_status":"closed","ping_status":"closed","template":"elementor_header_footer","meta":{"_acf_changed":false,"footnotes":""},"class_list":["post-66997","page","type-page","status-publish","hentry"],"acf":[],"yoast_head":"<!-- This site is optimized with the Yoast SEO plugin v27.4 - https:\/\/yoast.com\/product\/yoast-seo-wordpress\/ -->\n<title>Experte f\u00fcr lokalen Support - Gantner Instruments<\/title>\n<meta name=\"description\" content=\"Holen Sie sich noch heute kompetenten Technischen Support | Sprechen Sie mit einem Experten von GANTNER Instruments f\u00fcr schnelle L\u00f6sungen und zuverl\u00e4ssige Hilfe.\" \/>\n<meta name=\"robots\" content=\"index, follow, max-snippet:-1, max-image-preview:large, max-video-preview:-1\" \/>\n<link rel=\"canonical\" href=\"https:\/\/www.gantner-instruments.com\/de\/experte-fuer-lokalen-support\/\" \/>\n<meta property=\"og:locale\" content=\"de_DE\" \/>\n<meta property=\"og:type\" content=\"article\" \/>\n<meta property=\"og:title\" content=\"Experte f\u00fcr lokalen Support - Gantner Instruments\" \/>\n<meta property=\"og:description\" content=\"Holen Sie sich noch heute kompetenten Technischen Support | Sprechen Sie mit einem Experten von GANTNER Instruments f\u00fcr schnelle L\u00f6sungen und zuverl\u00e4ssige Hilfe.\" \/>\n<meta property=\"og:url\" content=\"https:\/\/www.gantner-instruments.com\/de\/experte-fuer-lokalen-support\/\" \/>\n<meta property=\"og:site_name\" content=\"Gantner Instruments\" \/>\n<meta property=\"article:publisher\" content=\"https:\/\/www.facebook.com\/Gantner.Instruments\/\" \/>\n<meta property=\"article:modified_time\" content=\"2025-07-24T13:17:40+00:00\" \/>\n<meta property=\"og:image\" content=\"https:\/\/www.gantner-instruments.com\/wp-content\/uploads\/2022\/11\/DAQ-Overview_stage-scaled2.jpg\" \/>\n<meta name=\"twitter:card\" content=\"summary_large_image\" \/>\n<meta name=\"twitter:site\" content=\"@gantnerinst\" \/>\n<meta name=\"twitter:label1\" content=\"Gesch\u00e4tzte Lesezeit\" \/>\n\t<meta name=\"twitter:data1\" content=\"1 Minute\" \/>\n<script type=\"application\/ld+json\" class=\"yoast-schema-graph\">{\"@context\":\"https:\\\/\\\/schema.org\",\"@graph\":[{\"@type\":\"WebPage\",\"@id\":\"https:\\\/\\\/www.gantner-instruments.com\\\/de\\\/experte-fuer-lokalen-support\\\/\",\"url\":\"https:\\\/\\\/www.gantner-instruments.com\\\/de\\\/experte-fuer-lokalen-support\\\/\",\"name\":\"Experte f\u00fcr lokalen Support - Gantner Instruments\",\"isPartOf\":{\"@id\":\"https:\\\/\\\/wordpress-113628-2737190.cloudwaysapps.com\\\/#website\"},\"primaryImageOfPage\":{\"@id\":\"https:\\\/\\\/www.gantner-instruments.com\\\/de\\\/experte-fuer-lokalen-support\\\/#primaryimage\"},\"image\":{\"@id\":\"https:\\\/\\\/www.gantner-instruments.com\\\/de\\\/experte-fuer-lokalen-support\\\/#primaryimage\"},\"thumbnailUrl\":\"https:\\\/\\\/www.gantner-instruments.com\\\/wp-content\\\/uploads\\\/2022\\\/11\\\/DAQ-Overview_stage-scaled2.jpg\",\"datePublished\":\"2023-01-25T15:21:01+00:00\",\"dateModified\":\"2025-07-24T13:17:40+00:00\",\"description\":\"Holen Sie sich noch heute kompetenten Technischen Support | Sprechen Sie mit einem Experten von GANTNER Instruments f\u00fcr schnelle L\u00f6sungen und zuverl\u00e4ssige Hilfe.\",\"breadcrumb\":{\"@id\":\"https:\\\/\\\/www.gantner-instruments.com\\\/de\\\/experte-fuer-lokalen-support\\\/#breadcrumb\"},\"inLanguage\":\"de\",\"potentialAction\":[{\"@type\":\"ReadAction\",\"target\":[\"https:\\\/\\\/www.gantner-instruments.com\\\/de\\\/experte-fuer-lokalen-support\\\/\"]}]},{\"@type\":\"ImageObject\",\"inLanguage\":\"de\",\"@id\":\"https:\\\/\\\/www.gantner-instruments.com\\\/de\\\/experte-fuer-lokalen-support\\\/#primaryimage\",\"url\":\"https:\\\/\\\/www.gantner-instruments.com\\\/wp-content\\\/uploads\\\/2022\\\/11\\\/DAQ-Overview_stage-scaled2.jpg\",\"contentUrl\":\"https:\\\/\\\/www.gantner-instruments.com\\\/wp-content\\\/uploads\\\/2022\\\/11\\\/DAQ-Overview_stage-scaled2.jpg\"},{\"@type\":\"BreadcrumbList\",\"@id\":\"https:\\\/\\\/www.gantner-instruments.com\\\/de\\\/experte-fuer-lokalen-support\\\/#breadcrumb\",\"itemListElement\":[{\"@type\":\"ListItem\",\"position\":1,\"name\":\"Home\",\"item\":\"https:\\\/\\\/www.gantner-instruments.com\\\/de\\\/\"},{\"@type\":\"ListItem\",\"position\":2,\"name\":\"Experte f\u00fcr lokalen Support\"}]},{\"@type\":\"WebSite\",\"@id\":\"https:\\\/\\\/wordpress-113628-2737190.cloudwaysapps.com\\\/#website\",\"url\":\"https:\\\/\\\/wordpress-113628-2737190.cloudwaysapps.com\\\/\",\"name\":\"Gantner Instruments\",\"description\":\"\",\"publisher\":{\"@id\":\"https:\\\/\\\/wordpress-113628-2737190.cloudwaysapps.com\\\/#organization\"},\"alternateName\":\"GI\",\"potentialAction\":[{\"@type\":\"SearchAction\",\"target\":{\"@type\":\"EntryPoint\",\"urlTemplate\":\"https:\\\/\\\/wordpress-113628-2737190.cloudwaysapps.com\\\/?s={search_term_string}\"},\"query-input\":{\"@type\":\"PropertyValueSpecification\",\"valueRequired\":true,\"valueName\":\"search_term_string\"}}],\"inLanguage\":\"de\"},{\"@type\":\"Organization\",\"@id\":\"https:\\\/\\\/wordpress-113628-2737190.cloudwaysapps.com\\\/#organization\",\"name\":\"Gantner Instruments\",\"url\":\"https:\\\/\\\/wordpress-113628-2737190.cloudwaysapps.com\\\/\",\"logo\":{\"@type\":\"ImageObject\",\"inLanguage\":\"de\",\"@id\":\"https:\\\/\\\/wordpress-113628-2737190.cloudwaysapps.com\\\/#\\\/schema\\\/logo\\\/image\\\/\",\"url\":\"https:\\\/\\\/www.gantner-instruments.com\\\/wp-content\\\/uploads\\\/2022\\\/08\\\/logowhite.svg\",\"contentUrl\":\"https:\\\/\\\/www.gantner-instruments.com\\\/wp-content\\\/uploads\\\/2022\\\/08\\\/logowhite.svg\",\"width\":151,\"height\":41,\"caption\":\"Gantner Instruments\"},\"image\":{\"@id\":\"https:\\\/\\\/wordpress-113628-2737190.cloudwaysapps.com\\\/#\\\/schema\\\/logo\\\/image\\\/\"},\"sameAs\":[\"https:\\\/\\\/www.facebook.com\\\/Gantner.Instruments\\\/\",\"https:\\\/\\\/x.com\\\/gantnerinst\",\"https:\\\/\\\/www.linkedin.com\\\/company\\\/989261\\\/admin\\\/\",\"https:\\\/\\\/www.youtube.com\\\/channel\\\/UC9uIPaqfz96Iz6ZD2qf89Hw\",\"https:\\\/\\\/www.instagram.com\\\/gantner_instruments\\\/\"]}]}<\/script>\n<!-- \/ Yoast SEO plugin. -->","yoast_head_json":{"title":"Experte f\u00fcr lokalen Support - Gantner Instruments","description":"Holen Sie sich noch heute kompetenten Technischen Support | Sprechen Sie mit einem Experten von GANTNER Instruments f\u00fcr schnelle L\u00f6sungen und zuverl\u00e4ssige Hilfe.","robots":{"index":"index","follow":"follow","max-snippet":"max-snippet:-1","max-image-preview":"max-image-preview:large","max-video-preview":"max-video-preview:-1"},"canonical":"https:\/\/www.gantner-instruments.com\/de\/experte-fuer-lokalen-support\/","og_locale":"de_DE","og_type":"article","og_title":"Experte f\u00fcr lokalen Support - Gantner Instruments","og_description":"Holen Sie sich noch heute kompetenten Technischen Support | Sprechen Sie mit einem Experten von GANTNER Instruments f\u00fcr schnelle L\u00f6sungen und zuverl\u00e4ssige Hilfe.","og_url":"https:\/\/www.gantner-instruments.com\/de\/experte-fuer-lokalen-support\/","og_site_name":"Gantner Instruments","article_publisher":"https:\/\/www.facebook.com\/Gantner.Instruments\/","article_modified_time":"2025-07-24T13:17:40+00:00","og_image":[{"url":"https:\/\/www.gantner-instruments.com\/wp-content\/uploads\/2022\/11\/DAQ-Overview_stage-scaled2.jpg","type":"","width":"","height":""}],"twitter_card":"summary_large_image","twitter_site":"@gantnerinst","twitter_misc":{"Gesch\u00e4tzte Lesezeit":"1 Minute"},"schema":{"@context":"https:\/\/schema.org","@graph":[{"@type":"WebPage","@id":"https:\/\/www.gantner-instruments.com\/de\/experte-fuer-lokalen-support\/","url":"https:\/\/www.gantner-instruments.com\/de\/experte-fuer-lokalen-support\/","name":"Experte f\u00fcr lokalen Support - Gantner Instruments","isPartOf":{"@id":"https:\/\/wordpress-113628-2737190.cloudwaysapps.com\/#website"},"primaryImageOfPage":{"@id":"https:\/\/www.gantner-instruments.com\/de\/experte-fuer-lokalen-support\/#primaryimage"},"image":{"@id":"https:\/\/www.gantner-instruments.com\/de\/experte-fuer-lokalen-support\/#primaryimage"},"thumbnailUrl":"https:\/\/www.gantner-instruments.com\/wp-content\/uploads\/2022\/11\/DAQ-Overview_stage-scaled2.jpg","datePublished":"2023-01-25T15:21:01+00:00","dateModified":"2025-07-24T13:17:40+00:00","description":"Holen Sie sich noch heute kompetenten Technischen Support | Sprechen Sie mit einem Experten von GANTNER Instruments f\u00fcr schnelle L\u00f6sungen und zuverl\u00e4ssige Hilfe.","breadcrumb":{"@id":"https:\/\/www.gantner-instruments.com\/de\/experte-fuer-lokalen-support\/#breadcrumb"},"inLanguage":"de","potentialAction":[{"@type":"ReadAction","target":["https:\/\/www.gantner-instruments.com\/de\/experte-fuer-lokalen-support\/"]}]},{"@type":"ImageObject","inLanguage":"de","@id":"https:\/\/www.gantner-instruments.com\/de\/experte-fuer-lokalen-support\/#primaryimage","url":"https:\/\/www.gantner-instruments.com\/wp-content\/uploads\/2022\/11\/DAQ-Overview_stage-scaled2.jpg","contentUrl":"https:\/\/www.gantner-instruments.com\/wp-content\/uploads\/2022\/11\/DAQ-Overview_stage-scaled2.jpg"},{"@type":"BreadcrumbList","@id":"https:\/\/www.gantner-instruments.com\/de\/experte-fuer-lokalen-support\/#breadcrumb","itemListElement":[{"@type":"ListItem","position":1,"name":"Home","item":"https:\/\/www.gantner-instruments.com\/de\/"},{"@type":"ListItem","position":2,"name":"Experte f\u00fcr lokalen Support"}]},{"@type":"WebSite","@id":"https:\/\/wordpress-113628-2737190.cloudwaysapps.com\/#website","url":"https:\/\/wordpress-113628-2737190.cloudwaysapps.com\/","name":"Gantner Instruments","description":"","publisher":{"@id":"https:\/\/wordpress-113628-2737190.cloudwaysapps.com\/#organization"},"alternateName":"GI","potentialAction":[{"@type":"SearchAction","target":{"@type":"EntryPoint","urlTemplate":"https:\/\/wordpress-113628-2737190.cloudwaysapps.com\/?s={search_term_string}"},"query-input":{"@type":"PropertyValueSpecification","valueRequired":true,"valueName":"search_term_string"}}],"inLanguage":"de"},{"@type":"Organization","@id":"https:\/\/wordpress-113628-2737190.cloudwaysapps.com\/#organization","name":"Gantner Instruments","url":"https:\/\/wordpress-113628-2737190.cloudwaysapps.com\/","logo":{"@type":"ImageObject","inLanguage":"de","@id":"https:\/\/wordpress-113628-2737190.cloudwaysapps.com\/#\/schema\/logo\/image\/","url":"https:\/\/www.gantner-instruments.com\/wp-content\/uploads\/2022\/08\/logowhite.svg","contentUrl":"https:\/\/www.gantner-instruments.com\/wp-content\/uploads\/2022\/08\/logowhite.svg","width":151,"height":41,"caption":"Gantner Instruments"},"image":{"@id":"https:\/\/wordpress-113628-2737190.cloudwaysapps.com\/#\/schema\/logo\/image\/"},"sameAs":["https:\/\/www.facebook.com\/Gantner.Instruments\/","https:\/\/x.com\/gantnerinst","https:\/\/www.linkedin.com\/company\/989261\/admin\/","https:\/\/www.youtube.com\/channel\/UC9uIPaqfz96Iz6ZD2qf89Hw","https:\/\/www.instagram.com\/gantner_instruments\/"]}]}},"_links":{"self":[{"href":"https:\/\/www.gantner-instruments.com\/de\/wp-json\/wp\/v2\/pages\/66997","targetHints":{"allow":["GET"]}}],"collection":[{"href":"https:\/\/www.gantner-instruments.com\/de\/wp-json\/wp\/v2\/pages"}],"about":[{"href":"https:\/\/www.gantner-instruments.com\/de\/wp-json\/wp\/v2\/types\/page"}],"author":[{"embeddable":true,"href":"https:\/\/www.gantner-instruments.com\/de\/wp-json\/wp\/v2\/users\/19"}],"replies":[{"embeddable":true,"href":"https:\/\/www.gantner-instruments.com\/de\/wp-json\/wp\/v2\/comments?post=66997"}],"version-history":[{"count":0,"href":"https:\/\/www.gantner-instruments.com\/de\/wp-json\/wp\/v2\/pages\/66997\/revisions"}],"wp:attachment":[{"href":"https:\/\/www.gantner-instruments.com\/de\/wp-json\/wp\/v2\/media?parent=66997"}],"curies":[{"name":"wp","href":"https:\/\/api.w.org\/{rel}","templated":true}]}}