{"id":65296,"date":"2022-11-16T13:42:51","date_gmt":"2022-11-16T13:42:51","guid":{"rendered":"https:\/\/www.gantner-instruments.com\/support-und-downloads\/"},"modified":"2025-07-24T13:19:17","modified_gmt":"2025-07-24T13:19:17","slug":"support-downloads","status":"publish","type":"page","link":"https:\/\/www.gantner-instruments.com\/de\/support-downloads\/","title":{"rendered":"Support und Downloads"},"content":{"rendered":"\t\t<div data-elementor-type=\"wp-page\" data-elementor-id=\"65296\" class=\"elementor elementor-65296 elementor-39009\" data-elementor-post-type=\"page\">\n\t\t\t\t\t\t<section class=\"elementor-section elementor-top-section elementor-element elementor-element-df04a9b elementor-section-full_width elementor-section-height-full _coverSectionMain elementor-section-height-default elementor-section-items-middle\" data-id=\"df04a9b\" data-element_type=\"section\" data-e-type=\"section\">\n\t\t\t\t\t\t<div class=\"elementor-container elementor-column-gap-default\">\n\t\t\t\t\t<div class=\"elementor-column elementor-col-100 elementor-top-column elementor-element elementor-element-f9a7eaa\" data-id=\"f9a7eaa\" data-element_type=\"column\" data-e-type=\"column\">\n\t\t\t<div class=\"elementor-widget-wrap elementor-element-populated\">\n\t\t\t\t\t\t<section class=\"elementor-section elementor-inner-section elementor-element elementor-element-1454926 elementor-section-full_width elementor-section-height-full elementor-section-height-default\" data-id=\"1454926\" data-element_type=\"section\" data-e-type=\"section\">\n\t\t\t\t\t\t<div class=\"elementor-container elementor-column-gap-default\">\n\t\t\t\t\t<div class=\"elementor-column elementor-col-100 elementor-inner-column elementor-element elementor-element-c61b5a5\" data-id=\"c61b5a5\" data-element_type=\"column\" data-e-type=\"column\">\n\t\t\t<div class=\"elementor-widget-wrap elementor-element-populated\">\n\t\t\t\t\t\t<div class=\"elementor-element elementor-element-568a550 elementor-widget__width-auto elementor-absolute e-transform elementor-widget elementor-widget-heading\" data-id=\"568a550\" data-element_type=\"widget\" data-e-type=\"widget\" data-settings=\"{&quot;_position&quot;:&quot;absolute&quot;,&quot;_transform_rotateZ_effect&quot;:{&quot;unit&quot;:&quot;px&quot;,&quot;size&quot;:-90,&quot;sizes&quot;:[]},&quot;_transform_rotateZ_effect_tablet&quot;:{&quot;unit&quot;:&quot;deg&quot;,&quot;size&quot;:&quot;&quot;,&quot;sizes&quot;:[]},&quot;_transform_rotateZ_effect_mobile&quot;:{&quot;unit&quot;:&quot;deg&quot;,&quot;size&quot;:&quot;&quot;,&quot;sizes&quot;:[]}}\" data-widget_type=\"heading.default\">\n\t\t\t\t<div class=\"elementor-widget-container\">\n\t\t\t\t\t<span class=\"elementor-heading-title elementor-size-default\">Willkommen bei Gantner Instruments<\/span>\t\t\t\t<\/div>\n\t\t\t\t<\/div>\n\t\t\t\t<div class=\"elementor-element elementor-element-c7002f9 elementor-widget elementor-widget-shortcode\" data-id=\"c7002f9\" data-element_type=\"widget\" data-e-type=\"widget\" data-widget_type=\"shortcode.default\">\n\t\t\t\t<div class=\"elementor-widget-container\">\n\t\t\t\t\t\t\t<div class=\"elementor-shortcode\"><div class=\"_fakeShadow\"><div class=\"_fakeShadowWrap\"><\/div><\/div><div class=\"_wholeSliderWrap\"><div class=\"_mainSliderWrap\"><div class=\"_singleSlider\" style=\"background-image: url(https:\/\/www.gantner-instruments.com\/wp-content\/uploads\/2024\/02\/main-image-1_v2_e.jpg)\"><h1>INTUITIVE DATENERFASSUNGSL\u00d6SUNGEN F\u00dcR MODERNE PR\u00dcF- UND MONITORING ANWENDUNGEN<\/h1><\/div><div class=\"_singleSlider\" style=\"background-image: url(https:\/\/www.gantner-instruments.com\/wp-content\/uploads\/2024\/02\/main-image-2_v2_e-scaled.jpg)\"><h2>INTUITIVE DATENERFASSUNGSL\u00d6SUNGEN F\u00dcR MODERNE PR\u00dcF- UND MONITORING ANWENDUNGEN<\/h2><\/div><div class=\"_singleSlider\" style=\"background-image: url(https:\/\/www.gantner-instruments.com\/wp-content\/uploads\/2024\/02\/main-image-3_v2_e-scaled.jpg)\"><h2>INTUITIVE DATENERFASSUNGSL\u00d6SUNGEN F\u00dcR MODERNE PR\u00dcF- UND MONITORING ANWENDUNGEN<\/h2><\/div><\/div><div class=\"_mainSliderNav\"><div class=\"_singleSlider\"><h3>Mehr Leistung und Flexibilit\u00e4t. Bauen Sie sich Ihre ideale L\u00f6sung.<br><br><br><\/h3><div class=\"_bottomWrap\"><p class=\"_desc\">Die Messmodule der Q.series X sind der marktf\u00fchrende, modulare und skalierbare Ansatz f\u00fcr die Datenerfassung. Entwickelt f\u00fcr dauerhafte Leistung und kosteneffiziente Vielseitigkeit.<\/p><img fetchpriority=\"high\" decoding=\"async\" width=\"300\" height=\"201\" src=\"https:\/\/www.gantner-instruments.com\/wp-content\/uploads\/2024\/06\/start-page-qseries-x-box-300x201.png\" class=\"attachment-medium size-medium\" alt=\"Start Page Q.series X Box\" srcset=\"https:\/\/www.gantner-instruments.com\/wp-content\/uploads\/2024\/06\/start-page-qseries-x-box-300x201.png 300w, https:\/\/www.gantner-instruments.com\/wp-content\/uploads\/2024\/06\/start-page-qseries-x-box-768x514.png 768w, https:\/\/www.gantner-instruments.com\/wp-content\/uploads\/2024\/06\/start-page-qseries-x-box.png 800w\" sizes=\"(max-width: 300px) 100vw, 300px\" \/><\/div><\/div><div class=\"_singleSlider\"><h3>Edge-Ger\u00e4te f\u00fcr leistungsstarke \u00dcberwachung und Steuerung, Fernkonfiguration und universelle Konnektivit\u00e4t.<\/h3><div class=\"_bottomWrap\"><p class=\"_desc\">Bereitstellung universeller Konnektivit\u00e4t \u00fcber mehrere Systeme hinweg, zur Fern\u00fcberwachung, -steuerung und -konfiguration. Umwandlung von Rohdaten in vorverarbeitete Informationen zur effizienten Speicherung, Anreicherung und Analyse.<\/p><img decoding=\"async\" width=\"300\" height=\"185\" src=\"https:\/\/www.gantner-instruments.com\/wp-content\/uploads\/2024\/06\/start-page-edge-devices-box-4-300x185.png\" class=\"attachment-medium size-medium\" alt=\"start page edge devices box\" srcset=\"https:\/\/www.gantner-instruments.com\/wp-content\/uploads\/2024\/06\/start-page-edge-devices-box-4-300x185.png 300w, https:\/\/www.gantner-instruments.com\/wp-content\/uploads\/2024\/06\/start-page-edge-devices-box-4-768x474.png 768w, https:\/\/www.gantner-instruments.com\/wp-content\/uploads\/2024\/06\/start-page-edge-devices-box-4-1024x632.png 1024w, https:\/\/www.gantner-instruments.com\/wp-content\/uploads\/2024\/06\/start-page-edge-devices-box-4-1135x700.png 1135w\" sizes=\"(max-width: 300px) 100vw, 300px\" \/><\/div><\/div><div class=\"_singleSlider\"><h3>Der Schl\u00fcssel zu schnelleren Messergebnissen: Unsere offenen und skalierbaren Softwarel\u00f6sungen.<br><br><\/h3><div class=\"_bottomWrap\"><p class=\"_desc\">\u00dcberlegene und skalierbare Plattformen f\u00fcr moderne und robuste Mess- und Regelungsaufgaben. Konfigurieren, betreiben und visualisieren Sie Ihre Daten. Bereiten Sie sie f\u00fcr verteilte Datenverarbeitung und KI-gesteuerte Analysen vor. <\/p><img decoding=\"async\" width=\"300\" height=\"173\" src=\"https:\/\/www.gantner-instruments.com\/wp-content\/uploads\/2023\/07\/GI.bench-Condition-Thresholds-300x173.png\" class=\"attachment-medium size-medium\" alt=\"\" srcset=\"https:\/\/www.gantner-instruments.com\/wp-content\/uploads\/2023\/07\/GI.bench-Condition-Thresholds-300x173.png 300w, https:\/\/www.gantner-instruments.com\/wp-content\/uploads\/2023\/07\/GI.bench-Condition-Thresholds.png 600w\" sizes=\"(max-width: 300px) 100vw, 300px\" \/><\/div><\/div><\/div><\/div><\/div>\n\t\t\t\t\t\t<\/div>\n\t\t\t\t<\/div>\n\t\t\t\t\t<\/div>\n\t\t<\/div>\n\t\t\t\t\t<\/div>\n\t\t<\/section>\n\t\t\t\t\t<\/div>\n\t\t<\/div>\n\t\t\t\t\t<\/div>\n\t\t<\/section>\n\t\t\t\t<section class=\"elementor-section elementor-top-section elementor-element elementor-element-a2ad23b elementor-section-boxed elementor-section-height-default elementor-section-height-default\" data-id=\"a2ad23b\" data-element_type=\"section\" data-e-type=\"section\">\n\t\t\t\t\t\t<div class=\"elementor-container elementor-column-gap-default\">\n\t\t\t\t\t<div class=\"elementor-column elementor-col-100 elementor-top-column elementor-element elementor-element-9964347\" data-id=\"9964347\" data-element_type=\"column\" data-e-type=\"column\">\n\t\t\t<div class=\"elementor-widget-wrap elementor-element-populated\">\n\t\t\t\t\t\t<div class=\"elementor-element elementor-element-c0ccd1c elementor-widget elementor-widget-heading\" data-id=\"c0ccd1c\" data-element_type=\"widget\" data-e-type=\"widget\" data-widget_type=\"heading.default\">\n\t\t\t\t<div class=\"elementor-widget-container\">\n\t\t\t\t\t<h2 class=\"elementor-heading-title elementor-size-default\">Support und Downloads<\/h2>\t\t\t\t<\/div>\n\t\t\t\t<\/div>\n\t\t\t\t<div class=\"elementor-element elementor-element-36ff75c elementor-widget__width-initial elementor-widget elementor-widget-text-editor\" data-id=\"36ff75c\" data-element_type=\"widget\" data-e-type=\"widget\" data-widget_type=\"text-editor.default\">\n\t\t\t\t<div class=\"elementor-widget-container\">\n\t\t\t\t\t\t\t\t\t<div>Gantner Instruments ist ein kundenorientiertes Unternehmen, das alle technischen Herausforderungen im Zusammenhang mit der Digitalisierung physikalischer Gr\u00f6\u00dfen und der effizienten Datenspeicherung und -analyse l\u00f6st, indem es die notwendigen Technologien, Bausteine und Kompetenzen bereitstellt, um Kunden personalisierte L\u00f6sungen zur Generierung von Wissen aus Daten zu bieten.<\/div><div> <\/div><div><span class=\"highlight author-d-iz88z86z86za0dz67zz78zz78zz74zz68zjz80zz71z9iz90za3z66zw7z73zhpz66z3z87zz68z1cm6a0z76z8df1icz89ziz66z5z69zl\" data-highlight-color=\"#D6E8FA\">Erleben Sie mit Gantner den modernen Ansatz der Datenerfassung mit hochwertiger Messhardware, bahnbrechenden Softwarel\u00f6sungen und kostenlosem, qualifiziertem technischen Support ohne Abonnements, propriet\u00e4re Einschr\u00e4nkungen oder unzumutbare Lieferzeiten.<\/span><\/div>\t\t\t\t\t\t\t\t<\/div>\n\t\t\t\t<\/div>\n\t\t\t\t\t<\/div>\n\t\t<\/div>\n\t\t\t\t\t<\/div>\n\t\t<\/section>\n\t\t\t\t<section class=\"elementor-section elementor-top-section elementor-element elementor-element-3862eac6 elementor-section-boxed elementor-section-height-default elementor-section-height-default\" data-id=\"3862eac6\" data-element_type=\"section\" data-e-type=\"section\" data-settings=\"{&quot;background_background&quot;:&quot;classic&quot;}\">\n\t\t\t\t\t\t<div class=\"elementor-container elementor-column-gap-default\">\n\t\t\t\t\t<div class=\"elementor-column elementor-col-100 elementor-top-column elementor-element elementor-element-3e247b7c\" data-id=\"3e247b7c\" data-element_type=\"column\" data-e-type=\"column\">\n\t\t\t<div class=\"elementor-widget-wrap elementor-element-populated\">\n\t\t\t\t\t\t<div class=\"elementor-element elementor-element-327f2fce elementor-widget elementor-widget-heading\" data-id=\"327f2fce\" data-element_type=\"widget\" data-e-type=\"widget\" data-widget_type=\"heading.default\">\n\t\t\t\t<div class=\"elementor-widget-container\">\n\t\t\t\t\t<h3 class=\"elementor-heading-title elementor-size-default\">Kundenstimmen<\/h3>\t\t\t\t<\/div>\n\t\t\t\t<\/div>\n\t\t\t\t<div class=\"elementor-element elementor-element-546320c7 elementor-widget elementor-widget-shortcode\" data-id=\"546320c7\" data-element_type=\"widget\" data-e-type=\"widget\" data-widget_type=\"shortcode.default\">\n\t\t\t\t<div class=\"elementor-widget-container\">\n\t\t\t\t\t\t\t<div class=\"elementor-shortcode\"><div class=\"_testimotionalBlueWrap\"><div class=\"_singleTestimotion\"><div class=\"_content\">\u00ab Wir waren beeindruckt von der hervorragenden Temperaturstabilit\u00e4t, weniger als 0,05 K bei einer Wechseltemperatur von 90 K. Bedingungen: Rante: -25\u00b0C bis +65\u00b0C f\u00fcr 40 h; Messabweichung: 0.044 K \u00bb<\/div><div class=\"_bottomPart\"><p class=\"_name\">FPT Fiat Powertrain Technologies &#8211; Motoren f\u00fcr schwere Nutzfahrzeuge<\/p><\/div><\/div><div class=\"_singleTestimotion\"><div class=\"_content\">\u00ab F\u00fcr unsere zuk\u00fcnftigen Testanlagen ben\u00f6tigen wir Pt100-Sensoren mit einer Temperaturaufl\u00f6sung von 0,02 K. Wir sind uns bewusst, dass nur Gantner Instruments dies auf zuverl\u00e4ssige Weise leisten kann. \u00bb<\/div><div class=\"_bottomPart\"><p class=\"_name\">Mahle Behr &#8211; Fahrzeug-Klimatisierung<\/p><\/div><\/div><div class=\"_singleTestimotion\"><div class=\"_content\">\u00ab Seit vielen Jahren betreiben wir einen A105 CR mit 1500 Kan\u00e4len, der f\u00fcr Temperaturen von 5 K bis 300 K verwendet wird, mit nur 50 nW Anregungsleistung, ohne dass es zu Fehlern kommt. \u00bb<\/div><div class=\"_bottomPart\"><p class=\"_name\">Max-Planck-Institut f\u00fcr Plasmaphysik &#8211; Kernfusionsforschung<\/p><\/div><\/div><div class=\"_singleTestimotion\"><div class=\"_content\">\u00ab Ihre Module sind so extrem gut, besser als das, was wir vorher hatten. Und wir k\u00f6nnen sie problemlos mit EtherCAT integrieren.  \u00bb<\/div><div class=\"_bottomPart\"><p class=\"_name\">Sch\u00e4ffler Gruppe<\/p><\/div><\/div><div class=\"_singleTestimotion\"><div class=\"_content\">\u00ab Wir haben eine flexible und modulare L\u00f6sung gefunden, die unseren Anforderungen entspricht \u00bb<\/div><div class=\"_bottomPart\"><p class=\"_name\">Safran Turbomeca &#8211; Turbotriebwerke<\/p><\/div><\/div><div class=\"_singleTestimotion\"><div class=\"_content\">\u00ab test test \u00bb<\/div><div class=\"_bottomPart\"><p class=\"_name\">Testimonials<\/p><\/div><\/div><div class=\"_singleTestimotion\"><div class=\"_content\">\u00ab <span>Das Angebot von Gantner Instrument und die dazugeh\u00f6rigen Unterlagen<\/span> <span>haben<\/span> <span>den Standard f\u00fcr unsere Erwartungen gesetzt.<\/span> \u00bb<\/div><div class=\"_bottomPart\"><p class=\"_name\">Bombardier<\/p><\/div><\/div><div class=\"_singleTestimotion\"><div class=\"_content\">\u00ab Wir sch\u00e4tzen die schnelle Reaktion und Unterst\u00fctzung von Gantner bei der Entwicklung der L\u00f6sung f\u00fcr unsere Anwendung. \u00bb<\/div><div class=\"_bottomPart\"><p class=\"_name\">GradientWind<\/p><\/div><\/div><div class=\"_singleTestimotion\"><div class=\"_content\">\u00ab Vielen Dank f\u00fcr die Zusammenarbeit mit uns! Mit Ihrer Hilfe und Ihrer Technologie waren wir in der Lage, unsere fr\u00fcheren Datenerfassungssysteme mit besseren Messfunktionen und OPC-UA- und benutzerdefinierten Plugin-Funktionen zu \u00fcberarbeiten.  \u00bb<\/div><div class=\"_bottomPart\"><p class=\"_name\">Chevron<\/p><\/div><\/div><\/div><span class=\"_testiCount\"><span>1<\/span> \/ 9<\/span><\/div>\n\t\t\t\t\t\t<\/div>\n\t\t\t\t<\/div>\n\t\t\t\t\t<\/div>\n\t\t<\/div>\n\t\t\t\t\t<\/div>\n\t\t<\/section>\n\t\t\t\t<section class=\"elementor-section elementor-top-section elementor-element elementor-element-6c78f780 elementor-section-boxed elementor-section-height-default elementor-section-height-default\" data-id=\"6c78f780\" data-element_type=\"section\" data-e-type=\"section\">\n\t\t\t\t\t\t<div class=\"elementor-container elementor-column-gap-default\">\n\t\t\t\t\t<div class=\"elementor-column elementor-col-100 elementor-top-column elementor-element elementor-element-2500efb\" data-id=\"2500efb\" data-element_type=\"column\" data-e-type=\"column\">\n\t\t\t<div class=\"elementor-widget-wrap elementor-element-populated\">\n\t\t\t\t\t\t<div class=\"elementor-element elementor-element-309bfc9b elementor-widget elementor-widget-shortcode\" data-id=\"309bfc9b\" data-element_type=\"widget\" data-e-type=\"widget\" data-widget_type=\"shortcode.default\">\n\t\t\t\t<div class=\"elementor-widget-container\">\n\t\t\t\t\t\t\t<div class=\"elementor-shortcode\"><div class=\"_partnerLogos\"><img loading=\"lazy\" decoding=\"async\" width=\"200\" height=\"37\" src=\"https:\/\/www.gantner-instruments.com\/wp-content\/uploads\/2022\/07\/partner2.svg\" class=\"attachment-thumbnail size-thumbnail\" alt=\"Foss Partner\" \/><img loading=\"lazy\" decoding=\"async\" width=\"224\" height=\"127\" src=\"https:\/\/www.gantner-instruments.com\/wp-content\/uploads\/2022\/07\/partner3.svg\" class=\"attachment-thumbnail size-thumbnail\" alt=\"Tuhh Partner\" \/><img loading=\"lazy\" decoding=\"async\" width=\"102\" height=\"102\" src=\"https:\/\/www.gantner-instruments.com\/wp-content\/uploads\/2022\/07\/partner4.svg\" class=\"attachment-thumbnail size-thumbnail\" alt=\"T\u00dcV Su\u00fcd Partner\" \/><img loading=\"lazy\" decoding=\"async\" width=\"400\" height=\"288\" src=\"https:\/\/www.gantner-instruments.com\/wp-content\/uploads\/2022\/09\/John.svg\" class=\"attachment-thumbnail size-thumbnail\" alt=\"John Deere Partner\" \/><img loading=\"lazy\" decoding=\"async\" width=\"400\" height=\"140\" src=\"https:\/\/www.gantner-instruments.com\/wp-content\/uploads\/2022\/09\/Bosch.svg\" class=\"attachment-thumbnail size-thumbnail\" alt=\"Bosch Partner\" \/><img loading=\"lazy\" decoding=\"async\" width=\"150\" height=\"142\" src=\"https:\/\/www.gantner-instruments.com\/wp-content\/uploads\/2022\/12\/DB-1-150x142.png\" class=\"attachment-thumbnail size-thumbnail\" alt=\"DB logo\" \/><\/div><\/div>\n\t\t\t\t\t\t<\/div>\n\t\t\t\t<\/div>\n\t\t\t\t\t<\/div>\n\t\t<\/div>\n\t\t\t\t\t<\/div>\n\t\t<\/section>\n\t\t\t\t<\/div>\n\t\t","protected":false},"excerpt":{"rendered":"<p>Willkommen bei Gantner Instruments Support und Downloads Gantner Instruments ist ein kundenorientiertes Unternehmen, das alle technischen Herausforderungen im Zusammenhang mit der Digitalisierung physikalischer Gr\u00f6\u00dfen und der effizienten Datenspeicherung und -analyse [&hellip;]<\/p>\n","protected":false},"author":19,"featured_media":0,"parent":0,"menu_order":0,"comment_status":"closed","ping_status":"closed","template":"","meta":{"_acf_changed":false,"footnotes":""},"class_list":["post-65296","page","type-page","status-publish","hentry"],"acf":[],"yoast_head":"<!-- This site is optimized with the Yoast SEO plugin v27.2 - https:\/\/yoast.com\/product\/yoast-seo-wordpress\/ -->\n<title>Support und Downloads - Gantner Instruments<\/title>\n<meta name=\"robots\" content=\"noindex, follow\" \/>\n<meta property=\"og:locale\" content=\"de_DE\" \/>\n<meta property=\"og:type\" content=\"article\" \/>\n<meta property=\"og:title\" content=\"Support und Downloads - Gantner Instruments\" \/>\n<meta property=\"og:description\" content=\"Willkommen bei Gantner Instruments Support und Downloads Gantner Instruments ist ein kundenorientiertes Unternehmen, das alle technischen Herausforderungen im Zusammenhang mit der Digitalisierung physikalischer Gr\u00f6\u00dfen und der effizienten Datenspeicherung und -analyse [&hellip;]\" \/>\n<meta property=\"og:url\" content=\"https:\/\/www.gantner-instruments.com\/de\/support-downloads\/\" \/>\n<meta property=\"og:site_name\" content=\"Gantner Instruments\" \/>\n<meta property=\"article:publisher\" content=\"https:\/\/www.facebook.com\/Gantner.Instruments\/\" \/>\n<meta property=\"article:modified_time\" content=\"2025-07-24T13:19:17+00:00\" \/>\n<meta name=\"twitter:card\" content=\"summary_large_image\" \/>\n<meta name=\"twitter:site\" content=\"@gantnerinst\" \/>\n<script type=\"application\/ld+json\" class=\"yoast-schema-graph\">{\"@context\":\"https:\/\/schema.org\",\"@graph\":[{\"@type\":\"WebPage\",\"@id\":\"https:\/\/www.gantner-instruments.com\/de\/support-downloads\/\",\"url\":\"https:\/\/www.gantner-instruments.com\/de\/support-downloads\/\",\"name\":\"Support und Downloads - Gantner Instruments\",\"isPartOf\":{\"@id\":\"https:\/\/wordpress-113628-2737190.cloudwaysapps.com\/#website\"},\"datePublished\":\"2022-11-16T13:42:51+00:00\",\"dateModified\":\"2025-07-24T13:19:17+00:00\",\"breadcrumb\":{\"@id\":\"https:\/\/www.gantner-instruments.com\/de\/support-downloads\/#breadcrumb\"},\"inLanguage\":\"de\",\"potentialAction\":[{\"@type\":\"ReadAction\",\"target\":[\"https:\/\/www.gantner-instruments.com\/de\/support-downloads\/\"]}]},{\"@type\":\"BreadcrumbList\",\"@id\":\"https:\/\/www.gantner-instruments.com\/de\/support-downloads\/#breadcrumb\",\"itemListElement\":[{\"@type\":\"ListItem\",\"position\":1,\"name\":\"Home\",\"item\":\"https:\/\/www.gantner-instruments.com\/de\/\"},{\"@type\":\"ListItem\",\"position\":2,\"name\":\"Support und Downloads\"}]},{\"@type\":\"WebSite\",\"@id\":\"https:\/\/wordpress-113628-2737190.cloudwaysapps.com\/#website\",\"url\":\"https:\/\/wordpress-113628-2737190.cloudwaysapps.com\/\",\"name\":\"Gantner Instruments\",\"description\":\"\",\"publisher\":{\"@id\":\"https:\/\/wordpress-113628-2737190.cloudwaysapps.com\/#organization\"},\"alternateName\":\"GI\",\"potentialAction\":[{\"@type\":\"SearchAction\",\"target\":{\"@type\":\"EntryPoint\",\"urlTemplate\":\"https:\/\/wordpress-113628-2737190.cloudwaysapps.com\/?s={search_term_string}\"},\"query-input\":{\"@type\":\"PropertyValueSpecification\",\"valueRequired\":true,\"valueName\":\"search_term_string\"}}],\"inLanguage\":\"de\"},{\"@type\":\"Organization\",\"@id\":\"https:\/\/wordpress-113628-2737190.cloudwaysapps.com\/#organization\",\"name\":\"Gantner Instruments\",\"url\":\"https:\/\/wordpress-113628-2737190.cloudwaysapps.com\/\",\"logo\":{\"@type\":\"ImageObject\",\"inLanguage\":\"de\",\"@id\":\"https:\/\/wordpress-113628-2737190.cloudwaysapps.com\/#\/schema\/logo\/image\/\",\"url\":\"https:\/\/www.gantner-instruments.com\/wp-content\/uploads\/2022\/08\/logowhite.svg\",\"contentUrl\":\"https:\/\/www.gantner-instruments.com\/wp-content\/uploads\/2022\/08\/logowhite.svg\",\"width\":151,\"height\":41,\"caption\":\"Gantner Instruments\"},\"image\":{\"@id\":\"https:\/\/wordpress-113628-2737190.cloudwaysapps.com\/#\/schema\/logo\/image\/\"},\"sameAs\":[\"https:\/\/www.facebook.com\/Gantner.Instruments\/\",\"https:\/\/x.com\/gantnerinst\",\"https:\/\/www.linkedin.com\/company\/989261\/admin\/\",\"https:\/\/www.youtube.com\/channel\/UC9uIPaqfz96Iz6ZD2qf89Hw\",\"https:\/\/www.instagram.com\/gantner_instruments\/\"]}]}<\/script>\n<!-- \/ Yoast SEO plugin. -->","yoast_head_json":{"title":"Support und Downloads - Gantner Instruments","robots":{"index":"noindex","follow":"follow"},"og_locale":"de_DE","og_type":"article","og_title":"Support und Downloads - Gantner Instruments","og_description":"Willkommen bei Gantner Instruments Support und Downloads Gantner Instruments ist ein kundenorientiertes Unternehmen, das alle technischen Herausforderungen im Zusammenhang mit der Digitalisierung physikalischer Gr\u00f6\u00dfen und der effizienten Datenspeicherung und -analyse [&hellip;]","og_url":"https:\/\/www.gantner-instruments.com\/de\/support-downloads\/","og_site_name":"Gantner Instruments","article_publisher":"https:\/\/www.facebook.com\/Gantner.Instruments\/","article_modified_time":"2025-07-24T13:19:17+00:00","twitter_card":"summary_large_image","twitter_site":"@gantnerinst","schema":{"@context":"https:\/\/schema.org","@graph":[{"@type":"WebPage","@id":"https:\/\/www.gantner-instruments.com\/de\/support-downloads\/","url":"https:\/\/www.gantner-instruments.com\/de\/support-downloads\/","name":"Support und Downloads - Gantner Instruments","isPartOf":{"@id":"https:\/\/wordpress-113628-2737190.cloudwaysapps.com\/#website"},"datePublished":"2022-11-16T13:42:51+00:00","dateModified":"2025-07-24T13:19:17+00:00","breadcrumb":{"@id":"https:\/\/www.gantner-instruments.com\/de\/support-downloads\/#breadcrumb"},"inLanguage":"de","potentialAction":[{"@type":"ReadAction","target":["https:\/\/www.gantner-instruments.com\/de\/support-downloads\/"]}]},{"@type":"BreadcrumbList","@id":"https:\/\/www.gantner-instruments.com\/de\/support-downloads\/#breadcrumb","itemListElement":[{"@type":"ListItem","position":1,"name":"Home","item":"https:\/\/www.gantner-instruments.com\/de\/"},{"@type":"ListItem","position":2,"name":"Support und Downloads"}]},{"@type":"WebSite","@id":"https:\/\/wordpress-113628-2737190.cloudwaysapps.com\/#website","url":"https:\/\/wordpress-113628-2737190.cloudwaysapps.com\/","name":"Gantner Instruments","description":"","publisher":{"@id":"https:\/\/wordpress-113628-2737190.cloudwaysapps.com\/#organization"},"alternateName":"GI","potentialAction":[{"@type":"SearchAction","target":{"@type":"EntryPoint","urlTemplate":"https:\/\/wordpress-113628-2737190.cloudwaysapps.com\/?s={search_term_string}"},"query-input":{"@type":"PropertyValueSpecification","valueRequired":true,"valueName":"search_term_string"}}],"inLanguage":"de"},{"@type":"Organization","@id":"https:\/\/wordpress-113628-2737190.cloudwaysapps.com\/#organization","name":"Gantner Instruments","url":"https:\/\/wordpress-113628-2737190.cloudwaysapps.com\/","logo":{"@type":"ImageObject","inLanguage":"de","@id":"https:\/\/wordpress-113628-2737190.cloudwaysapps.com\/#\/schema\/logo\/image\/","url":"https:\/\/www.gantner-instruments.com\/wp-content\/uploads\/2022\/08\/logowhite.svg","contentUrl":"https:\/\/www.gantner-instruments.com\/wp-content\/uploads\/2022\/08\/logowhite.svg","width":151,"height":41,"caption":"Gantner Instruments"},"image":{"@id":"https:\/\/wordpress-113628-2737190.cloudwaysapps.com\/#\/schema\/logo\/image\/"},"sameAs":["https:\/\/www.facebook.com\/Gantner.Instruments\/","https:\/\/x.com\/gantnerinst","https:\/\/www.linkedin.com\/company\/989261\/admin\/","https:\/\/www.youtube.com\/channel\/UC9uIPaqfz96Iz6ZD2qf89Hw","https:\/\/www.instagram.com\/gantner_instruments\/"]}]}},"_links":{"self":[{"href":"https:\/\/www.gantner-instruments.com\/de\/wp-json\/wp\/v2\/pages\/65296","targetHints":{"allow":["GET"]}}],"collection":[{"href":"https:\/\/www.gantner-instruments.com\/de\/wp-json\/wp\/v2\/pages"}],"about":[{"href":"https:\/\/www.gantner-instruments.com\/de\/wp-json\/wp\/v2\/types\/page"}],"author":[{"embeddable":true,"href":"https:\/\/www.gantner-instruments.com\/de\/wp-json\/wp\/v2\/users\/19"}],"replies":[{"embeddable":true,"href":"https:\/\/www.gantner-instruments.com\/de\/wp-json\/wp\/v2\/comments?post=65296"}],"version-history":[{"count":0,"href":"https:\/\/www.gantner-instruments.com\/de\/wp-json\/wp\/v2\/pages\/65296\/revisions"}],"wp:attachment":[{"href":"https:\/\/www.gantner-instruments.com\/de\/wp-json\/wp\/v2\/media?parent=65296"}],"curies":[{"name":"wp","href":"https:\/\/api.w.org\/{rel}","templated":true}]}}