{"id":65116,"date":"2022-12-06T14:05:56","date_gmt":"2022-12-06T14:05:56","guid":{"rendered":"https:\/\/www.gantner-instruments.com\/impressum\/"},"modified":"2025-07-24T07:16:30","modified_gmt":"2025-07-24T07:16:30","slug":"impressum","status":"publish","type":"page","link":"https:\/\/www.gantner-instruments.com\/de\/impressum\/","title":{"rendered":"Impressum"},"content":{"rendered":"\t\t<div data-elementor-type=\"wp-page\" data-elementor-id=\"65116\" class=\"elementor elementor-65116 elementor-42268\" data-elementor-post-type=\"page\">\n\t\t\t\t\t\t<section class=\"elementor-section elementor-top-section elementor-element elementor-element-367cc4e elementor-section-full_width elementor-section-height-full _coverSection _medium elementor-section-height-default elementor-section-items-middle\" data-id=\"367cc4e\" data-element_type=\"section\" data-e-type=\"section\">\n\t\t\t\t\t\t<div class=\"elementor-container elementor-column-gap-default\">\n\t\t\t\t\t<div class=\"elementor-column elementor-col-100 elementor-top-column elementor-element elementor-element-0428354\" data-id=\"0428354\" data-element_type=\"column\" data-e-type=\"column\">\n\t\t\t<div class=\"elementor-widget-wrap elementor-element-populated\">\n\t\t\t\t\t\t<section class=\"elementor-section elementor-inner-section elementor-element elementor-element-e5cd81a elementor-section-full_width elementor-section-height-full elementor-section-height-default\" data-id=\"e5cd81a\" data-element_type=\"section\" data-e-type=\"section\">\n\t\t\t\t\t\t<div class=\"elementor-container elementor-column-gap-default\">\n\t\t\t\t\t<div class=\"elementor-column elementor-col-100 elementor-inner-column elementor-element elementor-element-952df6e\" data-id=\"952df6e\" data-element_type=\"column\" data-e-type=\"column\" data-settings=\"{&quot;background_background&quot;:&quot;classic&quot;}\">\n\t\t\t<div class=\"elementor-widget-wrap elementor-element-populated\">\n\t\t\t\t\t\t<div class=\"elementor-element elementor-element-4b80938 elementor-widget__width-initial elementor-widget elementor-widget-heading\" data-id=\"4b80938\" data-element_type=\"widget\" data-e-type=\"widget\" data-widget_type=\"heading.default\">\n\t\t\t\t<div class=\"elementor-widget-container\">\n\t\t\t\t\t<h1 class=\"elementor-heading-title elementor-size-default\">Impressum<\/h1>\t\t\t\t<\/div>\n\t\t\t\t<\/div>\n\t\t\t\t<div class=\"elementor-element elementor-element-5d91701 elementor-absolute _imageWithShadow elementor-widget elementor-widget-image\" data-id=\"5d91701\" data-element_type=\"widget\" data-e-type=\"widget\" data-settings=\"{&quot;_position&quot;:&quot;absolute&quot;}\" data-widget_type=\"image.default\">\n\t\t\t\t<div class=\"elementor-widget-container\">\n\t\t\t\t\t\t\t\t\t\t\t\t\t\t\t<img fetchpriority=\"high\" decoding=\"async\" width=\"2048\" height=\"1365\" src=\"https:\/\/www.gantner-instruments.com\/wp-content\/uploads\/2022\/12\/DSC01168.jpg\" class=\"attachment-2048x2048 size-2048x2048 wp-image-48259\" alt=\"\" \/>\t\t\t\t\t\t\t\t\t\t\t\t\t\t\t<\/div>\n\t\t\t\t<\/div>\n\t\t\t\t\t<\/div>\n\t\t<\/div>\n\t\t\t\t\t<\/div>\n\t\t<\/section>\n\t\t\t\t\t<\/div>\n\t\t<\/div>\n\t\t\t\t\t<\/div>\n\t\t<\/section>\n\t\t\t\t<section class=\"elementor-section elementor-top-section elementor-element elementor-element-2059642 elementor-section-boxed elementor-section-height-default elementor-section-height-default\" data-id=\"2059642\" data-element_type=\"section\" data-e-type=\"section\">\n\t\t\t\t\t\t<div class=\"elementor-container elementor-column-gap-default\">\n\t\t\t\t\t<div class=\"elementor-column elementor-col-100 elementor-top-column elementor-element elementor-element-f121547\" data-id=\"f121547\" data-element_type=\"column\" data-e-type=\"column\">\n\t\t\t<div class=\"elementor-widget-wrap elementor-element-populated\">\n\t\t\t\t\t\t<div class=\"elementor-element elementor-element-5ec49b9 elementor-widget elementor-widget-text-editor\" data-id=\"5ec49b9\" data-element_type=\"widget\" data-e-type=\"widget\" data-widget_type=\"text-editor.default\">\n\t\t\t\t<div class=\"elementor-widget-container\">\n\t\t\t\t\t\t\t\t\t<h1 class=\"adsimple-122923263\">Rechtlicher Hinweis<\/h1><p class=\"adsimple-122923263\">Informationen \u00fcber den Dienstanbieter.<\/p><p><strong>Gantner Instruments<\/strong><\/p><p class=\"adsimple-122923263\">Montafonerstrasse 4, <br>6780 Schruns, <br>\u00d6sterreich<\/p><p><strong>Tel. Nummer:<\/strong> +43 5556 774630<br><strong> E-Mail:<\/strong> <\/p><ul><li><strong>Bestellungen und Angebote<\/strong>: <a href=\"mailto:order@gantner-instruments.com\">order@gantner-instruments.com<\/a><\/li><li><strong>Rechnungen<\/strong>: <a href=\"mailto:invoice@gantner-instruments.com\">invoice@gantner-instruments.com<\/a><\/li><li><strong>Allgemeine Anfragen<\/strong>: <a href=\"mailto:office@gantner-instruments.com\">office@gantner-instruments.com<\/a><\/li><\/ul><div style=\"display: none;\"> <\/div><p><strong>Handelsregisternummer:<\/strong> FN245174a<br><strong>Handelsregistergericht:<\/strong> LG Feldkirch<br><strong>Eingetragener Firmensitz:<\/strong> 6780 Schruns<br><strong>Gesch\u00e4ftszweck:<\/strong> Entwicklung, Herstellung und Vertrieb von Mess- und Pr\u00fcftechnik<br><strong>Umsatzsteuer-Identifikationsnummer:<\/strong> ATU57733723<br><strong>GLN (Global Location Number):<\/strong> 9110016632070<br><strong>GISA (Wirtschaftsinformationssystem \u00d6sterreich):<\/strong> 30201361, 30201408<br> <strong> Mitglied von:<\/strong> WKO Vorarlberg<br> <strong> Berufsrecht:<\/strong> Allg. Lieferbedingungen der Elektro- und Elektronikindustrie <\/p><div style=\"display: none;\"> <\/div><p><strong>  Aufsichtsbeh\u00f6rde:<\/strong><\/p><p>BH Bludenz<br>Schluss-Gayenhofenplatz 2<br>6700 Bludenz<br><strong>Website:<\/strong> vorarlberg.at\/-\/bh-bludenz<\/p><div style=\"display: none;\"> <\/div><p><strong>Bewilligender Staat:<\/strong> \u00d6sterreich<\/p><div style=\"display: none;\"> <\/div><p><strong>Vorstandsvorsitzender:<\/strong> Werner Ganahl<\/p><p><strong>Verantwortlicher f\u00fcr den Datenschutz<\/strong><\/p><p>Rene Gruber<br>datenschutz@gantner-instruments.com<br>Montafonerstra\u00dfe 4<br>6780 Schruns \/ \u00d6sterreich<br><strong>Email:<\/strong> <a href=\"mailto:datenschutz@gantner-instruments.com\">datenschutz@gantner-instruments.com<\/a><\/p><p><strong>Telefonnummer:<\/strong> 05556 774630<br><strong>Impressum: https:<\/strong> <a href=\"https:\/\/www.gantner-instruments.com\/imprint\/\" target=\"_blank\" rel=\"noopener\">\/\/www.gantner-instruments.com\/imprint\/<\/a><\/p><div style=\"display: none;\"> <\/div><div style=\"display: none;\"> <\/div><div style=\"display: none;\"> <\/div><div style=\"display: none;\"> <\/div><h2 id=\"eu-streitschlichtung\" class=\"adsimple-122923263 fusion-responsive-typography-calculated\" style=\"--fontsize: 24; line-height: 1.5; --minfontsize: 24;\" data-fontsize=\"24\" data-lineheight=\"36px\">EU-Streitbeilegung<\/h2><p class=\"adsimple-122923263\">Wir m\u00f6chten Sie \u00fcber die Plattform zur Online-Streitbeilegung (ODR-Plattform) gem\u00e4\u00df der Verordnung \u00fcber die Online-Streitbeilegung in Verbraucherangelegenheiten (ODR-Verordnung) informieren.<br>Verbraucher haben die M\u00f6glichkeit, Beschwerden bei der Plattform zur Online-Streitbeilegung der Europ\u00e4ischen Kommission unter <a class=\"adsimple-122923263\" href=\"https:\/\/ec.europa.eu\/consumers\/odr\/main\/?event=main.home2.show\" target=\"_blank\" rel=\"follow noopener\">https:\/\/ec.europa.eu\/consumers\/odr\/main\/?event=main.home2.show einzureichen .<\/a> Die notwendigen Kontaktdaten finden Sie in unserem Impressum oben. <\/p><p class=\"adsimple-122923263\">Wir m\u00f6chten jedoch darauf hinweisen, dass wir nicht bereit oder verpflichtet sind, an Streitbeilegungsverfahren vor einer Verbraucherschlichtungsstelle teilzunehmen.<\/p><p>Alle Texte sind urheberrechtlich gesch\u00fctzt.<\/p>\t\t\t\t\t\t\t\t<\/div>\n\t\t\t\t<\/div>\n\t\t\t\t\t<\/div>\n\t\t<\/div>\n\t\t\t\t\t<\/div>\n\t\t<\/section>\n\t\t\t\t<\/div>\n\t\t","protected":false},"excerpt":{"rendered":"<p>Impressum Rechtlicher Hinweis Informationen \u00fcber den Dienstanbieter. Gantner Instruments Montafonerstrasse 4, 6780 Schruns, \u00d6sterreich Tel. Nummer: +43 5556 774630 E-Mail: Bestellungen und Angebote: order@gantner-instruments.com Rechnungen: invoice@gantner-instruments.com Allgemeine Anfragen: office@gantner-instruments.com Handelsregisternummer: [&hellip;]<\/p>\n","protected":false},"author":19,"featured_media":48259,"parent":0,"menu_order":1,"comment_status":"closed","ping_status":"closed","template":"","meta":{"_acf_changed":false,"footnotes":""},"class_list":["post-65116","page","type-page","status-publish","has-post-thumbnail","hentry"],"acf":[],"yoast_head":"<!-- This site is optimized with the Yoast SEO plugin v27.3 - https:\/\/yoast.com\/product\/yoast-seo-wordpress\/ -->\n<title>Impressum - Gantner Instruments<\/title>\n<meta name=\"description\" content=\"Gantner Instruments&#039; Impressum: transparente und umfassende Informationen \u00fcber unser Unternehmen. Erfahren Sie mehr \u00fcber unsere Werte und unser Engagement.\" \/>\n<meta name=\"robots\" content=\"index, follow, max-snippet:-1, max-image-preview:large, max-video-preview:-1\" \/>\n<link rel=\"canonical\" href=\"https:\/\/www.gantner-instruments.com\/de\/impressum\/\" \/>\n<meta property=\"og:locale\" content=\"de_DE\" \/>\n<meta property=\"og:type\" content=\"article\" \/>\n<meta property=\"og:title\" content=\"Impressum - Gantner Instruments\" \/>\n<meta property=\"og:description\" content=\"Gantner Instruments&#039; Impressum: transparente und umfassende Informationen \u00fcber unser Unternehmen. Erfahren Sie mehr \u00fcber unsere Werte und unser Engagement.\" \/>\n<meta property=\"og:url\" content=\"https:\/\/www.gantner-instruments.com\/de\/impressum\/\" \/>\n<meta property=\"og:site_name\" content=\"Gantner Instruments\" \/>\n<meta property=\"article:publisher\" content=\"https:\/\/www.facebook.com\/Gantner.Instruments\/\" \/>\n<meta property=\"article:modified_time\" content=\"2025-07-24T07:16:30+00:00\" \/>\n<meta property=\"og:image\" content=\"https:\/\/www.gantner-instruments.com\/wp-content\/uploads\/2022\/12\/DSC01168.jpg\" \/>\n\t<meta property=\"og:image:width\" content=\"2560\" \/>\n\t<meta property=\"og:image:height\" content=\"1706\" \/>\n\t<meta property=\"og:image:type\" content=\"image\/jpeg\" \/>\n<meta name=\"twitter:card\" content=\"summary_large_image\" \/>\n<meta name=\"twitter:site\" content=\"@gantnerinst\" \/>\n<meta name=\"twitter:label1\" content=\"Gesch\u00e4tzte Lesezeit\" \/>\n\t<meta name=\"twitter:data1\" content=\"2 Minute\" \/>\n<script type=\"application\/ld+json\" class=\"yoast-schema-graph\">{\"@context\":\"https:\\\/\\\/schema.org\",\"@graph\":[{\"@type\":\"WebPage\",\"@id\":\"https:\\\/\\\/www.gantner-instruments.com\\\/de\\\/impressum\\\/\",\"url\":\"https:\\\/\\\/www.gantner-instruments.com\\\/de\\\/impressum\\\/\",\"name\":\"Impressum - Gantner Instruments\",\"isPartOf\":{\"@id\":\"https:\\\/\\\/wordpress-113628-2737190.cloudwaysapps.com\\\/#website\"},\"primaryImageOfPage\":{\"@id\":\"https:\\\/\\\/www.gantner-instruments.com\\\/de\\\/impressum\\\/#primaryimage\"},\"image\":{\"@id\":\"https:\\\/\\\/www.gantner-instruments.com\\\/de\\\/impressum\\\/#primaryimage\"},\"thumbnailUrl\":\"https:\\\/\\\/www.gantner-instruments.com\\\/wp-content\\\/uploads\\\/2022\\\/12\\\/DSC01168.jpg\",\"datePublished\":\"2022-12-06T14:05:56+00:00\",\"dateModified\":\"2025-07-24T07:16:30+00:00\",\"description\":\"Gantner Instruments' Impressum: transparente und umfassende Informationen \u00fcber unser Unternehmen. Erfahren Sie mehr \u00fcber unsere Werte und unser Engagement.\",\"breadcrumb\":{\"@id\":\"https:\\\/\\\/www.gantner-instruments.com\\\/de\\\/impressum\\\/#breadcrumb\"},\"inLanguage\":\"de\",\"potentialAction\":[{\"@type\":\"ReadAction\",\"target\":[\"https:\\\/\\\/www.gantner-instruments.com\\\/de\\\/impressum\\\/\"]}]},{\"@type\":\"ImageObject\",\"inLanguage\":\"de\",\"@id\":\"https:\\\/\\\/www.gantner-instruments.com\\\/de\\\/impressum\\\/#primaryimage\",\"url\":\"https:\\\/\\\/www.gantner-instruments.com\\\/wp-content\\\/uploads\\\/2022\\\/12\\\/DSC01168.jpg\",\"contentUrl\":\"https:\\\/\\\/www.gantner-instruments.com\\\/wp-content\\\/uploads\\\/2022\\\/12\\\/DSC01168.jpg\",\"width\":2560,\"height\":1706},{\"@type\":\"BreadcrumbList\",\"@id\":\"https:\\\/\\\/www.gantner-instruments.com\\\/de\\\/impressum\\\/#breadcrumb\",\"itemListElement\":[{\"@type\":\"ListItem\",\"position\":1,\"name\":\"Home\",\"item\":\"https:\\\/\\\/www.gantner-instruments.com\\\/de\\\/\"},{\"@type\":\"ListItem\",\"position\":2,\"name\":\"Impressum\"}]},{\"@type\":\"WebSite\",\"@id\":\"https:\\\/\\\/wordpress-113628-2737190.cloudwaysapps.com\\\/#website\",\"url\":\"https:\\\/\\\/wordpress-113628-2737190.cloudwaysapps.com\\\/\",\"name\":\"Gantner Instruments\",\"description\":\"\",\"publisher\":{\"@id\":\"https:\\\/\\\/wordpress-113628-2737190.cloudwaysapps.com\\\/#organization\"},\"alternateName\":\"GI\",\"potentialAction\":[{\"@type\":\"SearchAction\",\"target\":{\"@type\":\"EntryPoint\",\"urlTemplate\":\"https:\\\/\\\/wordpress-113628-2737190.cloudwaysapps.com\\\/?s={search_term_string}\"},\"query-input\":{\"@type\":\"PropertyValueSpecification\",\"valueRequired\":true,\"valueName\":\"search_term_string\"}}],\"inLanguage\":\"de\"},{\"@type\":\"Organization\",\"@id\":\"https:\\\/\\\/wordpress-113628-2737190.cloudwaysapps.com\\\/#organization\",\"name\":\"Gantner Instruments\",\"url\":\"https:\\\/\\\/wordpress-113628-2737190.cloudwaysapps.com\\\/\",\"logo\":{\"@type\":\"ImageObject\",\"inLanguage\":\"de\",\"@id\":\"https:\\\/\\\/wordpress-113628-2737190.cloudwaysapps.com\\\/#\\\/schema\\\/logo\\\/image\\\/\",\"url\":\"https:\\\/\\\/www.gantner-instruments.com\\\/wp-content\\\/uploads\\\/2022\\\/08\\\/logowhite.svg\",\"contentUrl\":\"https:\\\/\\\/www.gantner-instruments.com\\\/wp-content\\\/uploads\\\/2022\\\/08\\\/logowhite.svg\",\"width\":151,\"height\":41,\"caption\":\"Gantner Instruments\"},\"image\":{\"@id\":\"https:\\\/\\\/wordpress-113628-2737190.cloudwaysapps.com\\\/#\\\/schema\\\/logo\\\/image\\\/\"},\"sameAs\":[\"https:\\\/\\\/www.facebook.com\\\/Gantner.Instruments\\\/\",\"https:\\\/\\\/x.com\\\/gantnerinst\",\"https:\\\/\\\/www.linkedin.com\\\/company\\\/989261\\\/admin\\\/\",\"https:\\\/\\\/www.youtube.com\\\/channel\\\/UC9uIPaqfz96Iz6ZD2qf89Hw\",\"https:\\\/\\\/www.instagram.com\\\/gantner_instruments\\\/\"]}]}<\/script>\n<!-- \/ Yoast SEO plugin. -->","yoast_head_json":{"title":"Impressum - Gantner Instruments","description":"Gantner Instruments' Impressum: transparente und umfassende Informationen \u00fcber unser Unternehmen. Erfahren Sie mehr \u00fcber unsere Werte und unser Engagement.","robots":{"index":"index","follow":"follow","max-snippet":"max-snippet:-1","max-image-preview":"max-image-preview:large","max-video-preview":"max-video-preview:-1"},"canonical":"https:\/\/www.gantner-instruments.com\/de\/impressum\/","og_locale":"de_DE","og_type":"article","og_title":"Impressum - Gantner Instruments","og_description":"Gantner Instruments' Impressum: transparente und umfassende Informationen \u00fcber unser Unternehmen. Erfahren Sie mehr \u00fcber unsere Werte und unser Engagement.","og_url":"https:\/\/www.gantner-instruments.com\/de\/impressum\/","og_site_name":"Gantner Instruments","article_publisher":"https:\/\/www.facebook.com\/Gantner.Instruments\/","article_modified_time":"2025-07-24T07:16:30+00:00","og_image":[{"width":2560,"height":1706,"url":"https:\/\/www.gantner-instruments.com\/wp-content\/uploads\/2022\/12\/DSC01168.jpg","type":"image\/jpeg"}],"twitter_card":"summary_large_image","twitter_site":"@gantnerinst","twitter_misc":{"Gesch\u00e4tzte Lesezeit":"2 Minute"},"schema":{"@context":"https:\/\/schema.org","@graph":[{"@type":"WebPage","@id":"https:\/\/www.gantner-instruments.com\/de\/impressum\/","url":"https:\/\/www.gantner-instruments.com\/de\/impressum\/","name":"Impressum - Gantner Instruments","isPartOf":{"@id":"https:\/\/wordpress-113628-2737190.cloudwaysapps.com\/#website"},"primaryImageOfPage":{"@id":"https:\/\/www.gantner-instruments.com\/de\/impressum\/#primaryimage"},"image":{"@id":"https:\/\/www.gantner-instruments.com\/de\/impressum\/#primaryimage"},"thumbnailUrl":"https:\/\/www.gantner-instruments.com\/wp-content\/uploads\/2022\/12\/DSC01168.jpg","datePublished":"2022-12-06T14:05:56+00:00","dateModified":"2025-07-24T07:16:30+00:00","description":"Gantner Instruments' Impressum: transparente und umfassende Informationen \u00fcber unser Unternehmen. Erfahren Sie mehr \u00fcber unsere Werte und unser Engagement.","breadcrumb":{"@id":"https:\/\/www.gantner-instruments.com\/de\/impressum\/#breadcrumb"},"inLanguage":"de","potentialAction":[{"@type":"ReadAction","target":["https:\/\/www.gantner-instruments.com\/de\/impressum\/"]}]},{"@type":"ImageObject","inLanguage":"de","@id":"https:\/\/www.gantner-instruments.com\/de\/impressum\/#primaryimage","url":"https:\/\/www.gantner-instruments.com\/wp-content\/uploads\/2022\/12\/DSC01168.jpg","contentUrl":"https:\/\/www.gantner-instruments.com\/wp-content\/uploads\/2022\/12\/DSC01168.jpg","width":2560,"height":1706},{"@type":"BreadcrumbList","@id":"https:\/\/www.gantner-instruments.com\/de\/impressum\/#breadcrumb","itemListElement":[{"@type":"ListItem","position":1,"name":"Home","item":"https:\/\/www.gantner-instruments.com\/de\/"},{"@type":"ListItem","position":2,"name":"Impressum"}]},{"@type":"WebSite","@id":"https:\/\/wordpress-113628-2737190.cloudwaysapps.com\/#website","url":"https:\/\/wordpress-113628-2737190.cloudwaysapps.com\/","name":"Gantner Instruments","description":"","publisher":{"@id":"https:\/\/wordpress-113628-2737190.cloudwaysapps.com\/#organization"},"alternateName":"GI","potentialAction":[{"@type":"SearchAction","target":{"@type":"EntryPoint","urlTemplate":"https:\/\/wordpress-113628-2737190.cloudwaysapps.com\/?s={search_term_string}"},"query-input":{"@type":"PropertyValueSpecification","valueRequired":true,"valueName":"search_term_string"}}],"inLanguage":"de"},{"@type":"Organization","@id":"https:\/\/wordpress-113628-2737190.cloudwaysapps.com\/#organization","name":"Gantner Instruments","url":"https:\/\/wordpress-113628-2737190.cloudwaysapps.com\/","logo":{"@type":"ImageObject","inLanguage":"de","@id":"https:\/\/wordpress-113628-2737190.cloudwaysapps.com\/#\/schema\/logo\/image\/","url":"https:\/\/www.gantner-instruments.com\/wp-content\/uploads\/2022\/08\/logowhite.svg","contentUrl":"https:\/\/www.gantner-instruments.com\/wp-content\/uploads\/2022\/08\/logowhite.svg","width":151,"height":41,"caption":"Gantner Instruments"},"image":{"@id":"https:\/\/wordpress-113628-2737190.cloudwaysapps.com\/#\/schema\/logo\/image\/"},"sameAs":["https:\/\/www.facebook.com\/Gantner.Instruments\/","https:\/\/x.com\/gantnerinst","https:\/\/www.linkedin.com\/company\/989261\/admin\/","https:\/\/www.youtube.com\/channel\/UC9uIPaqfz96Iz6ZD2qf89Hw","https:\/\/www.instagram.com\/gantner_instruments\/"]}]}},"_links":{"self":[{"href":"https:\/\/www.gantner-instruments.com\/de\/wp-json\/wp\/v2\/pages\/65116","targetHints":{"allow":["GET"]}}],"collection":[{"href":"https:\/\/www.gantner-instruments.com\/de\/wp-json\/wp\/v2\/pages"}],"about":[{"href":"https:\/\/www.gantner-instruments.com\/de\/wp-json\/wp\/v2\/types\/page"}],"author":[{"embeddable":true,"href":"https:\/\/www.gantner-instruments.com\/de\/wp-json\/wp\/v2\/users\/19"}],"replies":[{"embeddable":true,"href":"https:\/\/www.gantner-instruments.com\/de\/wp-json\/wp\/v2\/comments?post=65116"}],"version-history":[{"count":0,"href":"https:\/\/www.gantner-instruments.com\/de\/wp-json\/wp\/v2\/pages\/65116\/revisions"}],"wp:featuredmedia":[{"embeddable":true,"href":"https:\/\/www.gantner-instruments.com\/de\/wp-json\/wp\/v2\/media\/48259"}],"wp:attachment":[{"href":"https:\/\/www.gantner-instruments.com\/de\/wp-json\/wp\/v2\/media?parent=65116"}],"curies":[{"name":"wp","href":"https:\/\/api.w.org\/{rel}","templated":true}]}}